{"id":54017,"date":"2025-07-30T15:14:08","date_gmt":"2025-07-30T14:14:08","guid":{"rendered":"https:\/\/pracek.si\/racunalniskatrgovina\/?post_type=product&#038;p=54017"},"modified":"2025-07-30T15:17:27","modified_gmt":"2025-07-30T14:17:27","slug":"dc-jack-za-thinkpad-t440p-t440-dc30100kz00-04x5443","status":"publish","type":"product","link":"https:\/\/pracek.si\/racunalniskatrgovina\/izdelek\/dc-jack-za-thinkpad-t440p-t440-dc30100kz00-04x5443\/","title":{"rendered":"DC Jack za ThinkPad T440P T440 DC30100KZ00 04X5443"},"content":{"rendered":"<p>Izbolj\u0161ajte napajalno povezljivost va\u0161ega ThinkPad T440P z DC Jackom za ThinkPad T440P T440 DC30100KZ00 04X5443. Zasnovan za zagotavljanje zanesljive napajalne povezave, ta originalni priklju\u010dek DC zagotavlja brezhibno integracijo in zanesljivo polnjenje va\u0161ega prenosnika.<\/p>\n<p>Ta vti\u010dnica DC, izdelana za ThinkPad T440P, izpolnjuje najvi\u0161je standarde kakovosti. Je bistvena komponenta, ki va\u0161 prenosnik pove\u017ee z napajalnikom, kar omogo\u010da u\u010dinkovito polnjenje in delovanje. \u010ce imate te\u017eave z napajalno povezavo, lahko zamenjava vti\u010dnice DC pomaga obnoviti funkcionalnost va\u0161ega prenosnika.<\/p>\n<p>Namestitev je enostavna zahvaljujo\u010d zdru\u017eljivosti z modelom ThinkPad T440P. Z izbiro pristnih delov Lenovo vlagate v kakovost in zanesljivost napajalne povezave va\u0161ega prenosnika.<\/p>\n<p>Zagotovite, da va\u0161 ThinkPad T440P prejme zanesljivo napajanje z vti\u010dnico DC za ThinkPad T440P T440 DC30100KZ00 04X5443. U\u017eivajte v nemoteni uporabi prenosnega ra\u010dunalnika in u\u010dinkovitem polnjenju, tako da bo va\u0161 prenosnik napolnjen, ko ga najbolj potrebujete.<\/p>\n<p>Pred nakupom preverite zdru\u017eljivost z va\u0161im modelom ThinkPad T440P.<\/p>\n","protected":false},"excerpt":{"rendered":"<p>Izbolj\u0161ajte napajalno povezljivost va\u0161ega ThinkPad T440P z DC Jackom za ThinkPad T440P T440 DC30100KZ00 04X5443. Poskrbite za zanesljivo polnjenje in nemoteno uporabo prenosnika.<\/p>\n","protected":false},"featured_media":40813,"template":"","meta":[],"product_brand":[],"product_cat":[2062],"product_tag":[2061,1818],"class_list":{"0":"post-54017","1":"product","2":"type-product","3":"status-publish","4":"has-post-thumbnail","6":"product_cat-maticne-plosce-in-deli-plosc","7":"product_tag-lenovo","8":"product_tag-rezervni-deli","10":"first","11":"instock","12":"taxable","13":"shipping-taxable","14":"purchasable","15":"product-type-simple"},"_links":{"self":[{"href":"https:\/\/pracek.si\/racunalniskatrgovina\/wp-json\/wp\/v2\/product\/54017","targetHints":{"allow":["GET"]}}],"collection":[{"href":"https:\/\/pracek.si\/racunalniskatrgovina\/wp-json\/wp\/v2\/product"}],"about":[{"href":"https:\/\/pracek.si\/racunalniskatrgovina\/wp-json\/wp\/v2\/types\/product"}],"version-history":[{"count":0,"href":"https:\/\/pracek.si\/racunalniskatrgovina\/wp-json\/wp\/v2\/product\/54017\/revisions"}],"wp:featuredmedia":[{"embeddable":true,"href":"https:\/\/pracek.si\/racunalniskatrgovina\/wp-json\/wp\/v2\/media\/40813"}],"wp:attachment":[{"href":"https:\/\/pracek.si\/racunalniskatrgovina\/wp-json\/wp\/v2\/media?parent=54017"}],"wp:term":[{"taxonomy":"product_brand","embeddable":true,"href":"https:\/\/pracek.si\/racunalniskatrgovina\/wp-json\/wp\/v2\/product_brand?post=54017"},{"taxonomy":"product_cat","embeddable":true,"href":"https:\/\/pracek.si\/racunalniskatrgovina\/wp-json\/wp\/v2\/product_cat?post=54017"},{"taxonomy":"product_tag","embeddable":true,"href":"https:\/\/pracek.si\/racunalniskatrgovina\/wp-json\/wp\/v2\/product_tag?post=54017"}],"curies":[{"name":"wp","href":"https:\/\/api.w.org\/{rel}","templated":true}]}}