{"id":54040,"date":"2025-07-30T15:15:43","date_gmt":"2025-07-30T14:15:43","guid":{"rendered":"https:\/\/pracek.si\/racunalniskatrgovina\/?post_type=product&#038;p=54040"},"modified":"2025-07-30T15:18:49","modified_gmt":"2025-07-30T14:18:49","slug":"hrbtni-pokrov-hp-elitebook-840-g1-14-lcd-730949-001-m164","status":"publish","type":"product","link":"https:\/\/pracek.si\/racunalniskatrgovina\/izdelek\/hrbtni-pokrov-hp-elitebook-840-g1-14-lcd-730949-001-m164\/","title":{"rendered":"Hrbtni pokrov HP EliteBook 840 G1 14&#8243; LCD 730949-001 m164"},"content":{"rendered":"<p>Izbolj\u0161ajte videz in za\u0161\u010dito svojega prenosnika HP EliteBook 840 G1 s 14-pal\u010dnim hrbtnim pokrovom LCD (730949-001 m164). Ta originalni zadnji pokrov, zasnovan tako, da se brezhibno prilega va\u0161emu prenosniku, zagotavlja stil in vzdr\u017eljivost ter zagotavlja, da bo va\u0161 prenosnik ostal za\u0161\u010diten, medtem ko je eleganten in profesionalen.<\/p>\n<p>Ta zadnji pokrov, ki ga proizvaja HP, zaupanja vredno ime na podro\u010dju ra\u010dunalni\u0161ke tehnologije, je zasnovan posebej za EliteBook 840 G1. Ima 14-pal\u010dni izrez LCD zaslona, ki zagotavlja natan\u010dno prileganje zaslonu va\u0161ega prenosnika. Zadnji pokrov je izdelan iz visokokakovostnih materialov, ki vzdr\u017ei vsakodnevno uporabo in \u0161\u010diti va\u0161 prenosnik pred manj\u0161imi udarci in praskami.<\/p>\n<p>Zamenjava zadnjega pokrova je preprost postopek. Z izbiro pristnega HP-jevega dela vlagate v kakovost in zdru\u017eljivost, ki si jo va\u0161 prenosnik zaslu\u017ei.<\/p>\n<p>Izbolj\u0161ajte estetiko in za\u0161\u010dito va\u0161ega HP EliteBook 840 G1 s 14-pal\u010dnim hrbtnim pokrovom LCD (730949-001 m164). Naj bo va\u0161 prenosnik videti oster, hkrati pa poskrbite, da bo ostal za\u0161\u010diten pred vsakodnevno obrabo.<\/p>\n<p>Pred nakupom preverite zdru\u017eljivost z va\u0161im modelom prenosnika.<\/p>\n","protected":false},"excerpt":{"rendered":"<p>Izbolj\u0161ajte videz in za\u0161\u010dito svojega prenosnika HP EliteBook 840 G1 s 14-pal\u010dnim hrbtnim pokrovom LCD (730949-001 m164). Naj bo va\u0161 prenosnik videti eleganten in profesionalen, hkrati pa ga \u0161\u010diti pred vsakodnevno obrabo.<\/p>\n","protected":false},"featured_media":40861,"template":"","meta":[],"product_brand":[],"product_cat":[2051],"product_tag":[2060,1818],"class_list":{"0":"post-54040","1":"product","2":"type-product","3":"status-publish","4":"has-post-thumbnail","6":"product_cat-ohisje-prenosnika","7":"product_tag-hp","8":"product_tag-rezervni-deli","10":"first","11":"instock","12":"taxable","13":"shipping-taxable","14":"purchasable","15":"product-type-simple"},"_links":{"self":[{"href":"https:\/\/pracek.si\/racunalniskatrgovina\/wp-json\/wp\/v2\/product\/54040","targetHints":{"allow":["GET"]}}],"collection":[{"href":"https:\/\/pracek.si\/racunalniskatrgovina\/wp-json\/wp\/v2\/product"}],"about":[{"href":"https:\/\/pracek.si\/racunalniskatrgovina\/wp-json\/wp\/v2\/types\/product"}],"version-history":[{"count":0,"href":"https:\/\/pracek.si\/racunalniskatrgovina\/wp-json\/wp\/v2\/product\/54040\/revisions"}],"wp:featuredmedia":[{"embeddable":true,"href":"https:\/\/pracek.si\/racunalniskatrgovina\/wp-json\/wp\/v2\/media\/40861"}],"wp:attachment":[{"href":"https:\/\/pracek.si\/racunalniskatrgovina\/wp-json\/wp\/v2\/media?parent=54040"}],"wp:term":[{"taxonomy":"product_brand","embeddable":true,"href":"https:\/\/pracek.si\/racunalniskatrgovina\/wp-json\/wp\/v2\/product_brand?post=54040"},{"taxonomy":"product_cat","embeddable":true,"href":"https:\/\/pracek.si\/racunalniskatrgovina\/wp-json\/wp\/v2\/product_cat?post=54040"},{"taxonomy":"product_tag","embeddable":true,"href":"https:\/\/pracek.si\/racunalniskatrgovina\/wp-json\/wp\/v2\/product_tag?post=54040"}],"curies":[{"name":"wp","href":"https:\/\/api.w.org\/{rel}","templated":true}]}}