{"id":54096,"date":"2025-07-30T15:19:12","date_gmt":"2025-07-30T14:19:12","guid":{"rendered":"https:\/\/pracek.si\/racunalniskatrgovina\/?post_type=product&#038;p=54096"},"modified":"2026-01-09T14:07:14","modified_gmt":"2026-01-09T13:07:14","slug":"dvd-rw-zapisovalnik-uj-870-pata-za-prenosne-racunalnike-acer-hp-toshiba","status":"publish","type":"product","link":"https:\/\/pracek.si\/racunalniskatrgovina\/izdelek\/dvd-rw-zapisovalnik-uj-870-pata-za-prenosne-racunalnike-acer-hp-toshiba\/","title":{"rendered":"DVD-RW zapisovalnik &#8211; UJ-870 &#8211; PATA za prenosne ra\u010dunalnike Acer HP Toshiba"},"content":{"rendered":"<p>Nadgradite opti\u010dni pogon va\u0161ega prenosnika z zapisovalnikom DVD-RW UJ-870 &#8211; PATA, ki je zdru\u017eljiv s prenosnimi ra\u010dunalniki Acer, HP in Toshiba. Ta originalni zapisovalnik DVD-RW je zasnovan tako, da nudi zanesljive zmo\u017enosti branja in zapisovanja DVD-jev in CD-jev, kar zagotavlja, da lahko gledate filme, ustvarjate varnostne kopije in enostavno name\u0161\u010date programsko opremo.<\/p>\n<p>Izdelan za zdru\u017eljivost, se UJ-870 brez te\u017eav prilega izbranim modelom prenosnikov Acer, HP in Toshiba. Njegova namestitev Plug-and-Play omogo\u010da nadgradnjo va\u0161ega opti\u010dnega pogona brez te\u017eav. Ne glede na to, ali ste profesionalec, ki mora zapisati pomembne podatke, ali multimedijski navdu\u0161enec, ki u\u017eiva v filmih in glasbi, ta zapisovalnik DVD-RW izbolj\u0161a funkcionalnost va\u0161ega prenosnika.<\/p>\n<p>Z zmo\u017enostjo branja in pisanja DVD-jev in CD-jev ta zapisovalnik ponuja vsestransko delo z mediji. Ustvarite varnostne kopije pomembnih datotek, glejte svoje najljub\u0161e filme ali namestite programsko opremo z diskov. Poslovite se od zunanjih opti\u010dnih pogonov in izkusite udobje notranjega zapisovalnika.<\/p>\n<p>Namestitev je preprosta. Zamenjajte va\u0161 obstoje\u010di opti\u010dni pogon z originalnim UJ-870 in pripravljeni boste u\u017eivati v izbolj\u0161ani obdelavi medijev na va\u0161em prenosniku.<\/p>\n<p>Nadgradite opti\u010dni pogon va\u0161ega prenosnika z zapisovalnikom DVD-RW UJ-870 &#8211; PATA. Izkusite zanesljive zmo\u017enosti branja in zapisovanja DVD-jev in CD-jev na va\u0161em prenosniku Acer, HP ali Toshiba. Izbolj\u0161ajte ravnanje z mediji in u\u017eivajte v priro\u010dnosti notranjega opti\u010dnega pogona.<\/p>\n<p>Pred nakupom preverite zdru\u017eljivost z va\u0161im modelom prenosnika.<\/p>\n","protected":false},"excerpt":{"rendered":"<p>Nadgradite svoj prenosnik Acer, HP ali Toshiba z zapisovalnikom DVD-RW UJ-870 &#8211; PATA. U\u017eivajte v zanesljivih zmo\u017enostih branja in zapisovanja DVD-jev in CD-jev za gledanje filmov, ustvarjanje varnostnih kopij in drugo.<\/p>\n","protected":false},"featured_media":40964,"template":"","meta":[],"product_brand":[],"product_cat":[2062],"product_tag":[1818,2069],"class_list":{"0":"post-54096","1":"product","2":"type-product","3":"status-publish","4":"has-post-thumbnail","6":"product_cat-maticne-plosce-in-deli-plosc","7":"product_tag-rezervni-deli","8":"product_tag-toshiba","10":"first","11":"instock","12":"taxable","13":"shipping-taxable","14":"purchasable","15":"product-type-simple"},"_links":{"self":[{"href":"https:\/\/pracek.si\/racunalniskatrgovina\/wp-json\/wp\/v2\/product\/54096","targetHints":{"allow":["GET"]}}],"collection":[{"href":"https:\/\/pracek.si\/racunalniskatrgovina\/wp-json\/wp\/v2\/product"}],"about":[{"href":"https:\/\/pracek.si\/racunalniskatrgovina\/wp-json\/wp\/v2\/types\/product"}],"version-history":[{"count":0,"href":"https:\/\/pracek.si\/racunalniskatrgovina\/wp-json\/wp\/v2\/product\/54096\/revisions"}],"wp:featuredmedia":[{"embeddable":true,"href":"https:\/\/pracek.si\/racunalniskatrgovina\/wp-json\/wp\/v2\/media\/40964"}],"wp:attachment":[{"href":"https:\/\/pracek.si\/racunalniskatrgovina\/wp-json\/wp\/v2\/media?parent=54096"}],"wp:term":[{"taxonomy":"product_brand","embeddable":true,"href":"https:\/\/pracek.si\/racunalniskatrgovina\/wp-json\/wp\/v2\/product_brand?post=54096"},{"taxonomy":"product_cat","embeddable":true,"href":"https:\/\/pracek.si\/racunalniskatrgovina\/wp-json\/wp\/v2\/product_cat?post=54096"},{"taxonomy":"product_tag","embeddable":true,"href":"https:\/\/pracek.si\/racunalniskatrgovina\/wp-json\/wp\/v2\/product_tag?post=54096"}],"curies":[{"name":"wp","href":"https:\/\/api.w.org\/{rel}","templated":true}]}}