{"id":54125,"date":"2025-07-30T15:20:40","date_gmt":"2025-07-30T14:20:40","guid":{"rendered":"https:\/\/pracek.si\/racunalniskatrgovina\/?post_type=product&#038;p=54125"},"modified":"2025-07-30T15:23:45","modified_gmt":"2025-07-30T14:23:45","slug":"plosca-gumba-za-vklop-lenovo-thinkpad-l540-48-4lh11-011-pn-0c62593-fru-04x4862-94v-0","status":"publish","type":"product","link":"https:\/\/pracek.si\/racunalniskatrgovina\/izdelek\/plosca-gumba-za-vklop-lenovo-thinkpad-l540-48-4lh11-011-pn-0c62593-fru-04x4862-94v-0\/","title":{"rendered":"Plo\u0161\u010da gumba za vklop Lenovo Thinkpad L540 48.4lh11.011 PN: 0C62593 FRU: 04X4862 94V-0"},"content":{"rendered":"<p>Izbolj\u0161ajte funkcionalnost svojega prenosnika Lenovo ThinkPad L540 s plo\u0161\u010do gumba za vklop Lenovo ThinkPad L540. Ta pristna plo\u0161\u010da gumba za vklop je zasnovana za optimizacijo delovanja gumba za vklop in zagotavlja zanesljiv in odziven nadzor napajanja va\u0161ega prenosnika. Druge oznake: 48.4lh11.011 PN: 0C62593 FRU: 04X4862 94V-0<\/p>\n<p>Plo\u0161\u010da z gumbom za vklop ThinkPad L540, ki jo je izdelal Lenovo, zaupanja vredno ime na podro\u010dju ra\u010dunalni\u0161ke tehnologije, je zasnovana za brezhibno integracijo z va\u0161im prenosnikom. Kot bistvena komponenta uporabni\u0161kega vmesnika va\u0161ega prenosnika ima ta plo\u0161\u010da klju\u010dno vlogo pri zagotavljanju nemotenega in u\u010dinkovitega delovanja napajalnih funkcij va\u0161ega prenosnika.<\/p>\n<p>Ne glede na to, ali morate vklopiti prenosni ra\u010dunalnik, da za\u010dnete produktiven delovni dan, ali ga izklopiti po dolgem dnevu opravil, ta plo\u0161\u010da z gumbom za vklop zagotavlja otipljivo povratno informacijo in odzivnost, ki ju pri\u010dakujete. Zasnovan je tako, da ustreza visokokakovostnim standardom dru\u017ebe Lenovo ter zagotavlja dolgotrajno in zanesljivo delovanje.<\/p>\n<p>Namestitev je enostavna zahvaljujo\u010d zasnovi OEM, ki se popolnoma ujema z originalnimi komponentami va\u0161ega prenosnika. Z izbiro pristnih delov Lenovo vlagate v kakovost in zanesljivost bistvenih funkcij va\u0161ega prenosnika.<\/p>\n<p>Nadgradite nadzor napajanja va\u0161ega prenosnika s plo\u0161\u010do gumba za vklop Lenovo ThinkPad L540. U\u017eivajte v odzivnem in zanesljivem delovanju napajanja na va\u0161em ThinkPad L540, ne glede na to, ali ga vklapljate ali izklapljate. Izbolj\u0161ajte svojo uporabni\u0161ko izku\u0161njo s to zanesljivo in u\u010dinkovito plo\u0161\u010do z gumbom za vklop.<\/p>\n<p>Pred nakupom preverite zdru\u017eljivost z va\u0161im modelom prenosnika.<\/p>\n","protected":false},"excerpt":{"rendered":"<p>Izbolj\u0161ajte nadzor napajanja na va\u0161em Lenovo ThinkPad L540 s plo\u0161\u010do gumba za vklop Lenovo ThinkPad L540. U\u017eivajte v odzivnem in zanesljivem delovanju mo\u010di. Oznake: 48.4lh11.011 PN: 0C62593 FRU: 04X4862 94V-0<\/p>\n","protected":false},"featured_media":41007,"template":"","meta":[],"product_brand":[],"product_cat":[2062],"product_tag":[2061,1818],"class_list":{"0":"post-54125","1":"product","2":"type-product","3":"status-publish","4":"has-post-thumbnail","6":"product_cat-maticne-plosce-in-deli-plosc","7":"product_tag-lenovo","8":"product_tag-rezervni-deli","10":"first","11":"instock","12":"taxable","13":"shipping-taxable","14":"purchasable","15":"product-type-simple"},"_links":{"self":[{"href":"https:\/\/pracek.si\/racunalniskatrgovina\/wp-json\/wp\/v2\/product\/54125","targetHints":{"allow":["GET"]}}],"collection":[{"href":"https:\/\/pracek.si\/racunalniskatrgovina\/wp-json\/wp\/v2\/product"}],"about":[{"href":"https:\/\/pracek.si\/racunalniskatrgovina\/wp-json\/wp\/v2\/types\/product"}],"version-history":[{"count":0,"href":"https:\/\/pracek.si\/racunalniskatrgovina\/wp-json\/wp\/v2\/product\/54125\/revisions"}],"wp:featuredmedia":[{"embeddable":true,"href":"https:\/\/pracek.si\/racunalniskatrgovina\/wp-json\/wp\/v2\/media\/41007"}],"wp:attachment":[{"href":"https:\/\/pracek.si\/racunalniskatrgovina\/wp-json\/wp\/v2\/media?parent=54125"}],"wp:term":[{"taxonomy":"product_brand","embeddable":true,"href":"https:\/\/pracek.si\/racunalniskatrgovina\/wp-json\/wp\/v2\/product_brand?post=54125"},{"taxonomy":"product_cat","embeddable":true,"href":"https:\/\/pracek.si\/racunalniskatrgovina\/wp-json\/wp\/v2\/product_cat?post=54125"},{"taxonomy":"product_tag","embeddable":true,"href":"https:\/\/pracek.si\/racunalniskatrgovina\/wp-json\/wp\/v2\/product_tag?post=54125"}],"curies":[{"name":"wp","href":"https:\/\/api.w.org\/{rel}","templated":true}]}}