{"id":54143,"date":"2025-07-30T15:22:06","date_gmt":"2025-07-30T14:22:06","guid":{"rendered":"https:\/\/pracek.si\/racunalniskatrgovina\/?post_type=product&#038;p=54143"},"modified":"2026-01-09T14:20:56","modified_gmt":"2026-01-09T13:20:56","slug":"originalna-plosca-z-gumbi-sledilne-ploscice-hp-625-6050a2342901","status":"publish","type":"product","link":"https:\/\/pracek.si\/racunalniskatrgovina\/izdelek\/originalna-plosca-z-gumbi-sledilne-ploscice-hp-625-6050a2342901\/","title":{"rendered":"Originalna plo\u0161\u010da z gumbi sledilne plo\u0161\u010dice HP 625 6050A2342901"},"content":{"rendered":"<p>Originalna plo\u0161\u010da z gumbi sledilne plo\u0161\u010dice HP 625 6050A2342901 &#8211; Izbolj\u0161ajte svoje interakcije na dotik:<\/p>\n<p>Funkcije sledilne plo\u0161\u010dice tvorijo jedro sodobnih interakcij prenosnikov. Za uporabnike HP 625 je zagotavljanje, da so te funkcije optimalne, klju\u010dnega pomena. Vnesite originalno plo\u0161\u010do gumbov sledilne plo\u0161\u010dice HP 625 6050A2342901 &#8211; pristno, visokokakovostno komponento, izdelano za obnovitev ali izbolj\u0161anje delovanja sledilne plo\u0161\u010dice va\u0161e naprave.<\/p>\n<p><strong>Klju\u010dne funkcije<\/strong>:<\/p>\n<ol>\n<li><strong>Zajam\u010dena pristnost<\/strong>: To je pristen HP-jev izdelek, ki zagotavlja, da vlagate v komponento, ki je zdru\u017eljiva, vzdr\u017eljiva in vredna zaupanja.<\/li>\n<li><strong>Natan\u010dnost na dosegu roke<\/strong>: Ta plo\u0161\u010da z gumbi na sledilni plo\u0161\u010dici, zasnovana z uporabni\u0161ko izku\u0161njo, z natan\u010dnostjo zajame vsak klik ter ponuja otipljiv in odziven ob\u010dutek.<\/li>\n<li><strong>Brez\u0161ivna integracija<\/strong>: Brez skrbi glede te\u017eav z zdru\u017eljivostjo. Ker je originalna komponenta, se brezhibno prilega va\u0161emu HP 625 in zagotavlja, da so zamenjave ali nadgradnje brez te\u017eav.<\/li>\n<li><strong>Vzdr\u017eljivost in dolgo\u017eivost<\/strong>: Ta plo\u0161\u010da z gumbi na sledilni plo\u0161\u010dici je izdelana iz visokokakovostnih materialov in strogih standardov izdelave in je zgrajena tako, da vzdr\u017ei vsakodnevno obrabo in zagotavlja dolgo \u017eivljenjsko dobo.<\/li>\n<li><strong>Dosledno delovanje<\/strong>: Poslovite se od napak na sledilni plo\u0161\u010dici ali neodzivnih gumbov. Ta plo\u0161\u010da zagotavlja dosledno delovanje in izbolj\u0161uje uporabnost va\u0161e naprave.<\/li>\n<\/ol>\n<p>Za uporabnike, ki \u017eelijo ohraniti celovitost in zmogljivost svojih prenosnih ra\u010dunalnikov HP 625, je originalna plo\u0161\u010da gumbov sledilne plo\u0161\u010dice HP 625 nujna komponenta. Investirajte v originalne dele, za\u0161\u010ditite funkcionalnost svoje naprave in u\u017eivajte v brezhibni ra\u010dunalni\u0161ki izku\u0161nji. Nadgradite ali zamenjajte z zaupanjem!<\/p>\n","protected":false},"excerpt":{"rendered":"<p>Originalni HP 625 6050A2342901: pristna plo\u0161\u010da z gumbi sledilne plo\u0161\u010dice, zasnovana za natan\u010dno interakcijo in brezhibno uporabni\u0161ko izku\u0161njo.<\/p>\n","protected":false},"featured_media":41035,"template":"","meta":[],"product_brand":[],"product_cat":[2062],"product_tag":[2060,1818],"class_list":{"0":"post-54143","1":"product","2":"type-product","3":"status-publish","4":"has-post-thumbnail","6":"product_cat-maticne-plosce-in-deli-plosc","7":"product_tag-hp","8":"product_tag-rezervni-deli","10":"first","11":"instock","12":"taxable","13":"shipping-taxable","14":"purchasable","15":"product-type-simple"},"_links":{"self":[{"href":"https:\/\/pracek.si\/racunalniskatrgovina\/wp-json\/wp\/v2\/product\/54143","targetHints":{"allow":["GET"]}}],"collection":[{"href":"https:\/\/pracek.si\/racunalniskatrgovina\/wp-json\/wp\/v2\/product"}],"about":[{"href":"https:\/\/pracek.si\/racunalniskatrgovina\/wp-json\/wp\/v2\/types\/product"}],"version-history":[{"count":0,"href":"https:\/\/pracek.si\/racunalniskatrgovina\/wp-json\/wp\/v2\/product\/54143\/revisions"}],"wp:featuredmedia":[{"embeddable":true,"href":"https:\/\/pracek.si\/racunalniskatrgovina\/wp-json\/wp\/v2\/media\/41035"}],"wp:attachment":[{"href":"https:\/\/pracek.si\/racunalniskatrgovina\/wp-json\/wp\/v2\/media?parent=54143"}],"wp:term":[{"taxonomy":"product_brand","embeddable":true,"href":"https:\/\/pracek.si\/racunalniskatrgovina\/wp-json\/wp\/v2\/product_brand?post=54143"},{"taxonomy":"product_cat","embeddable":true,"href":"https:\/\/pracek.si\/racunalniskatrgovina\/wp-json\/wp\/v2\/product_cat?post=54143"},{"taxonomy":"product_tag","embeddable":true,"href":"https:\/\/pracek.si\/racunalniskatrgovina\/wp-json\/wp\/v2\/product_tag?post=54143"}],"curies":[{"name":"wp","href":"https:\/\/api.w.org\/{rel}","templated":true}]}}