{"id":54154,"date":"2025-07-30T15:22:49","date_gmt":"2025-07-30T14:22:49","guid":{"rendered":"https:\/\/pracek.si\/racunalniskatrgovina\/?post_type=product&#038;p=54154"},"modified":"2026-01-09T14:22:35","modified_gmt":"2026-01-09T13:22:35","slug":"prikljucki-za-vrata-usb-hp-625","status":"publish","type":"product","link":"https:\/\/pracek.si\/racunalniskatrgovina\/izdelek\/prikljucki-za-vrata-usb-hp-625\/","title":{"rendered":"Priklju\u010dki za vrata USB HP 625"},"content":{"rendered":"<p>Nadgradite mo\u017enosti povezovanja va\u0161ega prenosnega ra\u010dunalnika HP 625 s priklju\u010dki za vrata USB HP 625. Ti pristni priklju\u010dki za vrata USB, zasnovani za izbolj\u0161anje funkcionalnosti USB va\u0161ega prenosnika, zagotavljajo zanesljivo povezljivost in brezhibno integracijo za izbolj\u0161ano ra\u010dunalni\u0161ko izku\u0161njo.<\/p>\n<p>Konektorji USB HP 625, ki jih je izdelal HP, zaupanja vredno ime v ra\u010dunalni\u0161ki tehnologiji, so zasnovani tako, da zagotavljajo u\u010dinkovito povezljivost USB. Kot bistveni sestavni deli notranjih sistemov va\u0161ega prenosnika imajo ti konektorji vrat klju\u010dno vlogo pri raz\u0161iritvi mo\u017enosti USB.<\/p>\n<p>Ne glede na to, ali morate priklju\u010diti zunanje naprave, prenesti podatke ali polniti zunanje naprave, ti priklju\u010dki za vrata USB nudijo udobje in u\u010dinkovitost, ki ju potrebujete. Z ve\u010d vrati USB, ki so vam na voljo, lahko preprosto namestite razli\u010dne naprave brez potrebe po dodatnih adapterjih ali zvezdi\u0161\u010dih.<\/p>\n<p>Namestitev je enostavna zaradi zasnove OEM, ki je usklajena z originalnimi komponentami va\u0161ega prenosnika. Z izbiro pristnih delov HP vlagate v kakovost in zanesljivost povezljivosti va\u0161ega prenosnika.<\/p>\n<p>Nadgradite povezljivost svojega prenosnika s priklju\u010dki za vrata USB HP 625. Izbolj\u0161ajte svoje zmogljivosti USB, poenostavite delovne tokove in brez te\u017eav pove\u017eite zunanje naprave s tem zanesljivim in u\u010dinkovitim naborom priklju\u010dkov za vrata.<\/p>\n<p>Pred nakupom preverite zdru\u017eljivost z va\u0161im modelom prenosnika.<\/p>\n","protected":false},"excerpt":{"rendered":"<p>Izbolj\u0161ajte povezljivost USB na prenosnem ra\u010dunalniku HP 625 s priklju\u010dki za vrata USB HP 625. U\u017eivajte v raz\u0161irjenih mo\u017enostih USB za brezhibne povezave naprav in prenos podatkov.<\/p>\n","protected":false},"featured_media":41058,"template":"","meta":[],"product_brand":[],"product_cat":[2062],"product_tag":[2060,1818],"class_list":{"0":"post-54154","1":"product","2":"type-product","3":"status-publish","4":"has-post-thumbnail","6":"product_cat-maticne-plosce-in-deli-plosc","7":"product_tag-hp","8":"product_tag-rezervni-deli","10":"first","11":"instock","12":"taxable","13":"shipping-taxable","14":"purchasable","15":"product-type-simple"},"_links":{"self":[{"href":"https:\/\/pracek.si\/racunalniskatrgovina\/wp-json\/wp\/v2\/product\/54154","targetHints":{"allow":["GET"]}}],"collection":[{"href":"https:\/\/pracek.si\/racunalniskatrgovina\/wp-json\/wp\/v2\/product"}],"about":[{"href":"https:\/\/pracek.si\/racunalniskatrgovina\/wp-json\/wp\/v2\/types\/product"}],"version-history":[{"count":0,"href":"https:\/\/pracek.si\/racunalniskatrgovina\/wp-json\/wp\/v2\/product\/54154\/revisions"}],"wp:featuredmedia":[{"embeddable":true,"href":"https:\/\/pracek.si\/racunalniskatrgovina\/wp-json\/wp\/v2\/media\/41058"}],"wp:attachment":[{"href":"https:\/\/pracek.si\/racunalniskatrgovina\/wp-json\/wp\/v2\/media?parent=54154"}],"wp:term":[{"taxonomy":"product_brand","embeddable":true,"href":"https:\/\/pracek.si\/racunalniskatrgovina\/wp-json\/wp\/v2\/product_brand?post=54154"},{"taxonomy":"product_cat","embeddable":true,"href":"https:\/\/pracek.si\/racunalniskatrgovina\/wp-json\/wp\/v2\/product_cat?post=54154"},{"taxonomy":"product_tag","embeddable":true,"href":"https:\/\/pracek.si\/racunalniskatrgovina\/wp-json\/wp\/v2\/product_tag?post=54154"}],"curies":[{"name":"wp","href":"https:\/\/api.w.org\/{rel}","templated":true}]}}