{"id":54168,"date":"2025-07-30T15:23:31","date_gmt":"2025-07-30T14:23:31","guid":{"rendered":"https:\/\/pracek.si\/racunalniskatrgovina\/?post_type=product&#038;p=54168"},"modified":"2025-07-30T15:25:58","modified_gmt":"2025-07-30T14:25:58","slug":"rabljeni-prenosni-racunalnik-lenovo-thinkpad-l540-lcd-zadnji-pokrov-zgornji-zadnji-pokrov-torbica-04x4855","status":"publish","type":"product","link":"https:\/\/pracek.si\/racunalniskatrgovina\/izdelek\/rabljeni-prenosni-racunalnik-lenovo-thinkpad-l540-lcd-zadnji-pokrov-zgornji-zadnji-pokrov-torbica-04x4855\/","title":{"rendered":"Rabljeni prenosni ra\u010dunalnik Lenovo Thinkpad L540 LCD zadnji pokrov zgornji zadnji pokrov torbica 04X4855"},"content":{"rendered":"<p><strong>ISTI OVITEK, KOT JE PRIKAZAN NA FOTOGRAFIJI NA SEZNAMU!<\/strong><\/p>\n<p>Rabljen ovitek zadnjega pokrova zadnjega pokrova prenosnika Lenovo Thinkpad L540 LCD z zgornjim zadnjim pokrovom 04X4855 &#8211; robustna za\u0161\u010dita in prefinjen dizajn:<\/p>\n<p>Za uporabnike Thinkpad L540 je prednostna naloga ohranjanje nedotaknjenega videza in za\u0161\u010dita prenosnika pred morebitnimi po\u0161kodbami. Rabljena torbica za prenosni ra\u010dunalnik Lenovo Thinkpad L540 04X4855 LCD z zadnjim pokrovom in zgornjim hrbtnim pokrovom je odli\u010dna re\u0161itev, ki nudi za\u0161\u010dito in pridih elegance.<\/p>\n<p><strong>Klju\u010dne funkcije<\/strong>:<\/p>\n<ol>\n<li><strong>Originalni izdelek Lenovo<\/strong>: Zagotovite zdru\u017eljivost in kakovost z izbiro pristnega zadnjega pokrova Lenovo. Obljublja natan\u010dno prileganje in vrhunski ob\u010dutek za va\u0161 Thinkpad L540.<\/li>\n<li><strong>Izbolj\u0161ana za\u0161\u010dita<\/strong>: ta zadnji pokrov, zasnovan za optimalno za\u0161\u010dito, \u0161\u010diti va\u0161 LCD pred praskami, udrtinami in vsakodnevno obrabo ter zagotavlja, da bo va\u0161 prenosnik videti in deloval u\u010dinkovito dlje.<\/li>\n<li><strong>Prefinjen dizajn<\/strong>: \u010ceprav je njegova primarna funkcija za\u0161\u010dita, ta zadnji pokrov ne ogro\u017ea estetike. Ohranja prefinjen videz va\u0161ega Thinkpada in zagotavlja, da izstopa v mno\u017eici.<\/li>\n<li><strong>Enostavna namestitev<\/strong>: ker je pristen izdelek Lenovo, zagotavlja enostavno in natan\u010dno prileganje. Ne glede na to, ali menjate po\u0161kodovan zadnji pokrov ali samo nadgrajujete, je postopek preprost.<\/li>\n<li><strong>Stro\u0161kovno u\u010dinkovita re\u0161itev<\/strong>: Namesto da bi investirali v nov prenosni ra\u010dunalnik, lahko z zamenjavo ali nadgradnjo delov, kot je zadnji pokrov, va\u0161i napravi zagotovite osve\u017een videz in podalj\u0161ano \u017eivljenjsko dobo.<\/li>\n<\/ol>\n<p>Za tiste, ki \u017eelijo ohraniti videz in funkcionalnost svojega Lenovo Thinkpad L540, je rabljena torbica z zadnjim pokrovom LCD za prenosni ra\u010dunalnik Lenovo Thinkpad L540 04X4855 odli\u010dna izbira. Ne samo da zagotavlja za\u0161\u010dito, temve\u010d va\u0161i napravi doda pridih elegance. Poskrbite, da bo va\u0161 prenosnik videti kot nov, ne da bi pri tem zlomili denar!<\/p>\n","protected":false},"excerpt":{"rendered":"<p>Rabljeni Lenovo Thinkpad L540 04X4855: pristna torbica z zadnjim pokrovom LCD na zadnjem pokrovu, zasnovana za za\u0161\u010dito in izbolj\u0161anje estetike va\u0161ega prenosnika.<\/p>\n","protected":false},"featured_media":41077,"template":"","meta":[],"product_brand":[],"product_cat":[2051],"product_tag":[2061,1818],"class_list":{"0":"post-54168","1":"product","2":"type-product","3":"status-publish","4":"has-post-thumbnail","6":"product_cat-ohisje-prenosnika","7":"product_tag-lenovo","8":"product_tag-rezervni-deli","10":"first","11":"instock","12":"taxable","13":"shipping-taxable","14":"purchasable","15":"product-type-simple"},"_links":{"self":[{"href":"https:\/\/pracek.si\/racunalniskatrgovina\/wp-json\/wp\/v2\/product\/54168","targetHints":{"allow":["GET"]}}],"collection":[{"href":"https:\/\/pracek.si\/racunalniskatrgovina\/wp-json\/wp\/v2\/product"}],"about":[{"href":"https:\/\/pracek.si\/racunalniskatrgovina\/wp-json\/wp\/v2\/types\/product"}],"version-history":[{"count":0,"href":"https:\/\/pracek.si\/racunalniskatrgovina\/wp-json\/wp\/v2\/product\/54168\/revisions"}],"wp:featuredmedia":[{"embeddable":true,"href":"https:\/\/pracek.si\/racunalniskatrgovina\/wp-json\/wp\/v2\/media\/41077"}],"wp:attachment":[{"href":"https:\/\/pracek.si\/racunalniskatrgovina\/wp-json\/wp\/v2\/media?parent=54168"}],"wp:term":[{"taxonomy":"product_brand","embeddable":true,"href":"https:\/\/pracek.si\/racunalniskatrgovina\/wp-json\/wp\/v2\/product_brand?post=54168"},{"taxonomy":"product_cat","embeddable":true,"href":"https:\/\/pracek.si\/racunalniskatrgovina\/wp-json\/wp\/v2\/product_cat?post=54168"},{"taxonomy":"product_tag","embeddable":true,"href":"https:\/\/pracek.si\/racunalniskatrgovina\/wp-json\/wp\/v2\/product_tag?post=54168"}],"curies":[{"name":"wp","href":"https:\/\/api.w.org\/{rel}","templated":true}]}}