{"id":54183,"date":"2025-07-30T15:24:20","date_gmt":"2025-07-30T14:24:20","guid":{"rendered":"https:\/\/pracek.si\/racunalniskatrgovina\/?post_type=product&#038;p=54183"},"modified":"2026-01-10T14:43:59","modified_gmt":"2026-01-10T13:43:59","slug":"kartica-asus-x453-x553-f553-p553-r413-z-usb-in-avdio-prikljuckom","status":"publish","type":"product","link":"https:\/\/pracek.si\/racunalniskatrgovina\/izdelek\/kartica-asus-x453-x553-f553-p553-r413-z-usb-in-avdio-prikljuckom\/","title":{"rendered":"KARTICA ASUS X453 X553 F553 P553 R413 Z USB IN AVDIO PRIKLJU\u010cKOM"},"content":{"rendered":"<p>Nadgradite povezljivost va\u0161ega prenosnika ASUS X453, X553, F553, P553 ali R413 s kartico ASUS X453 X553 F553 P553 R413 s kartico USB &amp; Avdio priklju\u010dek. Ta pristna nadomestna kartica je zasnovana za optimizacijo povezljivosti va\u0161ega prenosnega ra\u010dunalnika, saj zagotavlja tako USB kot avdio priklju\u010dek za izbolj\u0161ano ra\u010dunalni\u0161ko izku\u0161njo.<\/p>\n<p>Kartico ASUS X453 X553 F553 P553 R413 z USB &amp; Audio Jack zagotavlja brezhibno integracijo z va\u0161im prenosnikom. Kot bistvena komponenta notranjih sistemov va\u0161ega prenosnika ta kartica raz\u0161irja va\u0161e mo\u017enosti povezljivosti in vam omogo\u010da enostavno povezovanje naprav USB in slu\u0161alk ali zunanjih zvo\u010dnikov.<\/p>\n<p>Ne glede na to, ali morate prenesti datoteke prek USB-ja, uporabiti zunanje zvo\u010dne naprave ali preprosto u\u017eivati v bolj\u0161i kakovosti zvoka, ta nadomestna kartica ponuja udobje in u\u010dinkovitost, ki ju potrebujete. Poenostavite svoje poteke dela, u\u017eivajte v visokokakovostnem zvoku in pove\u017eite \u0161iroko paleto zunanjih naprav brez potrebe po dodatnih adapterjih ali vozli\u0161\u010dih.<\/p>\n<p>Namestitev je enostavna zahvaljujo\u010d dizajnu, ki je usklajen z originalnimi komponentami va\u0161ega prenosnika.\u00a0 Z izbiro pristnih delov ASUS vlagate v kakovost in zanesljivost povezljivosti in zvo\u010dnih zmogljivosti va\u0161ega prenosnika.<\/p>\n<p>Nadgradite povezljivost in zvo\u010dno funkcijo va\u0161ega prenosnika s kartico ASUS X453 X553 F553 P553 R413 s kartico USB &amp; Avdio priklju\u010dek. U\u017eivajte v raz\u0161irjenih mo\u017enostih povezljivosti, izbolj\u0161ani kakovosti zvoka in brezhibni ra\u010dunalni\u0161ki izku\u0161nji na prenosniku ASUS X453, X553, F553, P553 ali R413. Izbolj\u0161ajte svojo ra\u010dunalni\u0161ko izku\u0161njo s to zanesljivo in u\u010dinkovito nadomestno kartico.<\/p>\n<p>Pred nakupom preverite zdru\u017eljivost z va\u0161im modelom prenosnika.<\/p>\n","protected":false},"excerpt":{"rendered":"<p>Izbolj\u0161ajte povezljivost in zvo\u010dne zmogljivosti na prenosnem ra\u010dunalniku ASUS X453, X553, F553, P553 ali R413 s kartico ASUS X453 X553 F553 P553 R413 s kartico USB &amp; Avdio priklju\u010dek.<\/p>\n","protected":false},"featured_media":41102,"template":"","meta":[],"product_brand":[],"product_cat":[2062],"product_tag":[2065,1818],"class_list":{"0":"post-54183","1":"product","2":"type-product","3":"status-publish","4":"has-post-thumbnail","6":"product_cat-maticne-plosce-in-deli-plosc","7":"product_tag-asus","8":"product_tag-rezervni-deli","10":"first","11":"instock","12":"taxable","13":"shipping-taxable","14":"purchasable","15":"product-type-simple"},"_links":{"self":[{"href":"https:\/\/pracek.si\/racunalniskatrgovina\/wp-json\/wp\/v2\/product\/54183","targetHints":{"allow":["GET"]}}],"collection":[{"href":"https:\/\/pracek.si\/racunalniskatrgovina\/wp-json\/wp\/v2\/product"}],"about":[{"href":"https:\/\/pracek.si\/racunalniskatrgovina\/wp-json\/wp\/v2\/types\/product"}],"version-history":[{"count":0,"href":"https:\/\/pracek.si\/racunalniskatrgovina\/wp-json\/wp\/v2\/product\/54183\/revisions"}],"wp:featuredmedia":[{"embeddable":true,"href":"https:\/\/pracek.si\/racunalniskatrgovina\/wp-json\/wp\/v2\/media\/41102"}],"wp:attachment":[{"href":"https:\/\/pracek.si\/racunalniskatrgovina\/wp-json\/wp\/v2\/media?parent=54183"}],"wp:term":[{"taxonomy":"product_brand","embeddable":true,"href":"https:\/\/pracek.si\/racunalniskatrgovina\/wp-json\/wp\/v2\/product_brand?post=54183"},{"taxonomy":"product_cat","embeddable":true,"href":"https:\/\/pracek.si\/racunalniskatrgovina\/wp-json\/wp\/v2\/product_cat?post=54183"},{"taxonomy":"product_tag","embeddable":true,"href":"https:\/\/pracek.si\/racunalniskatrgovina\/wp-json\/wp\/v2\/product_tag?post=54183"}],"curies":[{"name":"wp","href":"https:\/\/api.w.org\/{rel}","templated":true}]}}