{"id":54244,"date":"2025-07-30T15:27:17","date_gmt":"2025-07-30T14:27:17","guid":{"rendered":"https:\/\/pracek.si\/racunalniskatrgovina\/?post_type=product&#038;p=54244"},"modified":"2025-07-30T15:30:18","modified_gmt":"2025-07-30T14:30:18","slug":"wlan-80211-bgn-rl-hmc-1x1-690020-005","status":"publish","type":"product","link":"https:\/\/pracek.si\/racunalniskatrgovina\/izdelek\/wlan-80211-bgn-rl-hmc-1x1-690020-005\/","title":{"rendered":"WLAN 802,11 BGN RL HMC 1&#215;1 690020-005"},"content":{"rendered":"<p>Nadgradite brez\u017ei\u010dno povezljivost va\u0161ega prenosnika z WLAN 802,11 BGN RL HMC 1&#215;1 690020-005. Ta pristna brez\u017ei\u010dna kartica, izdelana za optimizacijo va\u0161e brez\u017ei\u010dne izku\u0161nje, ponuja zanesljivo in hitro povezljivost za izbolj\u0161ano ra\u010dunalni\u0161ko izku\u0161njo.<\/p>\n<p>Proizvedena v skladu z industrijskimi standardi, kartica WLAN 690020-005 podpira brez\u017ei\u010dne standarde 802.11 b\/g\/n, kar zagotavlja zdru\u017eljivost s \u0161tevilnimi omre\u017eji Wi-Fi. Ne glede na to, ali morate brskati po internetu, pretakati vsebino ali se povezati z drugimi napravami, ta kartica zagotavlja udobje in hitrost, ki ju potrebujete.<\/p>\n<p>Namestitev je enostavna zaradi faktorja oblike HMC (Half Mini Card), ki je usklajen z originalnimi komponentami va\u0161ega prenosnika. Z izbiro avtenti\u010dne zamenjave vlagate v kakovost in zanesljivost brez\u017ei\u010dne povezave va\u0161ega prenosnika.<\/p>\n<p>Nadgradite brez\u017ei\u010dne zmogljivosti va\u0161ega prenosnika z WLAN 802.11 BGN RL HMC 1&#215;1 690020-005. U\u017eivajte v hitrih in zanesljivih brez\u017ei\u010dnih povezavah, brezhibnem brskanju in u\u010dinkovitem prenosu podatkov na va\u0161em prenosniku. Izbolj\u0161ajte svojo ra\u010dunalni\u0161ko izku\u0161njo s to zanesljivo in u\u010dinkovito kartico WLAN.<\/p>\n<p>Pred nakupom preverite zdru\u017eljivost z va\u0161im modelom prenosnika.<\/p>\n","protected":false},"excerpt":{"rendered":"<p>Izbolj\u0161ajte brez\u017ei\u010dno povezljivost svojega prenosnika z WLAN 802,11 BGN RL HMC 1&#215;1 690020-005. U\u017eivajte v hitrih in zanesljivih povezavah Wi-Fi za izbolj\u0161ano ra\u010dunalni\u0161ko izku\u0161njo.<\/p>\n","protected":false},"featured_media":41213,"template":"","meta":[],"product_brand":[],"product_cat":[2062],"product_tag":[2060,1818],"class_list":{"0":"post-54244","1":"product","2":"type-product","3":"status-publish","4":"has-post-thumbnail","6":"product_cat-maticne-plosce-in-deli-plosc","7":"product_tag-hp","8":"product_tag-rezervni-deli","10":"first","11":"instock","12":"taxable","13":"shipping-taxable","14":"purchasable","15":"product-type-simple"},"_links":{"self":[{"href":"https:\/\/pracek.si\/racunalniskatrgovina\/wp-json\/wp\/v2\/product\/54244","targetHints":{"allow":["GET"]}}],"collection":[{"href":"https:\/\/pracek.si\/racunalniskatrgovina\/wp-json\/wp\/v2\/product"}],"about":[{"href":"https:\/\/pracek.si\/racunalniskatrgovina\/wp-json\/wp\/v2\/types\/product"}],"version-history":[{"count":0,"href":"https:\/\/pracek.si\/racunalniskatrgovina\/wp-json\/wp\/v2\/product\/54244\/revisions"}],"wp:featuredmedia":[{"embeddable":true,"href":"https:\/\/pracek.si\/racunalniskatrgovina\/wp-json\/wp\/v2\/media\/41213"}],"wp:attachment":[{"href":"https:\/\/pracek.si\/racunalniskatrgovina\/wp-json\/wp\/v2\/media?parent=54244"}],"wp:term":[{"taxonomy":"product_brand","embeddable":true,"href":"https:\/\/pracek.si\/racunalniskatrgovina\/wp-json\/wp\/v2\/product_brand?post=54244"},{"taxonomy":"product_cat","embeddable":true,"href":"https:\/\/pracek.si\/racunalniskatrgovina\/wp-json\/wp\/v2\/product_cat?post=54244"},{"taxonomy":"product_tag","embeddable":true,"href":"https:\/\/pracek.si\/racunalniskatrgovina\/wp-json\/wp\/v2\/product_tag?post=54244"}],"curies":[{"name":"wp","href":"https:\/\/api.w.org\/{rel}","templated":true}]}}