{"id":54259,"date":"2025-07-30T15:27:58","date_gmt":"2025-07-30T14:27:58","guid":{"rendered":"https:\/\/pracek.si\/racunalniskatrgovina\/?post_type=product&#038;p=54259"},"modified":"2025-07-30T15:31:13","modified_gmt":"2025-07-30T14:31:13","slug":"hrbtni-pokrov-hp-compaq-6820s-6070b0212201","status":"publish","type":"product","link":"https:\/\/pracek.si\/racunalniskatrgovina\/izdelek\/hrbtni-pokrov-hp-compaq-6820s-6070b0212201\/","title":{"rendered":"Hrbtni pokrov HP Compaq 6820S 6070B0212201"},"content":{"rendered":"<p>Izbolj\u0161ajte vzdr\u017eljivost in estetiko svojega prenosnika HP Compaq 6820S z nadomestnim hrbtnim pokrovom HP Compaq 6820S &#8211; 6070B0212201. Ta pristen nadomestni ovitek je zasnovan tako, da se popolnoma prilega in povrne eleganten, profesionalen videz va\u0161ega prenosnika.<\/p>\n<p>Nadomestni zadnji pokrov HP Compaq 6820S proizvaja HP, zaupanja vredno ime v ra\u010dunalni\u0161ki tehnologiji, izdelan z natan\u010dnostjo in pozornostjo do podrobnosti. Zagotavlja zanesljivo za\u0161\u010dito za ob\u010dutljive notranje komponente va\u0161ega prenosnika, obenem pa izbolj\u0161a njegov splo\u0161ni videz.<\/p>\n<p>\u010ce je va\u0161 trenutni zadnji pokrov po\u010den, opraskan ali kakor koli po\u0161kodovan, je pametna izbira, da ga zamenjate s tem pristnim HP-jevim delom. Prevleka je izdelana iz visokokakovostnih materialov, ki zagotavljajo dolgo \u017eivljenjsko dobo, njen dizajn pa se ujema z originalom, kar zagotavlja brezhibno prileganje.<\/p>\n<p>Namestitev je enostavna, zaradi \u010desar je projekt DIY brez te\u017eav.\u00a0 Ne glede na to, ali ste profesionalec, ki potrebuje nedotaknjen prenosni ra\u010dunalnik za delo, ali \u0161tudent, ki \u017eeli ohraniti videz svoje naprave, vas ta nadomestni ovitek pokriva.<\/p>\n<p>Nadgradite videz in za\u0161\u010dito va\u0161ega prenosnika HP Compaq 6820S z zamenjavo zadnjega pokrova HP Compaq 6820S. U\u017eivajte v prenosniku, ki ne le deluje brezhibno, ampak je tudi videti kot nov.<\/p>\n<p>Pred nakupom preverite zdru\u017eljivost z va\u0161im modelom prenosnika.<\/p>\n","protected":false},"excerpt":{"rendered":"<p>Izbolj\u0161ajte videz in za\u0161\u010dito svojega prenosnika HP Compaq 6820S z nadomestnim hrbtnim pokrovom HP Compaq 6820S. Obnovite njegov eleganten, profesionalen videz s tem pristnim nadomestnim ovitkom.<\/p>\n","protected":false},"featured_media":41242,"template":"","meta":[],"product_brand":[],"product_cat":[2051],"product_tag":[2060,1818],"class_list":{"0":"post-54259","1":"product","2":"type-product","3":"status-publish","4":"has-post-thumbnail","6":"product_cat-ohisje-prenosnika","7":"product_tag-hp","8":"product_tag-rezervni-deli","10":"first","11":"instock","12":"taxable","13":"shipping-taxable","14":"purchasable","15":"product-type-simple"},"_links":{"self":[{"href":"https:\/\/pracek.si\/racunalniskatrgovina\/wp-json\/wp\/v2\/product\/54259","targetHints":{"allow":["GET"]}}],"collection":[{"href":"https:\/\/pracek.si\/racunalniskatrgovina\/wp-json\/wp\/v2\/product"}],"about":[{"href":"https:\/\/pracek.si\/racunalniskatrgovina\/wp-json\/wp\/v2\/types\/product"}],"version-history":[{"count":0,"href":"https:\/\/pracek.si\/racunalniskatrgovina\/wp-json\/wp\/v2\/product\/54259\/revisions"}],"wp:featuredmedia":[{"embeddable":true,"href":"https:\/\/pracek.si\/racunalniskatrgovina\/wp-json\/wp\/v2\/media\/41242"}],"wp:attachment":[{"href":"https:\/\/pracek.si\/racunalniskatrgovina\/wp-json\/wp\/v2\/media?parent=54259"}],"wp:term":[{"taxonomy":"product_brand","embeddable":true,"href":"https:\/\/pracek.si\/racunalniskatrgovina\/wp-json\/wp\/v2\/product_brand?post=54259"},{"taxonomy":"product_cat","embeddable":true,"href":"https:\/\/pracek.si\/racunalniskatrgovina\/wp-json\/wp\/v2\/product_cat?post=54259"},{"taxonomy":"product_tag","embeddable":true,"href":"https:\/\/pracek.si\/racunalniskatrgovina\/wp-json\/wp\/v2\/product_tag?post=54259"}],"curies":[{"name":"wp","href":"https:\/\/api.w.org\/{rel}","templated":true}]}}