{"id":54318,"date":"2025-07-30T15:31:46","date_gmt":"2025-07-30T14:31:46","guid":{"rendered":"https:\/\/pracek.si\/racunalniskatrgovina\/?post_type=product&#038;p=54318"},"modified":"2025-07-30T15:34:46","modified_gmt":"2025-07-30T14:34:46","slug":"lenovo-g710-plosca-gumba-za-vklop-69n0b5g20a01","status":"publish","type":"product","link":"https:\/\/pracek.si\/racunalniskatrgovina\/izdelek\/lenovo-g710-plosca-gumba-za-vklop-69n0b5g20a01\/","title":{"rendered":"LENOVO G710 plo\u0161\u010da gumba za vklop 69N0B5G20A01"},"content":{"rendered":"<p>Izbolj\u0161ajte funkcionalnost svojega prenosnika Lenovo G710 s plo\u0161\u010do gumba za vklop Lenovo G710. Ta pristna plo\u0161\u010da z gumbom za vklop, zasnovana za izbolj\u0161anje upravljanja porabe energije va\u0161ega prenosnika in enostavne uporabe, zagotavlja zanesljivo delovanje in brezhibno integracijo za izbolj\u0161ano ra\u010dunalni\u0161ko izku\u0161njo. \u0160tevilka dela prenosnika L 69N0B5G20A01<\/p>\n<p>Plo\u0161\u010da z gumbom za vklop Lenovo G710, ki jo je izdelal Lenovo, zaupanja vredno ime na podro\u010dju ra\u010dunalni\u0161ke tehnologije, je zasnovana tako, da zagotavlja u\u010dinkovit nadzor nad funkcijami napajanja va\u0161ega prenosnika. Kot klju\u010dna komponenta notranjih sistemov va\u0161ega prenosnega ra\u010dunalnika ima ta plo\u0161\u010da z gumbi klju\u010dno vlogo pri upravljanju napajanja in zagotavljanju, da se va\u0161 prenosni ra\u010dunalnik zanesljivo za\u017eene in izklopi.<\/p>\n<p>Ne glede na to, ali morate vklopiti prenosni ra\u010dunalnik, ga znova zagnati ali izvesti strojno ponastavitev, ta plo\u0161\u010da z gumbom za vklop ponuja udobje in u\u010dinkovitost, ki ju potrebujete. Njegova natan\u010dna zasnova zagotavlja dosledno delovanje, kar vam omogo\u010da enostavno upravljanje mo\u010di va\u0161ega prenosnika.<\/p>\n<p>Namestitev je enostavna zahvaljujo\u010d zasnovi OEM, ki je usklajena z originalnimi komponentami va\u0161ega prenosnika.\u00a0 Z izbiro pristnih delov Lenovo vlagate v kakovost in zanesljivost upravljanja porabe va\u0161ega prenosnika.<\/p>\n<p>Nadgradite upravljanje porabe prenosnika s plo\u0161\u010do gumba za vklop Lenovo G710. U\u017eivajte v zanesljivem nadzoru nad funkcijami napajanja va\u0161ega prenosnika in zagotovite postopke zagona in zaustavitve brez te\u017eav. Izbolj\u0161ajte svojo ra\u010dunalni\u0161ko izku\u0161njo s to zanesljivo in u\u010dinkovito plo\u0161\u010do z gumbi.<\/p>\n<p>Pred nakupom preverite zdru\u017eljivost z va\u0161im modelom prenosnika.<\/p>\n","protected":false},"excerpt":{"rendered":"<p>Izbolj\u0161ajte upravljanje porabe prenosnika Lenovo G710 s plo\u0161\u010do gumba za vklop Lenovo G710. U\u017eivajte v zanesljivem nadzoru nad funkcijami napajanja va\u0161ega prenosnika za zagon in zaustavitev brez te\u017eav.<\/p>\n","protected":false},"featured_media":41340,"template":"","meta":[],"product_brand":[],"product_cat":[2062],"product_tag":[2061,1818],"class_list":{"0":"post-54318","1":"product","2":"type-product","3":"status-publish","4":"has-post-thumbnail","6":"product_cat-maticne-plosce-in-deli-plosc","7":"product_tag-lenovo","8":"product_tag-rezervni-deli","10":"first","11":"instock","12":"taxable","13":"shipping-taxable","14":"purchasable","15":"product-type-simple"},"_links":{"self":[{"href":"https:\/\/pracek.si\/racunalniskatrgovina\/wp-json\/wp\/v2\/product\/54318","targetHints":{"allow":["GET"]}}],"collection":[{"href":"https:\/\/pracek.si\/racunalniskatrgovina\/wp-json\/wp\/v2\/product"}],"about":[{"href":"https:\/\/pracek.si\/racunalniskatrgovina\/wp-json\/wp\/v2\/types\/product"}],"version-history":[{"count":0,"href":"https:\/\/pracek.si\/racunalniskatrgovina\/wp-json\/wp\/v2\/product\/54318\/revisions"}],"wp:featuredmedia":[{"embeddable":true,"href":"https:\/\/pracek.si\/racunalniskatrgovina\/wp-json\/wp\/v2\/media\/41340"}],"wp:attachment":[{"href":"https:\/\/pracek.si\/racunalniskatrgovina\/wp-json\/wp\/v2\/media?parent=54318"}],"wp:term":[{"taxonomy":"product_brand","embeddable":true,"href":"https:\/\/pracek.si\/racunalniskatrgovina\/wp-json\/wp\/v2\/product_brand?post=54318"},{"taxonomy":"product_cat","embeddable":true,"href":"https:\/\/pracek.si\/racunalniskatrgovina\/wp-json\/wp\/v2\/product_cat?post=54318"},{"taxonomy":"product_tag","embeddable":true,"href":"https:\/\/pracek.si\/racunalniskatrgovina\/wp-json\/wp\/v2\/product_tag?post=54318"}],"curies":[{"name":"wp","href":"https:\/\/api.w.org\/{rel}","templated":true}]}}