{"id":54341,"date":"2025-07-30T15:33:15","date_gmt":"2025-07-30T14:33:15","guid":{"rendered":"https:\/\/pracek.si\/racunalniskatrgovina\/?post_type=product&#038;p=54341"},"modified":"2026-01-12T08:25:36","modified_gmt":"2026-01-12T07:25:36","slug":"zgornji-pokrov-fujitsu-siemens-amilo-pro-v2030d-z-gumbom-za-vklop","status":"publish","type":"product","link":"https:\/\/pracek.si\/racunalniskatrgovina\/izdelek\/zgornji-pokrov-fujitsu-siemens-amilo-pro-v2030d-z-gumbom-za-vklop\/","title":{"rendered":"Zgornji pokrov Fujitsu Siemens AMILO Pro V2030D z gumbom za vklop"},"content":{"rendered":"<p>Izbolj\u0161ajte videz in za\u0161\u010dito va\u0161ega prenosnika Fujitsu Siemens AMILO Pro V2030D z zgornjim pokrovom Fujitsu Siemens AMILO Pro V2030D z gumbom za vklop. Ta pristni zgornji pokrov, izdelan za izbolj\u0161ano izku\u0161njo prenosnega ra\u010dunalnika, je zasnovan tako, da se brezhibno prilega ter nudi estetsko privla\u010dnost in vzdr\u017eljivost.<\/p>\n<p>AMILO Pro V2030D Top Cover, ki ga proizvaja Fujitsu Siemens, zaupanja vredno ime na podro\u010dju ra\u010dunalni\u0161ke tehnologije, zagotavlja popolno prileganje va\u0161emu prenosniku. Kot bistvena komponenta ta pokrov ne \u0161\u010diti le notranjosti va\u0161ega prenosnika pred prahom in umazanijo, ampak tudi izbolj\u0161a njegovo vizualno privla\u010dnost.<\/p>\n<p>Ne glede na to, ali ste profesionalec, ki ceni eleganten in dobro vzdr\u017eevan videz prenosnega ra\u010dunalnika, ali uporabnik, ki \u017eeli za\u0161\u010dititi svojo napravo, ta zgornji pokrov nudi za\u0161\u010dito in stil, ki ga potrebujete. Njegova natan\u010dna oblika se ujema z originalno prevleko in zagotavlja tesno prileganje.<\/p>\n<p>Namestitev je enostavna zaradi zasnove OEM, ki je usklajena z originalnimi komponentami va\u0161ega prenosnika.\u00a0 Z izbiro pristnih delov Fujitsu Siemens vlagate v kakovost, estetiko in zanesljivost videza ter za\u0161\u010dito va\u0161ega prenosnika.<\/p>\n<p>Nadgradite videz in za\u0161\u010dito va\u0161ega prenosnika z zgornjim pokrovom Fujitsu Siemens AMILO Pro V2030D z gumbom za vklop. U\u017eivajte v elegantnem in dobro za\u0161\u010ditenem prenosnem ra\u010dunalniku, ki ohranja svojo prvotno estetiko. Izbolj\u0161ajte svojo ra\u010dunalni\u0161ko izku\u0161njo s tem zanesljivim in u\u010dinkovitim zgornjim pokrovom.<\/p>\n<p>Pred nakupom preverite zdru\u017eljivost z va\u0161im modelom prenosnika.<\/p>\n","protected":false},"excerpt":{"rendered":"<p>Izbolj\u0161ajte videz in za\u0161\u010dito va\u0161ega prenosnika Fujitsu Siemens AMILO Pro V2030D z zgornjim pokrovom Fujitsu Siemens AMILO Pro V2030D z gumbom za vklop. U\u017eivajte v izbolj\u0161ani estetiki in vzdr\u017eljivosti va\u0161e naprave.<\/p>\n","protected":false},"featured_media":41382,"template":"","meta":[],"product_brand":[],"product_cat":[2051],"product_tag":[2063,1818],"class_list":{"0":"post-54341","1":"product","2":"type-product","3":"status-publish","4":"has-post-thumbnail","6":"product_cat-ohisje-prenosnika","7":"product_tag-fujitsu","8":"product_tag-rezervni-deli","10":"first","11":"instock","12":"taxable","13":"shipping-taxable","14":"purchasable","15":"product-type-simple"},"_links":{"self":[{"href":"https:\/\/pracek.si\/racunalniskatrgovina\/wp-json\/wp\/v2\/product\/54341","targetHints":{"allow":["GET"]}}],"collection":[{"href":"https:\/\/pracek.si\/racunalniskatrgovina\/wp-json\/wp\/v2\/product"}],"about":[{"href":"https:\/\/pracek.si\/racunalniskatrgovina\/wp-json\/wp\/v2\/types\/product"}],"version-history":[{"count":0,"href":"https:\/\/pracek.si\/racunalniskatrgovina\/wp-json\/wp\/v2\/product\/54341\/revisions"}],"wp:featuredmedia":[{"embeddable":true,"href":"https:\/\/pracek.si\/racunalniskatrgovina\/wp-json\/wp\/v2\/media\/41382"}],"wp:attachment":[{"href":"https:\/\/pracek.si\/racunalniskatrgovina\/wp-json\/wp\/v2\/media?parent=54341"}],"wp:term":[{"taxonomy":"product_brand","embeddable":true,"href":"https:\/\/pracek.si\/racunalniskatrgovina\/wp-json\/wp\/v2\/product_brand?post=54341"},{"taxonomy":"product_cat","embeddable":true,"href":"https:\/\/pracek.si\/racunalniskatrgovina\/wp-json\/wp\/v2\/product_cat?post=54341"},{"taxonomy":"product_tag","embeddable":true,"href":"https:\/\/pracek.si\/racunalniskatrgovina\/wp-json\/wp\/v2\/product_tag?post=54341"}],"curies":[{"name":"wp","href":"https:\/\/api.w.org\/{rel}","templated":true}]}}