{"id":54343,"date":"2025-07-30T15:33:16","date_gmt":"2025-07-30T14:33:16","guid":{"rendered":"https:\/\/pracek.si\/racunalniskatrgovina\/?post_type=product&#038;p=54343"},"modified":"2025-07-30T15:35:47","modified_gmt":"2025-07-30T14:35:47","slug":"italijanska-postavitev-tipkovnice-fujitsu-amilo-pro-v2055-k022429b1-xx","status":"publish","type":"product","link":"https:\/\/pracek.si\/racunalniskatrgovina\/izdelek\/italijanska-postavitev-tipkovnice-fujitsu-amilo-pro-v2055-k022429b1-xx\/","title":{"rendered":"Italijanska postavitev tipkovnice Fujitsu Amilo Pro V2055 K022429B1-XX"},"content":{"rendered":"<p>Izbolj\u0161ajte svojo izku\u0161njo tipkanja s tipkovnico Fujitsu Amilo Pro V2055, ki ima italijansko (IT) razporeditev (\u0161tevilka dela: K022429B1-XX). Ta originalna tipkovnica, ki je zasnovana za izbolj\u0161anje va\u0161ega ra\u010dunalni\u0161kega udobja in produktivnosti, ponuja brezhibno izku\u0161njo tipkanja s svojo ergonomsko zasnovo in zanesljivim delovanjem. Ista tipkovnica kot na sliki v seznamu!<\/p>\n<p>Proizvajalec Fujitsu, zaupanja vredno ime na podro\u010dju ra\u010dunalni\u0161ke tehnologije, je ta tipkovnica s postavitvijo v Zdru\u017eenem kraljestvu zasnovana za brezhibno integracijo z va\u0161im prenosnikom Amilo Pro V2055. Zasnovan je tako, da izpolnjuje stroge standarde kakovosti, ki jih je dolo\u010dil Fujitsu, kar zagotavlja vzdr\u017eljivost in dolgotrajno delovanje.<\/p>\n<p>Namestitev je enostavna zahvaljujo\u010d zasnovi plug-and-play, ki se popolnoma ujema z originalnimi komponentami va\u0161ega prenosnika. Z izbiro pristnih delov Fujitsu vlagate v kakovost in zanesljivost tipkovnice va\u0161ega prenosnika.<\/p>\n<p>Nadgradite svojo izku\u0161njo tipkanja s tipkovnico Fujitsu Amilo Pro V2055, UK Layout (\u0161tevilka dela: K022429B1-XX). U\u017eivajte v udobnem in u\u010dinkovitem tipkanju, prilagojenem va\u0161im \u017eeljam, na prenosnem ra\u010dunalniku Amilo Pro V2055. Pove\u010dajte svojo produktivnost s to zanesljivo in u\u010dinkovito tipkovnico.<\/p>\n<p>Pred nakupom preverite zdru\u017eljivost z va\u0161im modelom prenosnika.<\/p>\n","protected":false},"excerpt":{"rendered":"<p>Izbolj\u0161ajte udobje tipkanja in produktivnost na prenosnem ra\u010dunalniku Amilo Pro V2055 s tipkovnico Fujitsu Amilo Pro V2055, italijanska razporeditev (\u0161tevilka dela: K022429B1-XX). U\u017eivajte v u\u010dinkovitem tipkanju, prilagojenem \u017eeljam Zdru\u017eenega kraljestva.<\/p>\n","protected":false},"featured_media":41387,"template":"","meta":[],"product_brand":[],"product_cat":[2070],"product_tag":[2063,1818],"class_list":{"0":"post-54343","1":"product","2":"type-product","3":"status-publish","4":"has-post-thumbnail","6":"product_cat-tipkovnice-za-prenosnike","7":"product_tag-fujitsu","8":"product_tag-rezervni-deli","10":"first","11":"instock","12":"taxable","13":"shipping-taxable","14":"purchasable","15":"product-type-simple"},"_links":{"self":[{"href":"https:\/\/pracek.si\/racunalniskatrgovina\/wp-json\/wp\/v2\/product\/54343","targetHints":{"allow":["GET"]}}],"collection":[{"href":"https:\/\/pracek.si\/racunalniskatrgovina\/wp-json\/wp\/v2\/product"}],"about":[{"href":"https:\/\/pracek.si\/racunalniskatrgovina\/wp-json\/wp\/v2\/types\/product"}],"version-history":[{"count":0,"href":"https:\/\/pracek.si\/racunalniskatrgovina\/wp-json\/wp\/v2\/product\/54343\/revisions"}],"wp:featuredmedia":[{"embeddable":true,"href":"https:\/\/pracek.si\/racunalniskatrgovina\/wp-json\/wp\/v2\/media\/41387"}],"wp:attachment":[{"href":"https:\/\/pracek.si\/racunalniskatrgovina\/wp-json\/wp\/v2\/media?parent=54343"}],"wp:term":[{"taxonomy":"product_brand","embeddable":true,"href":"https:\/\/pracek.si\/racunalniskatrgovina\/wp-json\/wp\/v2\/product_brand?post=54343"},{"taxonomy":"product_cat","embeddable":true,"href":"https:\/\/pracek.si\/racunalniskatrgovina\/wp-json\/wp\/v2\/product_cat?post=54343"},{"taxonomy":"product_tag","embeddable":true,"href":"https:\/\/pracek.si\/racunalniskatrgovina\/wp-json\/wp\/v2\/product_tag?post=54343"}],"curies":[{"name":"wp","href":"https:\/\/api.w.org\/{rel}","templated":true}]}}