{"id":54374,"date":"2025-07-30T15:35:27","date_gmt":"2025-07-30T14:35:27","guid":{"rendered":"https:\/\/pracek.si\/racunalniskatrgovina\/?post_type=product&#038;p=54374"},"modified":"2025-07-30T15:37:16","modified_gmt":"2025-07-30T14:37:16","slug":"retina-13-palcna-sredina-leta-2014-a1502-usb-hdmi-sdxc-kartica-nadgradite-svojo-povezljivost","status":"publish","type":"product","link":"https:\/\/pracek.si\/racunalniskatrgovina\/izdelek\/retina-13-palcna-sredina-leta-2014-a1502-usb-hdmi-sdxc-kartica-nadgradite-svojo-povezljivost\/","title":{"rendered":"Retina, 13-pal\u010dna, sredina leta 2014 A1502 USB HDMI SDXC kartica &#8211; nadgradite svojo povezljivost"},"content":{"rendered":"<p>Odklenite izbolj\u0161ano povezljivost in raz\u0161irite zmogljivosti svojega MacBook Proja s kartico MacBook Pro Retina 13 A1502 USB HDMI SDXC iz sredine leta 2014. Ta kompakten in vsestranski pripomo\u010dek je zasnovan za brezhibno integracijo z va\u0161im prenosnikom ter vam nudi dodatna vrata in funkcije, s katerimi bo va\u0161a ra\u010dunalni\u0161ka izku\u0161nja \u0161e bolj priro\u010dna in u\u010dinkovita. \u0160TEVILKE DELOV: NYKS NM19 01ST 94V-0 04B CO250252005HFCTD16 PGN IQ\/BASSY<\/p>\n<p>Klju\u010dne lastnosti:<\/p>\n<p>&#8211; Zdru\u017eljivost: posebej zasnovano za MacBook Pro Retina 13 A1502 iz sredine 2014, kar zagotavlja popolno prileganje.<\/p>\n<p>&#8211; Raz\u0161iritev z ve\u010d vrati: Ta kartica ponuja vrata za \u010ditalnik kartic USB, HDMI in SDXC, kar vam omogo\u010da povezavo \u0161irokega nabora naprav in zunanjih naprav.<\/p>\n<p>&#8211; Izbolj\u0161ana produktivnost: preprosto pove\u017eite zunanje zaslone, prenesite podatke ali dostopajte do svojih kartic SDXC brez te\u017eav.<\/p>\n<p>&#8211; Plug-and-Play: Namestitev je enostavna \u2013 preprosto vstavite kartico v re\u017eo va\u0161ega MacBook Proja in \u017ee ste pripravljeni.<\/p>\n<p>&#8211; Kompakten in prenosljiv: kompaktna zasnova kartice pomeni, da jo lahko vzamete s seboj kamorkoli greste, kar vam zagotavlja vedno povezljivost, ki jo potrebujete.<\/p>\n<p>Nadgradite svoj MacBook Pro Retina 13 A1502 iz leta 2014 in u\u017eivajte v udobju dodanih vrat in funkcij. Ne glede na to, ali morate priklju\u010diti zunanje zaslone, prenesti podatke ali dostopati do kartic SDXC, je ta kartica USB HDMI SDXC odli\u010dna re\u0161itev.<\/p>\n<p>Upo\u0161tevajte, da so slike izdelkov na na\u0161em seznamu resni\u010dne fotografije dejanskega izdelka, ki ga boste prejeli, kar zagotavlja preglednost in zaupanje na\u0161ih strank. \u010ce imate kakr\u0161na koli vpra\u0161anja ali potrebujete pomo\u010d pri namestitvi, nas kontaktirajte in z veseljem vam bomo pomagali.<\/p>\n","protected":false},"excerpt":{"rendered":"<p>Izbolj\u0161ajte svoj MacBook Pro Retina 13 A1502 iz sredine 2014 s to kartico USB HDMI SDXC. U\u017eivajte v izbolj\u0161ani povezljivosti in vsestranskosti s tem bistvenim dodatkom za prenosni ra\u010dunalnik. Enostavna namestitev pomeni, da boste v trenutku pripravljeni za delovanje. Nadgradite svoj MacBook Pro zdaj!<\/p>\n","protected":false},"featured_media":41428,"template":"","meta":[],"product_brand":[],"product_cat":[2062],"product_tag":[2086,1818],"class_list":{"0":"post-54374","1":"product","2":"type-product","3":"status-publish","4":"has-post-thumbnail","6":"product_cat-maticne-plosce-in-deli-plosc","7":"product_tag-apple","8":"product_tag-rezervni-deli","10":"first","11":"instock","12":"taxable","13":"shipping-taxable","14":"purchasable","15":"product-type-simple"},"_links":{"self":[{"href":"https:\/\/pracek.si\/racunalniskatrgovina\/wp-json\/wp\/v2\/product\/54374","targetHints":{"allow":["GET"]}}],"collection":[{"href":"https:\/\/pracek.si\/racunalniskatrgovina\/wp-json\/wp\/v2\/product"}],"about":[{"href":"https:\/\/pracek.si\/racunalniskatrgovina\/wp-json\/wp\/v2\/types\/product"}],"version-history":[{"count":0,"href":"https:\/\/pracek.si\/racunalniskatrgovina\/wp-json\/wp\/v2\/product\/54374\/revisions"}],"wp:featuredmedia":[{"embeddable":true,"href":"https:\/\/pracek.si\/racunalniskatrgovina\/wp-json\/wp\/v2\/media\/41428"}],"wp:attachment":[{"href":"https:\/\/pracek.si\/racunalniskatrgovina\/wp-json\/wp\/v2\/media?parent=54374"}],"wp:term":[{"taxonomy":"product_brand","embeddable":true,"href":"https:\/\/pracek.si\/racunalniskatrgovina\/wp-json\/wp\/v2\/product_brand?post=54374"},{"taxonomy":"product_cat","embeddable":true,"href":"https:\/\/pracek.si\/racunalniskatrgovina\/wp-json\/wp\/v2\/product_cat?post=54374"},{"taxonomy":"product_tag","embeddable":true,"href":"https:\/\/pracek.si\/racunalniskatrgovina\/wp-json\/wp\/v2\/product_tag?post=54374"}],"curies":[{"name":"wp","href":"https:\/\/api.w.org\/{rel}","templated":true}]}}