{"id":54390,"date":"2025-07-30T15:36:13","date_gmt":"2025-07-30T14:36:13","guid":{"rendered":"https:\/\/pracek.si\/racunalniskatrgovina\/?post_type=product&#038;p=54390"},"modified":"2026-01-12T10:23:12","modified_gmt":"2026-01-12T09:23:12","slug":"plosca-za-kamero-spletne-kamere-za-dell-latitude-e5550-e5450-e3340-e7250-e7450-fhkk7-0fhkk7-3","status":"publish","type":"product","link":"https:\/\/pracek.si\/racunalniskatrgovina\/izdelek\/plosca-za-kamero-spletne-kamere-za-dell-latitude-e5550-e5450-e3340-e7250-e7450-fhkk7-0fhkk7-3\/","title":{"rendered":"Plo\u0161\u010da za kamero spletne kamere za Dell Latitude E5550 E5450 E3340 E7250 E7450 FHKK7 0FHKK7"},"content":{"rendered":"<p>Nadgradite svoj prenosni ra\u010dunalnik Dell Latitude E5550, E5450, E3340, E7250 ali E7450 s tem pristnim nadomestkom plo\u0161\u010de za spletno kamero. U\u017eivajte v kristalno \u010distih video klicih, virtualnih sestankih in snemanju videa, vse v visoki lo\u010dljivosti.<\/p>\n<p>Klju\u010dne lastnosti:<\/p>\n<p>&#8211; Zdru\u017eljivost: Ta plo\u0161\u010da kamere s spletno kamero je zasnovana tako, da se popolnoma prilega modelom Dell Latitude, vklju\u010dno z E5550, E5450, E3340, E7250 in E7450.<\/p>\n<p>&#8211; Pristna kakovost: Na\u0161i nadomestni deli so narejeni iz visokokakovostnih materialov, ki zagotavljajo vzdr\u017eljivost in vrhunsko delovanje.<\/p>\n<p>&#8211; Kakovost videoposnetka: Izkusite oster in jasen videoposnetek, idealen za delovne sestanke, virtualne razrede in ohranjanje povezave s prijatelji in dru\u017eino.<\/p>\n<p>&#8211; Priro\u010dna nadgradnja: Izbolj\u0161ajte zmogljivosti svojega prenosnika in ostanite produktivni s to zamenjavo plo\u0161\u010de za spletno kamero.<\/p>\n<p>Samozavestno nadgradite svoj prenosnik Dell Latitude, saj veste, da uporabljate originalne dele prenosnika. U\u017eivajte v visokokakovostnem videu in z lahkoto ostanite povezani.<\/p>\n<p>Upo\u0161tevajte, da so slike izdelkov na na\u0161em seznamu resni\u010dne fotografije dejanskih delov, ki jih boste prejeli, kar zagotavlja preglednost in zaupanje na\u0161ih strank. \u010ce imate kakr\u0161na koli vpra\u0161anja ali potrebujete pomo\u010d pri namestitvi, nas kontaktirajte in z veseljem vam bomo pomagali.<\/p>\n","protected":false},"excerpt":{"rendered":"<p>Izbolj\u0161ajte funkcionalnost svojega prenosnega ra\u010dunalnika Dell Latitude s to originalno zamenjavo plo\u0161\u010de kamere za spletno kamero za modele E5550, E5450, E3340, E7250 in E7450. Zagotovite jasne video klice in konferen\u010dne sestanke. Zaradi enostavne namestitve je ta prenosni del priro\u010dna nadgradnja.<\/p>\n","protected":false},"featured_media":41455,"template":"","meta":[],"product_brand":[],"product_cat":[2062],"product_tag":[2052,1818],"class_list":{"0":"post-54390","1":"product","2":"type-product","3":"status-publish","4":"has-post-thumbnail","6":"product_cat-maticne-plosce-in-deli-plosc","7":"product_tag-dell","8":"product_tag-rezervni-deli","10":"first","11":"instock","12":"taxable","13":"shipping-taxable","14":"purchasable","15":"product-type-simple"},"_links":{"self":[{"href":"https:\/\/pracek.si\/racunalniskatrgovina\/wp-json\/wp\/v2\/product\/54390","targetHints":{"allow":["GET"]}}],"collection":[{"href":"https:\/\/pracek.si\/racunalniskatrgovina\/wp-json\/wp\/v2\/product"}],"about":[{"href":"https:\/\/pracek.si\/racunalniskatrgovina\/wp-json\/wp\/v2\/types\/product"}],"version-history":[{"count":0,"href":"https:\/\/pracek.si\/racunalniskatrgovina\/wp-json\/wp\/v2\/product\/54390\/revisions"}],"wp:featuredmedia":[{"embeddable":true,"href":"https:\/\/pracek.si\/racunalniskatrgovina\/wp-json\/wp\/v2\/media\/41455"}],"wp:attachment":[{"href":"https:\/\/pracek.si\/racunalniskatrgovina\/wp-json\/wp\/v2\/media?parent=54390"}],"wp:term":[{"taxonomy":"product_brand","embeddable":true,"href":"https:\/\/pracek.si\/racunalniskatrgovina\/wp-json\/wp\/v2\/product_brand?post=54390"},{"taxonomy":"product_cat","embeddable":true,"href":"https:\/\/pracek.si\/racunalniskatrgovina\/wp-json\/wp\/v2\/product_cat?post=54390"},{"taxonomy":"product_tag","embeddable":true,"href":"https:\/\/pracek.si\/racunalniskatrgovina\/wp-json\/wp\/v2\/product_tag?post=54390"}],"curies":[{"name":"wp","href":"https:\/\/api.w.org\/{rel}","templated":true}]}}