{"id":54508,"date":"2025-07-30T15:42:33","date_gmt":"2025-07-30T14:42:33","guid":{"rendered":"https:\/\/pracek.si\/racunalniskatrgovina\/?post_type=product&#038;p=54508"},"modified":"2026-01-14T10:01:22","modified_gmt":"2026-01-14T09:01:22","slug":"zamenjava-spodnjega-pokrova-asus-eee-pc-1025c-gry026s-seashell-deli-za-prenosnike","status":"publish","type":"product","link":"https:\/\/pracek.si\/racunalniskatrgovina\/izdelek\/zamenjava-spodnjega-pokrova-asus-eee-pc-1025c-gry026s-seashell-deli-za-prenosnike\/","title":{"rendered":"Zamenjava spodnjega pokrova Asus Eee PC 1025c-gry026s Seashell &#8211; Deli za prenosnike"},"content":{"rendered":"<p>Ali va\u0161 Asus Eee PC 1025c-gry026s Seashell potrebuje zamenjavo spodnjega pokrova? Ne i\u0161\u010dite ve\u010d! Na\u0161 originalni spodnji pokrov Asus Eee PC Seashell Bottom Cover je tu, da va\u0161emu prenosniku vdahne novo \u017eivljenje.<\/p>\n<p>Klju\u010dne lastnosti:<\/p>\n<ul>\n<li>Pristen spodnji pokrov Asus: Ta nadomestni del je pristen izdelek Asus, ki zagotavlja popolno prileganje in zdru\u017eljivost z va\u0161im prenosnikom Asus Eee PC Seashell.<\/li>\n<li>Enostavna namestitev: Zasnovano za enostavno namestitev vam ni treba biti tehni\u010dni strokovnjak, da bi zamenjali spodnji pokrov va\u0161ega prenosnika. To je preprost postopek DIY, ki vam lahko prihrani \u010das in denar.<\/li>\n<li>Za\u0161\u010dita in estetika: Spodnji pokrov ne \u0161\u010diti le notranjih komponent va\u0161ega prenosnika, ampak tudi prispeva k njegovemu splo\u0161nemu videzu in ob\u010dutku. S tem nadomestkom lahko zagotovite optimalno delovanje va\u0161ega prenosnika, hkrati pa ohranite njegov eleganten videz.<\/li>\n<li>Zdru\u017eljivost: Ta spodnji pokrov je zdru\u017eljiv s prenosnimi ra\u010dunalniki Asus Eee PC Seashell, kar zagotavlja, da je primeren za va\u0161o napravo.<\/li>\n<\/ul>\n<p>\u010ce ste opazili obrabo na spodnjem pokrovu prenosnega ra\u010dunalnika ali ga morate iz kakr\u0161nega koli razloga zamenjati, je ta originalni spodnji pokrov Asus Eee PC Seashell re\u0161itev. Na\u0161 seznam izdelkov vklju\u010duje prave fotografije spodnjega pokrova, ki ga boste prejeli.<\/p>\n<p>Upo\u0161tevajte, da niso prilo\u017eena navodila za namestitev, vendar \u010de imate kakr\u0161na koli vpra\u0161anja ali potrebujete pomo\u010d, se obrnite na nas. Dajte svojemu Asus Eee PC Seashell nov zagon s tem bistvenim nadomestnim delom.<\/p>\n","protected":false},"excerpt":{"rendered":"<p>O\u017eivite svoj Asus Eee PC Seashell s tem pristnim nadomestnim spodnjim pokrovom. Ta ovitek, ki se brezhibno prilega, zagotavlja udobno in za\u0161\u010ditno ohi\u0161je za vitalne komponente va\u0161ega prenosnika. Natan\u010dno izdelan in zasnovan za enostavno namestitev je bistven del za ponovno vzpostavitev celovitosti va\u0161ega prenosnika.<\/p>\n","protected":false},"featured_media":41649,"template":"","meta":[],"product_brand":[],"product_cat":[2051],"product_tag":[2065,1818],"class_list":{"0":"post-54508","1":"product","2":"type-product","3":"status-publish","4":"has-post-thumbnail","6":"product_cat-ohisje-prenosnika","7":"product_tag-asus","8":"product_tag-rezervni-deli","10":"first","11":"instock","12":"taxable","13":"shipping-taxable","14":"purchasable","15":"product-type-simple"},"_links":{"self":[{"href":"https:\/\/pracek.si\/racunalniskatrgovina\/wp-json\/wp\/v2\/product\/54508","targetHints":{"allow":["GET"]}}],"collection":[{"href":"https:\/\/pracek.si\/racunalniskatrgovina\/wp-json\/wp\/v2\/product"}],"about":[{"href":"https:\/\/pracek.si\/racunalniskatrgovina\/wp-json\/wp\/v2\/types\/product"}],"version-history":[{"count":0,"href":"https:\/\/pracek.si\/racunalniskatrgovina\/wp-json\/wp\/v2\/product\/54508\/revisions"}],"wp:featuredmedia":[{"embeddable":true,"href":"https:\/\/pracek.si\/racunalniskatrgovina\/wp-json\/wp\/v2\/media\/41649"}],"wp:attachment":[{"href":"https:\/\/pracek.si\/racunalniskatrgovina\/wp-json\/wp\/v2\/media?parent=54508"}],"wp:term":[{"taxonomy":"product_brand","embeddable":true,"href":"https:\/\/pracek.si\/racunalniskatrgovina\/wp-json\/wp\/v2\/product_brand?post=54508"},{"taxonomy":"product_cat","embeddable":true,"href":"https:\/\/pracek.si\/racunalniskatrgovina\/wp-json\/wp\/v2\/product_cat?post=54508"},{"taxonomy":"product_tag","embeddable":true,"href":"https:\/\/pracek.si\/racunalniskatrgovina\/wp-json\/wp\/v2\/product_tag?post=54508"}],"curies":[{"name":"wp","href":"https:\/\/api.w.org\/{rel}","templated":true}]}}