{"id":54534,"date":"2025-07-30T15:44:06","date_gmt":"2025-07-30T14:44:06","guid":{"rendered":"https:\/\/pracek.si\/racunalniskatrgovina\/?post_type=product&#038;p=54534"},"modified":"2025-07-30T15:46:22","modified_gmt":"2025-07-30T14:46:22","slug":"originalna-slo-tipkovnica-za-asus-1025c-1025e-z-naslonom-za-dlani-in-sledilno-ploscico-13goa3f7ap041-20-mp-10b66gb-5288-04goa292kuk01-2","status":"publish","type":"product","link":"https:\/\/pracek.si\/racunalniskatrgovina\/izdelek\/originalna-slo-tipkovnica-za-asus-1025c-1025e-z-naslonom-za-dlani-in-sledilno-ploscico-13goa3f7ap041-20-mp-10b66gb-5288-04goa292kuk01-2\/","title":{"rendered":"Originalna SLO tipkovnica za Asus 1025C 1025E z naslonom za dlani in sledilno plo\u0161\u010dico 13GOA3F7AP041-20 MP-10B66GB-5288 04GOA292KUK01-2"},"content":{"rendered":"<p>Odkrijte popolno re\u0161itev za povrnitev prvotnega sijaja tipkovnice va\u0161ega prenosnika Asus 1025C\/1025E. Na\u0161a originalna SLO (slovenska) tipkovnica je opremljena z naslonom za dlani in sledilno plo\u0161\u010dico, kar zagotavlja, da je va\u0161 prenosnik videti in se po\u010dutiti kot nov.<\/p>\n<p>Klju\u010dne lastnosti:<\/p>\n<ul>\n<li>Originalna tipkovnica SLO za Asus 1025C\/1025E<\/li>\n<li>Vklju\u010duje naslon za dlani in sledilno plo\u0161\u010dico<\/li>\n<li>Natan\u010dno ujemanje s kodami izdelkov: 13GOA3F7AP041-20, MP-10B66GB-5288, 04GOA292KUK01-2<\/li>\n<li>Enostavna namestitev<\/li>\n<\/ul>\n<p>Zakaj izbrati na\u0161o originalno SLO\u00a0 tipkovnico? Tipkovnica je kriti\u010dna komponenta vsakega prenosnika in ko ne deluje optimalno ali je po\u0161kodovana, lahko ovira va\u0161o produktivnost. Ta nadomestna tipkovnica je zasnovana tako, da zagotavlja brezhibno izku\u0161njo tipkanja, tako kot original. Vklju\u010ditev naslona za dlani in sledilne plo\u0161\u010dice dodatno zagotavlja namestitev brez te\u017eav in teh komponent vam ne bo treba iskati posebej.<\/p>\n<p>Ne glede na to, ali je va\u0161a trenutna tipkovnica obrabljena ali po\u0161kodovana ali \u010de preprosto \u017eelite nadgraditi na tipkovnico Genuine SLO, je ta izdelek prava izbira. Prilo\u017eene kode izdelkov &#8211; 13GOA3F7AP041-20, MP-10B66GB-5288 in 04GOA292KUK01-2 &#8211; zagotavljajo popolno ujemanje z va\u0161im prenosnikom Asus 1025C\/1025E.<\/p>\n<p>Upo\u0161tevajte, da so na seznamu vklju\u010dene prave fotografije izdelka. \u010ce imate kakr\u0161na koli vpra\u0161anja ali potrebujete dodatno pomo\u010d, se obrnite na nas. Nadgradite tipkovnico svojega prenosnika in izku\u0161njo tipkanja s to originalno tipkovnico SLO in znova u\u017eivajte v ob\u010dutku popolnoma novega prenosnika.<\/p>\n","protected":false},"excerpt":{"rendered":"<p>Izbolj\u0161ajte svoj prenosni ra\u010dunalnik Asus 1025C\/1025E s to originalno tipkovnico SLO, skupaj z naslonom za dlani in sledilno plo\u0161\u010dico. Ta nadomestna tipkovnica je zasnovana za brezhibno in udobno izku\u0161njo tipkanja in se popolnoma prilega va\u0161emu prenosniku. Opremljen s kodami izdelkov 13GOA3F7AP041-20, MP-10B66GB-5288 in 04GOA292KUK01-2, zagotavlja natan\u010dno ujemanje z va\u0161o napravo. Zamenjajte staro ali po\u0161kodovano tipkovnico s to pristno tipkovnico SLO za Asus 1025C\/1025E.<\/p>\n","protected":false},"featured_media":41696,"template":"","meta":[],"product_brand":[],"product_cat":[2051],"product_tag":[2065,1818],"class_list":{"0":"post-54534","1":"product","2":"type-product","3":"status-publish","4":"has-post-thumbnail","6":"product_cat-ohisje-prenosnika","7":"product_tag-asus","8":"product_tag-rezervni-deli","10":"first","11":"instock","12":"taxable","13":"shipping-taxable","14":"purchasable","15":"product-type-simple"},"_links":{"self":[{"href":"https:\/\/pracek.si\/racunalniskatrgovina\/wp-json\/wp\/v2\/product\/54534","targetHints":{"allow":["GET"]}}],"collection":[{"href":"https:\/\/pracek.si\/racunalniskatrgovina\/wp-json\/wp\/v2\/product"}],"about":[{"href":"https:\/\/pracek.si\/racunalniskatrgovina\/wp-json\/wp\/v2\/types\/product"}],"version-history":[{"count":0,"href":"https:\/\/pracek.si\/racunalniskatrgovina\/wp-json\/wp\/v2\/product\/54534\/revisions"}],"wp:featuredmedia":[{"embeddable":true,"href":"https:\/\/pracek.si\/racunalniskatrgovina\/wp-json\/wp\/v2\/media\/41696"}],"wp:attachment":[{"href":"https:\/\/pracek.si\/racunalniskatrgovina\/wp-json\/wp\/v2\/media?parent=54534"}],"wp:term":[{"taxonomy":"product_brand","embeddable":true,"href":"https:\/\/pracek.si\/racunalniskatrgovina\/wp-json\/wp\/v2\/product_brand?post=54534"},{"taxonomy":"product_cat","embeddable":true,"href":"https:\/\/pracek.si\/racunalniskatrgovina\/wp-json\/wp\/v2\/product_cat?post=54534"},{"taxonomy":"product_tag","embeddable":true,"href":"https:\/\/pracek.si\/racunalniskatrgovina\/wp-json\/wp\/v2\/product_tag?post=54534"}],"curies":[{"name":"wp","href":"https:\/\/api.w.org\/{rel}","templated":true}]}}