{"id":54591,"date":"2025-07-30T15:47:40","date_gmt":"2025-07-30T14:47:40","guid":{"rendered":"https:\/\/pracek.si\/racunalniskatrgovina\/?post_type=product&#038;p=54591"},"modified":"2026-01-14T13:39:11","modified_gmt":"2026-01-14T12:39:11","slug":"lenovo-thinkpad-t460s-14-originalna-plosca-gumba-za-vklop-s-kablom-ns-b082-zamenjajte-gumb-za-vklop-s-pristnimi-deli","status":"publish","type":"product","link":"https:\/\/pracek.si\/racunalniskatrgovina\/izdelek\/lenovo-thinkpad-t460s-14-originalna-plosca-gumba-za-vklop-s-kablom-ns-b082-zamenjajte-gumb-za-vklop-s-pristnimi-deli\/","title":{"rendered":"Lenovo ThinkPad T460s 14 Originalna plo\u0161\u010da gumba za vklop s kablom NS-B082 &#8211; zamenjajte gumb za vklop s pristnimi deli"},"content":{"rendered":"<p>Lenovo ThinkPad T460s 14&#8243; originalna plo\u0161\u010da gumba za vklop s kablom NS-B082 je popolna re\u0161itev za tiste, ki \u017eelijo obnoviti delovanje gumba za vklop svojega prenosnika s pristnimi, pristnimi deli.<\/p>\n<p>Klju\u010dne lastnosti:<\/p>\n<ul>\n<li>Originalni del Lenovo<\/li>\n<li>Zdru\u017eljivo z Lenovo ThinkPad T460s<\/li>\n<li>Vklju\u010duje plo\u0161\u010do gumba za vklop in kabel (NS-B082)<\/li>\n<\/ul>\n<p>Ta plo\u0161\u010da gumba za vklop in kabel sta zasnovana tako, da se brezhibno prilegata va\u0161emu Lenovo ThinkPad T460s in zagotavljata natan\u010dno in zanesljivo delovanje gumba za vklop prenosnika. S tem nadomestkom lahko svojemu prenosniku vdihnete novo \u017eivljenje, ne da bi pri tem ogrozili kakovost.<\/p>\n<p>Upo\u0161tevajte, da ta seznam vklju\u010duje resni\u010dne fotografije plo\u0161\u010de z gumbom za vklop Lenovo ThinkPad T460s 14&#8243; Genuine s kablom NS-B082 in da niso prilo\u017eena navodila za namestitev. \u010ce imate kakr\u0161na koli vpra\u0161anja ali potrebujete dodatne informacije, se obrnite na nas. S tem originalnim delom Lenovo povrnite svojemu prenosniku njegov polni potencial.<\/p>\n","protected":false},"excerpt":{"rendered":"<p>O\u017eivite svoj prenosnik Lenovo ThinkPad T460s z originalno plo\u0161\u010do gumba za vklop in kablom NS-B082. Ta originalni del Lenovo zagotavlja zanesljivo in natan\u010dno delovanje gumba za vklop. Ne sklepajte kompromisov glede kakovosti, ko gre za zmogljivost va\u0161ega prenosnika. Nadgradite \u0161e danes!<\/p>\n","protected":false},"featured_media":41797,"template":"","meta":[],"product_brand":[],"product_cat":[2062],"product_tag":[2061,1818],"class_list":{"0":"post-54591","1":"product","2":"type-product","3":"status-publish","4":"has-post-thumbnail","6":"product_cat-maticne-plosce-in-deli-plosc","7":"product_tag-lenovo","8":"product_tag-rezervni-deli","10":"first","11":"instock","12":"taxable","13":"shipping-taxable","14":"purchasable","15":"product-type-simple"},"_links":{"self":[{"href":"https:\/\/pracek.si\/racunalniskatrgovina\/wp-json\/wp\/v2\/product\/54591","targetHints":{"allow":["GET"]}}],"collection":[{"href":"https:\/\/pracek.si\/racunalniskatrgovina\/wp-json\/wp\/v2\/product"}],"about":[{"href":"https:\/\/pracek.si\/racunalniskatrgovina\/wp-json\/wp\/v2\/types\/product"}],"version-history":[{"count":0,"href":"https:\/\/pracek.si\/racunalniskatrgovina\/wp-json\/wp\/v2\/product\/54591\/revisions"}],"wp:featuredmedia":[{"embeddable":true,"href":"https:\/\/pracek.si\/racunalniskatrgovina\/wp-json\/wp\/v2\/media\/41797"}],"wp:attachment":[{"href":"https:\/\/pracek.si\/racunalniskatrgovina\/wp-json\/wp\/v2\/media?parent=54591"}],"wp:term":[{"taxonomy":"product_brand","embeddable":true,"href":"https:\/\/pracek.si\/racunalniskatrgovina\/wp-json\/wp\/v2\/product_brand?post=54591"},{"taxonomy":"product_cat","embeddable":true,"href":"https:\/\/pracek.si\/racunalniskatrgovina\/wp-json\/wp\/v2\/product_cat?post=54591"},{"taxonomy":"product_tag","embeddable":true,"href":"https:\/\/pracek.si\/racunalniskatrgovina\/wp-json\/wp\/v2\/product_tag?post=54591"}],"curies":[{"name":"wp","href":"https:\/\/api.w.org\/{rel}","templated":true}]}}