{"id":54606,"date":"2025-07-30T15:48:32","date_gmt":"2025-07-30T14:48:32","guid":{"rendered":"https:\/\/pracek.si\/racunalniskatrgovina\/?post_type=product&#038;p=54606"},"modified":"2026-01-14T13:40:17","modified_gmt":"2026-01-14T12:40:17","slug":"originalni-gumb-za-vklop-prenosnika-lenovo-ideapad-s210-bh5290a","status":"publish","type":"product","link":"https:\/\/pracek.si\/racunalniskatrgovina\/izdelek\/originalni-gumb-za-vklop-prenosnika-lenovo-ideapad-s210-bh5290a\/","title":{"rendered":"Originalni gumb za vklop prenosnika Lenovo Ideapad S210 BH5290A"},"content":{"rendered":"<p>Ali gumb za vklop va\u0161ega prenosnika Lenovo Ideapad S210 ne deluje, kot bi moral? Ne skrbite; imamo re\u0161itev, ki jo potrebujete. Predstavljamo pristen gumb za vklop prenosnika Lenovo Ideapad S210 (BH5290A).<\/p>\n<p>Klju\u010dne lastnosti:<\/p>\n<ul>\n<li>Avtenti\u010dni nadomestni del Lenovo<\/li>\n<li>Zdru\u017eljivo s prenosniki Lenovo Ideapad S210<\/li>\n<li>Obnovite delovanje prenosnega ra\u010dunalnika<\/li>\n<li>Visoka kakovost in zanesljivost<\/li>\n<\/ul>\n<p>Ne glede na to, ali se va\u0161 gumb za vklop\/izklop ne odziva ali je popolnoma prenehal delovati, bo ta nadomestni gumb v hipu poskrbel, da bo va\u0161 prenosnik spet deloval. Ta gumb za vklop BH5290A je zasnovan tako, da ustreza standardom kakovosti Lenovo ter zagotavlja zdru\u017eljivost in delovanje, ki jima lahko zaupate.<\/p>\n<p>Upo\u0161tevajte, da ta seznam vklju\u010duje resni\u010dne fotografije originalnega gumba za vklop prenosnika Lenovo Ideapad S210 BH5290A. Navodila za namestitev niso na voljo, vendar se lahko obrnete na nas za kakr\u0161no koli pomo\u010d, ki jo morda potrebujete. S tem pristnim nadomestnim delom Lenovo obnovite nadzor napajanja va\u0161ega prenosnika in ohranite svojo napravo v odli\u010dnem delovnem stanju.<\/p>\n","protected":false},"excerpt":{"rendered":"<p>Zamenjajte gumb za vklop va\u0161ega prenosnika Lenovo Ideapad S210 s tem originalnim gumbom za vklop BH5290A. Obnovite funkcionalnost svojega prenosnika s tem pristnim nadomestnim delom.<\/p>\n","protected":false},"featured_media":41816,"template":"","meta":[],"product_brand":[],"product_cat":[2062],"product_tag":[2061,1818],"class_list":{"0":"post-54606","1":"product","2":"type-product","3":"status-publish","4":"has-post-thumbnail","6":"product_cat-maticne-plosce-in-deli-plosc","7":"product_tag-lenovo","8":"product_tag-rezervni-deli","10":"first","11":"instock","12":"taxable","13":"shipping-taxable","14":"purchasable","15":"product-type-simple"},"_links":{"self":[{"href":"https:\/\/pracek.si\/racunalniskatrgovina\/wp-json\/wp\/v2\/product\/54606","targetHints":{"allow":["GET"]}}],"collection":[{"href":"https:\/\/pracek.si\/racunalniskatrgovina\/wp-json\/wp\/v2\/product"}],"about":[{"href":"https:\/\/pracek.si\/racunalniskatrgovina\/wp-json\/wp\/v2\/types\/product"}],"version-history":[{"count":0,"href":"https:\/\/pracek.si\/racunalniskatrgovina\/wp-json\/wp\/v2\/product\/54606\/revisions"}],"wp:featuredmedia":[{"embeddable":true,"href":"https:\/\/pracek.si\/racunalniskatrgovina\/wp-json\/wp\/v2\/media\/41816"}],"wp:attachment":[{"href":"https:\/\/pracek.si\/racunalniskatrgovina\/wp-json\/wp\/v2\/media?parent=54606"}],"wp:term":[{"taxonomy":"product_brand","embeddable":true,"href":"https:\/\/pracek.si\/racunalniskatrgovina\/wp-json\/wp\/v2\/product_brand?post=54606"},{"taxonomy":"product_cat","embeddable":true,"href":"https:\/\/pracek.si\/racunalniskatrgovina\/wp-json\/wp\/v2\/product_cat?post=54606"},{"taxonomy":"product_tag","embeddable":true,"href":"https:\/\/pracek.si\/racunalniskatrgovina\/wp-json\/wp\/v2\/product_tag?post=54606"}],"curies":[{"name":"wp","href":"https:\/\/api.w.org\/{rel}","templated":true}]}}