{"id":54916,"date":"2025-07-30T16:52:40","date_gmt":"2025-07-30T15:52:40","guid":{"rendered":"https:\/\/pracek.si\/racunalniskatrgovina\/?post_type=product&#038;p=54916"},"modified":"2025-07-30T16:54:22","modified_gmt":"2025-07-30T15:54:22","slug":"macbook-pro-a1706-naslon-za-dlani-sklop-tipkovnice-originalna-baterija-sledilna-ploscica-zvocniki-prilozeni","status":"publish","type":"product","link":"https:\/\/pracek.si\/racunalniskatrgovina\/izdelek\/macbook-pro-a1706-naslon-za-dlani-sklop-tipkovnice-originalna-baterija-sledilna-ploscica-zvocniki-prilozeni\/","title":{"rendered":"MacBook Pro A1706 naslon za dlani &amp; Sklop tipkovnice &#8211; originalna baterija, sledilna plo\u0161\u010dica, zvo\u010dniki prilo\u017eeni!"},"content":{"rendered":"<p>Izbolj\u0161ajte svoj MacBook Pro &#8220;Core i5&#8243; 3.1 13&#8221; Mid-2017 A1706 s tem popolnim sklopom naslona za dlani in tipkovnice. Ta originalna komponenta vklju\u010duje sledilno plo\u0161\u010dico, zvo\u010dnike in pristno baterijo. Povrnite svojemu MacBook Pro-ju prvotni sijaj s tem obse\u017enim nadomestnim delom.<\/p>\n","protected":false},"excerpt":{"rendered":"<p>O\u017eivite svoj MacBook Pro &#8220;Core i5&#8243; 3.1 13&#8221; Mid-2017 A1706 s pristnim sklopom naslona za dlani in tipkovnice, ki vklju\u010duje originalno baterijo, sledilno plo\u0161\u010dico in zvo\u010dnike. Ta originalni del je zasnovan tako, da povrne estetiko in funkcionalnost va\u0161ega MacBook Pro-ja v tovarni\u0161ko stanje.<\/p>\n<p>Lastnosti:<\/p>\n<ul>\n<li>Zdru\u017eljivo z MacBook Pro &#8220;Core i5&#8243; 3.1 13&#8221; sredi leta 2017 A1706 (model: MacBookPro14,2)<\/li>\n<li>Celoten naslon za dlani &amp; sklop tipkovnice<\/li>\n<li>Vklju\u010duje originalno sledilno plo\u0161\u010dico, zvo\u010dnike in baterijo (baterija deluje, vendar ni bila testirana ve\u010d kot to).<\/li>\n<li>Skandinavska postavitev.<\/li>\n<\/ul>\n<p>Ne glede na to, ali \u017eelite zamenjati po\u0161kodovane dele ali preprosto obnoviti svoj MacBook Pro v prvotno stanje, ta sklop zagotavlja re\u0161itev brez te\u017eav.<\/p>\n<p>Upo\u0161tevajte, da resni\u010dne slike izdelkov prikazujejo natan\u010dno vklju\u010dene komponente. Navodila za namestitev niso na voljo, vendar \u010de potrebujete dodatno pomo\u010d ali imate vpra\u0161anja, se obrnite na nas. Dajte svojemu MacBook Pro novo \u017eivljenje s tem obse\u017enim, originalnim sklopom.<\/p>\n","protected":false},"featured_media":42256,"template":"","meta":[],"product_brand":[],"product_cat":[2051],"product_tag":[2086,1818],"class_list":{"0":"post-54916","1":"product","2":"type-product","3":"status-publish","4":"has-post-thumbnail","6":"product_cat-ohisje-prenosnika","7":"product_tag-apple","8":"product_tag-rezervni-deli","10":"first","11":"instock","12":"taxable","13":"shipping-taxable","14":"purchasable","15":"product-type-simple"},"_links":{"self":[{"href":"https:\/\/pracek.si\/racunalniskatrgovina\/wp-json\/wp\/v2\/product\/54916","targetHints":{"allow":["GET"]}}],"collection":[{"href":"https:\/\/pracek.si\/racunalniskatrgovina\/wp-json\/wp\/v2\/product"}],"about":[{"href":"https:\/\/pracek.si\/racunalniskatrgovina\/wp-json\/wp\/v2\/types\/product"}],"version-history":[{"count":0,"href":"https:\/\/pracek.si\/racunalniskatrgovina\/wp-json\/wp\/v2\/product\/54916\/revisions"}],"wp:featuredmedia":[{"embeddable":true,"href":"https:\/\/pracek.si\/racunalniskatrgovina\/wp-json\/wp\/v2\/media\/42256"}],"wp:attachment":[{"href":"https:\/\/pracek.si\/racunalniskatrgovina\/wp-json\/wp\/v2\/media?parent=54916"}],"wp:term":[{"taxonomy":"product_brand","embeddable":true,"href":"https:\/\/pracek.si\/racunalniskatrgovina\/wp-json\/wp\/v2\/product_brand?post=54916"},{"taxonomy":"product_cat","embeddable":true,"href":"https:\/\/pracek.si\/racunalniskatrgovina\/wp-json\/wp\/v2\/product_cat?post=54916"},{"taxonomy":"product_tag","embeddable":true,"href":"https:\/\/pracek.si\/racunalniskatrgovina\/wp-json\/wp\/v2\/product_tag?post=54916"}],"curies":[{"name":"wp","href":"https:\/\/api.w.org\/{rel}","templated":true}]}}