{"id":55418,"date":"2025-07-30T19:14:35","date_gmt":"2025-07-30T18:14:35","guid":{"rendered":"https:\/\/pracek.si\/racunalniskatrgovina\/?post_type=product&#038;p=55418"},"modified":"2026-01-19T08:00:11","modified_gmt":"2026-01-19T07:00:11","slug":"huadd0bldlc020110926-lcd-video-kabel-visoko-zmogljivi-deli-zaslona-prenosnika","status":"publish","type":"product","link":"https:\/\/pracek.si\/racunalniskatrgovina\/izdelek\/huadd0bldlc020110926-lcd-video-kabel-visoko-zmogljivi-deli-zaslona-prenosnika\/","title":{"rendered":"HUADD0BLDLC020110926 LCD video kabel &#8211; visoko zmogljivi deli zaslona prenosnika"},"content":{"rendered":"<p>HUADD0BLDLC020110926 LCD video kabel &#8211; optimalna zmogljivost zaslona &amp; Vzdr\u017eljivost. Bistvenega pomena za popravila prenosnikov &amp; Nadgradnje.<\/p>\n","protected":false},"excerpt":{"rendered":"<p>Nadgradite ali popravite zaslon prenosnika z na\u0161im visokokakovostnim video kablom LCD HUADD0BLDLC020110926. Ta vrhunski kabel je bistvenega pomena za prenos \u010distih in jasnih vizualnih podatkov z mati\u010dne plo\u0161\u010de va\u0161ega prenosnika na zaslon. Zasnovan je posebej za zdru\u017eljivost s \u0161iroko paleto modelov prenosnih ra\u010dunalnikov, kar zagotavlja popolno prileganje in optimalno delovanje. Ne glede na to, ali ste profesionalni tehnik ali DIY navdu\u0161enec, je ta video kabel LCD nepogre\u0161ljiv del kompleta delov va\u0161ega prenosnika. Narejen je iz trpe\u017enih, prilagodljivih materialov, zato je zgrajen tako, da prenese obremenitve redne uporabe, hkrati pa zagotavlja stabilno in zanesljivo povezavo. Ta kabel zagotavlja najbolj\u0161e delovanje zaslona va\u0161ega prenosnika in vam ponuja neprekinjeno vizualno izku\u0161njo. Na\u0161 LCD video kabel HUADD0BLDLC020110926 je idealen za tiste, ki \u017eelijo izbolj\u0161ati zmogljivosti zaslona svojega prenosnika ali odpraviti te\u017eave s povezljivostjo zaslona, zato je najbolj\u0161a izbira za popravila in nadgradnje visoko zmogljivih prenosnikov.<\/p>\n<p>Upo\u0161tevajte:<\/p>\n<ul>\n<li>Ta seznam vsebuje resni\u010dne fotografije LCD video kabla.<\/li>\n<li>Navodila za namestitev niso na voljo. \u010ce imate kakr\u0161na koli vpra\u0161anja ali potrebujete pomo\u010d, se obrnite na nas.<\/li>\n<\/ul>\n","protected":false},"featured_media":43118,"template":"","meta":[],"product_brand":[],"product_cat":[2055],"product_tag":[1818],"class_list":{"0":"post-55418","1":"product","2":"type-product","3":"status-publish","4":"has-post-thumbnail","6":"product_cat-kabli","7":"product_tag-rezervni-deli","9":"first","10":"instock","11":"taxable","12":"shipping-taxable","13":"purchasable","14":"product-type-simple"},"_links":{"self":[{"href":"https:\/\/pracek.si\/racunalniskatrgovina\/wp-json\/wp\/v2\/product\/55418","targetHints":{"allow":["GET"]}}],"collection":[{"href":"https:\/\/pracek.si\/racunalniskatrgovina\/wp-json\/wp\/v2\/product"}],"about":[{"href":"https:\/\/pracek.si\/racunalniskatrgovina\/wp-json\/wp\/v2\/types\/product"}],"version-history":[{"count":0,"href":"https:\/\/pracek.si\/racunalniskatrgovina\/wp-json\/wp\/v2\/product\/55418\/revisions"}],"wp:featuredmedia":[{"embeddable":true,"href":"https:\/\/pracek.si\/racunalniskatrgovina\/wp-json\/wp\/v2\/media\/43118"}],"wp:attachment":[{"href":"https:\/\/pracek.si\/racunalniskatrgovina\/wp-json\/wp\/v2\/media?parent=55418"}],"wp:term":[{"taxonomy":"product_brand","embeddable":true,"href":"https:\/\/pracek.si\/racunalniskatrgovina\/wp-json\/wp\/v2\/product_brand?post=55418"},{"taxonomy":"product_cat","embeddable":true,"href":"https:\/\/pracek.si\/racunalniskatrgovina\/wp-json\/wp\/v2\/product_cat?post=55418"},{"taxonomy":"product_tag","embeddable":true,"href":"https:\/\/pracek.si\/racunalniskatrgovina\/wp-json\/wp\/v2\/product_tag?post=55418"}],"curies":[{"name":"wp","href":"https:\/\/api.w.org\/{rel}","templated":true}]}}