{"id":55629,"date":"2025-07-31T08:46:29","date_gmt":"2025-07-31T07:46:29","guid":{"rendered":"https:\/\/pracek.si\/racunalniskatrgovina\/?post_type=product&#038;p=55629"},"modified":"2025-07-31T08:49:07","modified_gmt":"2025-07-31T07:49:07","slug":"nadomestni-del-za-hp-zbook-15-g1-g2-c-shell-naslon-za-dlani-734281-001","status":"publish","type":"product","link":"https:\/\/pracek.si\/racunalniskatrgovina\/izdelek\/nadomestni-del-za-hp-zbook-15-g1-g2-c-shell-naslon-za-dlani-734281-001\/","title":{"rendered":"Nadomestni del za HP ZBOOK 15 G1 G2 C Shell naslon za dlani 734281-001"},"content":{"rendered":"<p>Izbolj\u0161ajte estetiko in vzdr\u017eljivost svojega prenosnika HP ZBOOK 15 G1 G2 z naslonom za dlani HP 734281-001 C Shell. Ta originalni nadomestni del, izdelan za brez\u0161ivno prileganje, zagotavlja tesno povezavo in eleganten videz. Nadgradite videz in za\u0161\u010dito svojega prenosnika s tem originalnim ohi\u0161jem za naslon za dlani.<\/p>\n","protected":false},"excerpt":{"rendered":"<p>O\u017eivite svoj prenosni ra\u010dunalnik HP ZBOOK 15 G1 G2 s pristnim naslonom za dlani HP 734281-001 C Shell. Ta nadomestni del je zasnovan tako, da va\u0161i napravi doda sve\u017e videz, kot nov, hkrati pa nudi vzdr\u017eljivost in natan\u010dnost, ki ju pri\u010dakujete od HP-ja.<\/p>\n<p>Klju\u010dne lastnosti:<\/p>\n<ul>\n<li>\u0160tevilka dela: 734281-001 \/ AP0TJ000100<\/li>\n<li>Zdru\u017eljivost: prenosniki HP ZBOOK 15 G1 G2<\/li>\n<li>Originalni HP-jev nadomestni del<\/li>\n<\/ul>\n<p>Naslon za dlani HP C Shell 734281-001, zasnovan za preprosto namestitev, zagotavlja varno in brezhibno prileganje va\u0161emu prenosniku. Ne le izbolj\u0161a vizualno privla\u010dnost va\u0161e naprave, temve\u010d zagotavlja tudi bistveno za\u0161\u010dito za notranje komponente.<\/p>\n<p>Upo\u0161tevajte, da ta seznam vklju\u010duje pristne fotografije izdelkov, kar vam omogo\u010da, da natan\u010dno vidite, kaj boste prejeli. Navodila za namestitev niso na voljo, vendar smo tu, da vam pomagamo, \u010de imate kakr\u0161na koli vpra\u0161anja. Izbolj\u0161ajte estetiko in za\u0161\u010dito svojega prenosnika HP ZBOOK 15 G1 G2 s tem zanesljivim in elegantnim ohi\u0161jem za naslon za dlani.<\/p>\n","protected":false},"featured_media":43442,"template":"","meta":[],"product_brand":[],"product_cat":[2051],"product_tag":[1818],"class_list":{"0":"post-55629","1":"product","2":"type-product","3":"status-publish","4":"has-post-thumbnail","6":"product_cat-ohisje-prenosnika","7":"product_tag-rezervni-deli","9":"first","10":"instock","11":"taxable","12":"shipping-taxable","13":"purchasable","14":"product-type-simple"},"_links":{"self":[{"href":"https:\/\/pracek.si\/racunalniskatrgovina\/wp-json\/wp\/v2\/product\/55629","targetHints":{"allow":["GET"]}}],"collection":[{"href":"https:\/\/pracek.si\/racunalniskatrgovina\/wp-json\/wp\/v2\/product"}],"about":[{"href":"https:\/\/pracek.si\/racunalniskatrgovina\/wp-json\/wp\/v2\/types\/product"}],"version-history":[{"count":0,"href":"https:\/\/pracek.si\/racunalniskatrgovina\/wp-json\/wp\/v2\/product\/55629\/revisions"}],"wp:featuredmedia":[{"embeddable":true,"href":"https:\/\/pracek.si\/racunalniskatrgovina\/wp-json\/wp\/v2\/media\/43442"}],"wp:attachment":[{"href":"https:\/\/pracek.si\/racunalniskatrgovina\/wp-json\/wp\/v2\/media?parent=55629"}],"wp:term":[{"taxonomy":"product_brand","embeddable":true,"href":"https:\/\/pracek.si\/racunalniskatrgovina\/wp-json\/wp\/v2\/product_brand?post=55629"},{"taxonomy":"product_cat","embeddable":true,"href":"https:\/\/pracek.si\/racunalniskatrgovina\/wp-json\/wp\/v2\/product_cat?post=55629"},{"taxonomy":"product_tag","embeddable":true,"href":"https:\/\/pracek.si\/racunalniskatrgovina\/wp-json\/wp\/v2\/product_tag?post=55629"}],"curies":[{"name":"wp","href":"https:\/\/api.w.org\/{rel}","templated":true}]}}