{"id":55713,"date":"2025-07-31T08:51:35","date_gmt":"2025-07-31T07:51:35","guid":{"rendered":"https:\/\/pracek.si\/racunalniskatrgovina\/?post_type=product&#038;p=55713"},"modified":"2026-01-19T08:13:08","modified_gmt":"2026-01-19T07:13:08","slug":"original-dell-pp41l-bottom-base-cn-0u499f-38561-9av-deli-za-prenosnike","status":"publish","type":"product","link":"https:\/\/pracek.si\/racunalniskatrgovina\/izdelek\/original-dell-pp41l-bottom-base-cn-0u499f-38561-9av-deli-za-prenosnike\/","title":{"rendered":"Original Dell PP41L Bottom Base CN-0U499F-38561-9AV &#8211; Deli za prenosnike"},"content":{"rendered":"<p>Nadgradite svoj prenosni ra\u010dunalnik Dell s tem pristnim spodnjim podstavkom PP41L. Zagotavljanje kakovosti s CN-0U499F-38561-9AV. Pove\u010dajte zmogljivost in vzdr\u017eljivost. Na voljo je dostava po vsem svetu.<\/p>\n","protected":false},"excerpt":{"rendered":"<p>Preoblikujte in izbolj\u0161ajte svoj prenosnik Dell z na\u0161im originalnim spodnjim podstavkom Dell PP41L. Ta prenosni del, izdelan za odli\u010dnost, je zasnovan tako, da zagotavlja optimalno delovanje, vzdr\u017eljivost in brezhibno integracijo.<\/p>\n<p><strong>Klju\u010dne lastnosti:<\/strong><\/p>\n<ul>\n<li>Originalni spodnji del Dell PP41L<\/li>\n<li>Zagotavljanje kakovosti za zanesljivost<\/li>\n<li>Enostaven za namestitev za hitre nadgradnje<\/li>\n<\/ul>\n<p><strong>Zdru\u017eljivost:<\/strong> Ta prenosni del je posebej zasnovan za prenosnike Dell in zagotavlja popolno prileganje in funkcionalnost. Preverite zdru\u017eljivost va\u0161ega modela prenosnika.<\/p>\n<p><strong>Dostava po vsem svetu:<\/strong> Zavedamo se pomena dostopnosti. Zato nudimo dostavo po vsem svetu, s \u010dimer na\u0161e kakovostne dele za prenosnike pripeljemo prav do va\u0161ega praga, kjer koli \u017ee ste.<\/p>\n<p><strong>Opomba:<\/strong> Ta seznam izdelkov vklju\u010duje prave fotografije spodnjega podstavka Dell PP41L. Bodite prepri\u010dani, kar vidite, to dobite.<\/p>\n<p>Nadgradite svoj prenosni ra\u010dunalnik Dell brez truda s tem pristnim spodnjim podstavkom Dell PP41L. \u010ce imate kakr\u0161na koli vpra\u0161anja ali potrebujete pomo\u010d pri namestitvi, nam pi\u0161ite. Ne nudimo navodil, vendar smo tu, da vam pomagamo, da kar najbolje izkoristite svoj nakup.<\/p>\n<p><strong>Naro\u010dite zdaj in izbolj\u0161ajte zmogljivost svojega prenosnika Dell!<\/strong><\/p>\n","protected":false},"featured_media":43584,"template":"","meta":[],"product_brand":[],"product_cat":[2062,2051],"product_tag":[2061,1818],"class_list":{"0":"post-55713","1":"product","2":"type-product","3":"status-publish","4":"has-post-thumbnail","6":"product_cat-maticne-plosce-in-deli-plosc","7":"product_cat-ohisje-prenosnika","8":"product_tag-lenovo","9":"product_tag-rezervni-deli","11":"first","12":"instock","13":"taxable","14":"shipping-taxable","15":"purchasable","16":"product-type-simple"},"_links":{"self":[{"href":"https:\/\/pracek.si\/racunalniskatrgovina\/wp-json\/wp\/v2\/product\/55713","targetHints":{"allow":["GET"]}}],"collection":[{"href":"https:\/\/pracek.si\/racunalniskatrgovina\/wp-json\/wp\/v2\/product"}],"about":[{"href":"https:\/\/pracek.si\/racunalniskatrgovina\/wp-json\/wp\/v2\/types\/product"}],"version-history":[{"count":0,"href":"https:\/\/pracek.si\/racunalniskatrgovina\/wp-json\/wp\/v2\/product\/55713\/revisions"}],"wp:featuredmedia":[{"embeddable":true,"href":"https:\/\/pracek.si\/racunalniskatrgovina\/wp-json\/wp\/v2\/media\/43584"}],"wp:attachment":[{"href":"https:\/\/pracek.si\/racunalniskatrgovina\/wp-json\/wp\/v2\/media?parent=55713"}],"wp:term":[{"taxonomy":"product_brand","embeddable":true,"href":"https:\/\/pracek.si\/racunalniskatrgovina\/wp-json\/wp\/v2\/product_brand?post=55713"},{"taxonomy":"product_cat","embeddable":true,"href":"https:\/\/pracek.si\/racunalniskatrgovina\/wp-json\/wp\/v2\/product_cat?post=55713"},{"taxonomy":"product_tag","embeddable":true,"href":"https:\/\/pracek.si\/racunalniskatrgovina\/wp-json\/wp\/v2\/product_tag?post=55713"}],"curies":[{"name":"wp","href":"https:\/\/api.w.org\/{rel}","templated":true}]}}