{"id":55735,"date":"2025-07-31T08:53:13","date_gmt":"2025-07-31T07:53:13","guid":{"rendered":"https:\/\/pracek.si\/racunalniskatrgovina\/?post_type=product&#038;p=55735"},"modified":"2026-01-13T14:52:13","modified_gmt":"2026-01-13T13:52:13","slug":"originalni-gibljivi-kabel-lcd-za-prenosni-racunalnik-lenovo-thinkpad-t430s-2355-0b41092-led-nadomestni-del","status":"publish","type":"product","link":"https:\/\/pracek.si\/racunalniskatrgovina\/izdelek\/originalni-gibljivi-kabel-lcd-za-prenosni-racunalnik-lenovo-thinkpad-t430s-2355-0b41092-led-nadomestni-del\/","title":{"rendered":"Originalni gibljivi kabel LCD za prenosni ra\u010dunalnik Lenovo Thinkpad T430s-2355 0B41092 LED &#8211; nadomestni del"},"content":{"rendered":"<p>Nadgradite ali zamenjajte gibljivi kabel LCD va\u0161ega prenosnika s tem originalnim modelom Lenovo Thinkpad T430s-2355 0B41092 LED. Zagotovite jasen zaslon in brezhibno delovanje za prenosni ra\u010dunalnik Lenovo Thinkpad T430s-2355. Zaupajte v kakovost in zdru\u017eljivost \u2013 kupujte originalne dele prenosnika na Siggmo.com.<\/p>\n","protected":false},"excerpt":{"rendered":"<p>Izbolj\u0161ajte vizualno izku\u0161njo svojega prenosnega ra\u010dunalnika Lenovo Thinkpad T430s-2355 z originalnim Lenovo LCD Flex Cable 0B41092 LED. Ta visokokakovosten nadomestni del je zasnovan tako, da zagotavlja brezhibno povezavo med mati\u010dno plo\u0161\u010do in zaslonom va\u0161ega prenosnika, kar zagotavlja optimalno delovanje in jasnost.<\/p>\n<p><strong>Zdru\u017eljivost:<\/strong> Ta kabel LCD Flex je zasnovan posebej za model Lenovo Thinkpad T430s-2355 in zagotavlja popolno prileganje in zanesljivo delovanje. Je pristen del Lenovo, ki vam zagotavlja enako kakovost kot original.<\/p>\n<p><strong>Enostavna namestitev:<\/strong> Z lahkoto zamenjajte svoj stari ali okvarjeni kabel LCD Flex. \u010ceprav ne ponujamo navodil po korakih, so na\u0161i originalni deli uporabniku prijazni za tiste z osnovnimi tehni\u010dnimi znanji. \u010ce naletite na te\u017eave ali imate vpra\u0161anja, nam pi\u0161ite za pomo\u010d.<\/p>\n<p><strong>Zagotavljanje kakovosti:<\/strong> V podjetju Siggmo dajemo prednost kakovosti. Na\u0161 originalni LCD-fleksibilni kabel Lenovo Thinkpad T430s-2355 je temeljito testiran, da ustreza industrijskim standardom, kar zagotavlja trajno in zanesljivo povezavo za zaslon va\u0161ega prenosnika.<\/p>\n<p><strong>Dostava po vsem svetu:<\/strong> Ne glede na to, ali ste v Evropi ali kjer koli drugje po svetu, nudimo hitro in zanesljivo dostavo. Bodite mirni, saj veste, da prave fotografije na seznamu natan\u010dno prikazujejo izdelek, ki ga boste prejeli.<\/p>\n<p>Nadgradite svoj zaslon prenosnika \u0161e danes z originalnim LCD-prilagodljivim kablom Lenovo Thinkpad T430s-2355 0B41092 LED. Zaupajte Siggmo za pristne dele prenosnika, kakovostne storitve in dostavo po vsem svetu. \u010ce imate kakr\u0161na koli vpra\u0161anja ali potrebujete pomo\u010d, ne oklevajte in se obrnite na nas. Va\u0161e zadovoljstvo je na\u0161a prioriteta.<\/p>\n","protected":false},"featured_media":43624,"template":"","meta":[],"product_brand":[],"product_cat":[2055],"product_tag":[2061,1818],"class_list":{"0":"post-55735","1":"product","2":"type-product","3":"status-publish","4":"has-post-thumbnail","6":"product_cat-kabli","7":"product_tag-lenovo","8":"product_tag-rezervni-deli","10":"first","11":"instock","12":"taxable","13":"shipping-taxable","14":"purchasable","15":"product-type-simple"},"_links":{"self":[{"href":"https:\/\/pracek.si\/racunalniskatrgovina\/wp-json\/wp\/v2\/product\/55735","targetHints":{"allow":["GET"]}}],"collection":[{"href":"https:\/\/pracek.si\/racunalniskatrgovina\/wp-json\/wp\/v2\/product"}],"about":[{"href":"https:\/\/pracek.si\/racunalniskatrgovina\/wp-json\/wp\/v2\/types\/product"}],"version-history":[{"count":0,"href":"https:\/\/pracek.si\/racunalniskatrgovina\/wp-json\/wp\/v2\/product\/55735\/revisions"}],"wp:featuredmedia":[{"embeddable":true,"href":"https:\/\/pracek.si\/racunalniskatrgovina\/wp-json\/wp\/v2\/media\/43624"}],"wp:attachment":[{"href":"https:\/\/pracek.si\/racunalniskatrgovina\/wp-json\/wp\/v2\/media?parent=55735"}],"wp:term":[{"taxonomy":"product_brand","embeddable":true,"href":"https:\/\/pracek.si\/racunalniskatrgovina\/wp-json\/wp\/v2\/product_brand?post=55735"},{"taxonomy":"product_cat","embeddable":true,"href":"https:\/\/pracek.si\/racunalniskatrgovina\/wp-json\/wp\/v2\/product_cat?post=55735"},{"taxonomy":"product_tag","embeddable":true,"href":"https:\/\/pracek.si\/racunalniskatrgovina\/wp-json\/wp\/v2\/product_tag?post=55735"}],"curies":[{"name":"wp","href":"https:\/\/api.w.org\/{rel}","templated":true}]}}