{"id":55743,"date":"2025-07-31T08:54:01","date_gmt":"2025-07-31T07:54:01","guid":{"rendered":"https:\/\/pracek.si\/racunalniskatrgovina\/?post_type=product&#038;p=55743"},"modified":"2025-07-31T08:55:53","modified_gmt":"2025-07-31T07:55:53","slug":"original-lenovo-dc-jack-power-za-t410-t420-t430-04w6888-04w6889-0b41319-deli-za-prenosnike","status":"publish","type":"product","link":"https:\/\/pracek.si\/racunalniskatrgovina\/izdelek\/original-lenovo-dc-jack-power-za-t410-t420-t430-04w6888-04w6889-0b41319-deli-za-prenosnike\/","title":{"rendered":"Original Lenovo DC Jack Power za T410 T420 T430 &#8211; 04W6888 04W6889 0B41319 &#8211; Deli za prenosnike"},"content":{"rendered":"<p>Nadgradite svoj prenosni ra\u010dunalnik Lenovo s tem originalnim nadomestkom za DC Jack Power. Zdru\u017eljiv z modeli T410, T420 in T430, ta del (04W6888, 04W6889, 0B41319) zagotavlja zanesljivo elektri\u010dno povezavo. Pristna kakovost Lenovo zagotavlja optimalno delovanje. Ne sklepajte kompromisov glede mo\u010di va\u0161ega prenosnika \u2013 izberite najbolj\u0161e dele prenosnika na Siggmo.com.<\/p>\n","protected":false},"excerpt":{"rendered":"<p>Izbolj\u0161ajte zmogljivost va\u0161ega prenosnika Lenovo z na\u0161im originalnim nadomestkom za napajanje z enosmernim tokom, zasnovanim posebej za modele T410, T420 in T430. Paket vklju\u010duje osnovne dele: 04W6888, 04W6889 in 0B41319.<\/p>\n<p><strong>Klju\u010dne lastnosti:<\/strong><\/p>\n<ul>\n<li><strong>Zdru\u017eljivost:<\/strong> Zagotovite zdru\u017eljivost s svojimi prenosniki Lenovo T410, T420 in T430.<\/li>\n<li><strong>Izvirna kakovost Lenovo:<\/strong> Zaupajte v pristnost in kakovost originalnih delov prenosnika Lenovo.<\/li>\n<li><strong>Zanesljiva napajalna povezava:<\/strong> DC Jack Power je kriti\u010dna komponenta za vzdr\u017eevanje stabilne napajalne povezave, ki je klju\u010dna za optimalno delovanje va\u0161ega prenosnika.<\/li>\n<li><strong>Enostavna namestitev:<\/strong> Zamenjajte del brez truda; podrobnih navodil ni, vendar je pomo\u010d na voljo prek sporo\u010dil.<\/li>\n<li><strong>Dostava po vsem svetu:<\/strong> Na\u0161e originalne dele prenosnika po\u0161iljamo po vsem svetu, kar vam zagotavlja dostop do kakovostnih komponent, kjer koli \u017ee ste.<\/li>\n<\/ul>\n<p>Samozavestno nadgradite svoj prenosnik, saj veste, da fotografije na seznamu prikazujejo prave dele, ki jih boste prejeli. Pri Siggmu dajemo prednost pristnosti, kakovosti in zadovoljstvu strank. \u010ce imate kakr\u0161na koli vpra\u0161anja ali potrebujete pomo\u010d, nam pi\u0161ite. Okrepite svoj prenosnik Lenovo z najbolj\u0161im \u2013 izberite Siggmo za potrebe po delih prenosnika.<\/p>\n","protected":false},"featured_media":43630,"template":"","meta":[],"product_brand":[],"product_cat":[2055],"product_tag":[2061,1818],"class_list":{"0":"post-55743","1":"product","2":"type-product","3":"status-publish","4":"has-post-thumbnail","6":"product_cat-kabli","7":"product_tag-lenovo","8":"product_tag-rezervni-deli","10":"first","11":"instock","12":"taxable","13":"shipping-taxable","14":"purchasable","15":"product-type-simple"},"_links":{"self":[{"href":"https:\/\/pracek.si\/racunalniskatrgovina\/wp-json\/wp\/v2\/product\/55743","targetHints":{"allow":["GET"]}}],"collection":[{"href":"https:\/\/pracek.si\/racunalniskatrgovina\/wp-json\/wp\/v2\/product"}],"about":[{"href":"https:\/\/pracek.si\/racunalniskatrgovina\/wp-json\/wp\/v2\/types\/product"}],"version-history":[{"count":0,"href":"https:\/\/pracek.si\/racunalniskatrgovina\/wp-json\/wp\/v2\/product\/55743\/revisions"}],"wp:featuredmedia":[{"embeddable":true,"href":"https:\/\/pracek.si\/racunalniskatrgovina\/wp-json\/wp\/v2\/media\/43630"}],"wp:attachment":[{"href":"https:\/\/pracek.si\/racunalniskatrgovina\/wp-json\/wp\/v2\/media?parent=55743"}],"wp:term":[{"taxonomy":"product_brand","embeddable":true,"href":"https:\/\/pracek.si\/racunalniskatrgovina\/wp-json\/wp\/v2\/product_brand?post=55743"},{"taxonomy":"product_cat","embeddable":true,"href":"https:\/\/pracek.si\/racunalniskatrgovina\/wp-json\/wp\/v2\/product_cat?post=55743"},{"taxonomy":"product_tag","embeddable":true,"href":"https:\/\/pracek.si\/racunalniskatrgovina\/wp-json\/wp\/v2\/product_tag?post=55743"}],"curies":[{"name":"wp","href":"https:\/\/api.w.org\/{rel}","templated":true}]}}