{"id":55758,"date":"2025-07-31T08:54:49","date_gmt":"2025-07-31T07:54:49","guid":{"rendered":"https:\/\/pracek.si\/racunalniskatrgovina\/?post_type=product&#038;p=55758"},"modified":"2026-01-19T09:03:33","modified_gmt":"2026-01-19T08:03:33","slug":"dell-vostro-1015-notranja-bluetooth-modulna-kartica-s-kablom-0cw725-deli-prenosnika","status":"publish","type":"product","link":"https:\/\/pracek.si\/racunalniskatrgovina\/izdelek\/dell-vostro-1015-notranja-bluetooth-modulna-kartica-s-kablom-0cw725-deli-prenosnika\/","title":{"rendered":"Dell Vostro 1015 notranja Bluetooth modulna kartica s kablom 0CW725 Deli prenosnika"},"content":{"rendered":"<p>Izbolj\u0161ajte zmogljivosti svojega prenosnika Dell Vostro 1015 z na\u0161o notranjo modulno kartico Bluetooth! Originalni del 0CW725 zagotavlja brezhibno povezljivost in zagotavljamo hitro dostavo. Nadgradite \u0161e danes!<\/p>\n","protected":false},"excerpt":{"rendered":"<p>Odklenite izbolj\u0161ano povezljivost za prenosni ra\u010dunalnik Dell Vostro 1015 z na\u0161o visokokakovostno notranjo modulno kartico Bluetooth z zanesljivim kablom \u2013 \u0161tevilka dela 0CW725. Ta pristen izdelek Dell zagotavlja zdru\u017eljivost in optimalno delovanje ter vam zagotavlja brezhibno izku\u0161njo Bluetooth.<\/p>\n<p><strong>Klju\u010dne lastnosti:<\/strong><\/p>\n<ul>\n<li><strong>Zdru\u017eljivost:<\/strong> Zasnovan posebej za prenosne ra\u010dunalnike Dell Vostro 1015.<\/li>\n<li><strong>Hitra dostava:<\/strong> Zavedamo se nujnosti va\u0161ih potreb. Na\u0161a u\u010dinkovita dostava zagotavlja, da va\u0161 del prispe takoj.<\/li>\n<li><strong>Pristna kakovost:<\/strong> Zaupajte v pristnost Bluetooth modula Dell 0CW725 za brezhibno integracijo in delovanje.<\/li>\n<li><strong>Enostavna namestitev:<\/strong> \u010ceprav ne nudimo navodil za namestitev, se obrnite na nas, \u010de potrebujete pomo\u010d.<\/li>\n<\/ul>\n<p>Nadgradite svoj prenosnik \u0161e danes in u\u017eivajte v priro\u010dnosti povezave Bluetooth. Upo\u0161tevajte, da so fotografije na seznamu resni\u010dne slike delov, ki jih boste prejeli, kar zagotavlja preglednost in zaupanje v va\u0161 nakup.<\/p>\n<p>Za vsa vpra\u0161anja ali dodatno podporo nam pi\u0161ite. Izbolj\u0161ajte svoj Dell Vostro 1015 z najnovej\u0161o tehnologijo Bluetooth!<\/p>\n","protected":false},"featured_media":43667,"template":"","meta":[],"product_brand":[],"product_cat":[2062],"product_tag":[2052,1818],"class_list":{"0":"post-55758","1":"product","2":"type-product","3":"status-publish","4":"has-post-thumbnail","6":"product_cat-maticne-plosce-in-deli-plosc","7":"product_tag-dell","8":"product_tag-rezervni-deli","10":"first","11":"instock","12":"taxable","13":"shipping-taxable","14":"purchasable","15":"product-type-simple"},"_links":{"self":[{"href":"https:\/\/pracek.si\/racunalniskatrgovina\/wp-json\/wp\/v2\/product\/55758","targetHints":{"allow":["GET"]}}],"collection":[{"href":"https:\/\/pracek.si\/racunalniskatrgovina\/wp-json\/wp\/v2\/product"}],"about":[{"href":"https:\/\/pracek.si\/racunalniskatrgovina\/wp-json\/wp\/v2\/types\/product"}],"version-history":[{"count":0,"href":"https:\/\/pracek.si\/racunalniskatrgovina\/wp-json\/wp\/v2\/product\/55758\/revisions"}],"wp:featuredmedia":[{"embeddable":true,"href":"https:\/\/pracek.si\/racunalniskatrgovina\/wp-json\/wp\/v2\/media\/43667"}],"wp:attachment":[{"href":"https:\/\/pracek.si\/racunalniskatrgovina\/wp-json\/wp\/v2\/media?parent=55758"}],"wp:term":[{"taxonomy":"product_brand","embeddable":true,"href":"https:\/\/pracek.si\/racunalniskatrgovina\/wp-json\/wp\/v2\/product_brand?post=55758"},{"taxonomy":"product_cat","embeddable":true,"href":"https:\/\/pracek.si\/racunalniskatrgovina\/wp-json\/wp\/v2\/product_cat?post=55758"},{"taxonomy":"product_tag","embeddable":true,"href":"https:\/\/pracek.si\/racunalniskatrgovina\/wp-json\/wp\/v2\/product_tag?post=55758"}],"curies":[{"name":"wp","href":"https:\/\/api.w.org\/{rel}","templated":true}]}}