{"id":55798,"date":"2025-07-31T08:57:20","date_gmt":"2025-07-31T07:57:20","guid":{"rendered":"https:\/\/pracek.si\/racunalniskatrgovina\/?post_type=product&#038;p=55798"},"modified":"2025-07-31T08:59:52","modified_gmt":"2025-07-31T07:59:52","slug":"posamezna-tipka-za-tipkovnico-prenosnega-racunalnika-za-serijo-asus-f552-postavitev-v-zdruzenem-kraljestvu-brez-osvetlitve-ozadja-del-oknbo-612bwb00","status":"publish","type":"product","link":"https:\/\/pracek.si\/racunalniskatrgovina\/izdelek\/posamezna-tipka-za-tipkovnico-prenosnega-racunalnika-za-serijo-asus-f552-postavitev-v-zdruzenem-kraljestvu-brez-osvetlitve-ozadja-del-oknbo-612bwb00\/","title":{"rendered":"Posamezna tipka za tipkovnico prenosnega ra\u010dunalnika za serijo Asus F552 &#8211; postavitev v Zdru\u017eenem kraljestvu, brez osvetlitve ozadja &#8211; del OKNBO-612BWB00"},"content":{"rendered":"<p>Izbolj\u0161ajte svoj prenosnik Asus F552 z na\u0161o tipko tipkovnice z individualno razporeditvijo v Zdru\u017eenem kraljestvu \u2013 popolno nadomestilo za po\u0161kodovane ali manjkajo\u010de tipke. Realne fotografije v seznamu zagotavljajo preglednost, paket pa vklju\u010duje klju\u010d in bistvene sponke za tipkovnico (te\u010daji). Opomba: Navodila niso prilo\u017eena, vendar je pomo\u010d oddaljena le eno sporo\u010dilo. Ravnajte previdno \u2013 ob\u010dutljivi te\u010daji!<\/p>\n","protected":false},"excerpt":{"rendered":"<div class=\"flex-1 overflow-hidden\">\n<div class=\"react-scroll-to-bottom--css-ecnvr-79elbk h-full\">\n<div class=\"react-scroll-to-bottom--css-ecnvr-1n7m0yu\">\n<div class=\"flex flex-col pb-9 text-sm\">\n<div class=\"w-full text-token-text-primary\" data-testid=\"conversation-turn-5\">\n<div class=\"px-4 py-2 justify-center text-base md:gap-6 m-auto\">\n<div class=\"flex flex-1 text-base mx-auto gap-3 md:px-5 lg:px-1 xl:px-5 md:max-w-3xl lg:max-w-[40rem] xl:max-w-[48rem] group final-completion\">\n<div class=\"relative flex w-full flex-col lg:w-[calc(100%-115px)] agent-turn\">\n<div class=\"flex-col gap-1 md:gap-3\">\n<div class=\"flex flex-grow flex-col max-w-full\">\n<div class=\"min-h-[20px] text-message flex flex-col items-start gap-3 whitespace-pre-wrap break-words [.text-message+&amp;]:mt-5 overflow-x-auto\" data-message-author-role=\"pomo\u010dnik\" data-message-id=\"5d27c772-5e7e-4da0-a38f-e66a3e17acf7\">\n<div class=\"markdown prose w-full break-words dark:prose-invert light\">\n<p><strong>RAZPOLO\u017dLJIVI KLJU\u010cI SI LAHKO VIDITE NA FOTOGRAFIJI V OPISU!<\/strong><\/p>\n<p>Po oddaji naro\u010dila nam po\u0161ljite sporo\u010dilo in nam sporo\u010dite, kateri klju\u010d\/klju\u010de potrebujete.<\/p>\n<p>Po\u017eivite svoj prenosni ra\u010dunalnik serije Asus F552 z na\u0161o tipko tipkovnice z individualno razporeditvijo v Zdru\u017eenem kraljestvu. Na\u0161a tipkovnica je zasnovana za zdru\u017eljivost z modeli F552L, F552LAV, F552LD, F552M, F552MD, F552MJ, F552V, F552VL in F552W in je idealna re\u0161itev za zamenjavo po\u0161kodovanih ali manjkajo\u010dih tipk.<\/p>\n<p>Ta seznam vsebuje prave fotografije natan\u010dnih delov, ki jih boste prejeli \u2013 kar zagotavlja pregledno in natan\u010dno predstavitev na\u0161ega izdelka. Kot prodajalec, ki je zavezan zagotavljanju kakovostnih delov za prenosnike, \u017eelimo, da se odlo\u010dite na podlagi informacij.<\/p>\n<p>Upo\u0161tevajte, da tipki na tipkovnici niso prilo\u017eena nobena navodila. \u010ce pa med postopkom zamenjave potrebujete pomo\u010d, se lahko obrnete prek sporo\u010dila. Na\u0161a namenska ekipa za podporo je tu, da vam pomaga.<\/p>\n<p>Paket vklju\u010duje posamezno tipko tipkovnice in bistvene sponke tipkovnice (te\u010daji) za brezhibno izku\u0161njo zamenjave. Vse razpolo\u017eljive tipke na tipkovnici so vidne na fotografijah seznama, kar vam omogo\u010da, da z zaupanjem izberete tipke, ki jih potrebujete.<\/p>\n<p>Kot prodajalec, ki se zaveda SEO, razumemo pomen uporabe klju\u010dnih besed, kot je &#8220;deli prenosnika.&#8221; Na\u0161e originalne tipke na tipkovnici Asus ne ponujajo le zamenjave, temve\u010d re\u0161itev za ohranjanje funkcionalnosti in estetike va\u0161ega prenosnika.<\/p>\n<p>Pri name\u0161\u010danju novega klju\u010da ravnajte previdno in ga ne pritiskajte na svoje mesto, saj so te\u010daji ob\u010dutljivi. Da zagotovite popolno ujemanje, preverite prilo\u017eeno \u0161tevilko dela (OKNBO-612BWB00) in primerjajte priklju\u010dke z va\u0161o obstoje\u010do tipkovnico.<\/p>\n<p>Prebrskajte fotografije seznama in bodite posebno pozorni na mehanizem klju\u010da, da zagotovite zdru\u017eljivost z va\u0161im prenosnikom Asus F552. Nadgradite izku\u0161njo prenosnega ra\u010dunalnika z na\u0161imi visokokakovostnimi posameznimi tipkami na tipkovnici \u2013 naro\u010dite svojo \u0161e danes!<\/p>\n<\/div>\n<\/div>\n<\/div>\n<div class=\"mt-1 flex justify-start gap-3 empty:hidden\">\n<div class=\"text-gray-400 flex self-end lg:self-center justify-center lg:justify-start mt-0 gap-1 visible\">\n<p>&nbsp;<\/p>\n<div class=\"flex gap-1\"><\/div>\n<div class=\"flex items-center gap-1.5 text-xs\"><\/div>\n<\/div>\n<\/div>\n<\/div>\n<\/div>\n<\/div>\n<\/div>\n<\/div>\n<\/div>\n<\/div>\n<\/div>\n<\/div>\n<div class=\"w-full pt-2 md:pt-0 dark:border-white\/20 md:border-transparent md:dark:border-transparent md:w-[calc(100%-.5rem)]\">\n<div class=\"relative flex h-full flex-1 items-stretch md:flex-col\">\n<div class=\"flex w-full items-center\">\n<div class=\"overflow-hidden [&amp;:has(textarea:focus)]:border-token-border-xheavy [&amp;:has(textarea:focus)]:shadow-[0_2px_6px_rgba(0,0,0,.05)] flex flex-col w-full dark:border-token-border-heavy flex-grow relative border border-token-border-heavy temno:besedilo-belo okroglo-2xl bg-belo temno:bg-sivo-800 shadow-[0_0_0_2px_rgba(255,255,255,0.95)] temno:shadow-[0_0_0_2px_rgba(52,53,65,0.95)]\">\n<div data-grammarly-part=\"button\">\n<div>\n<div>\n<div class=\"amkYk\">\n<div>\n<div class=\"ptGJG\"><\/div>\n<\/div>\n<\/div>\n<\/div>\n<\/div>\n<\/div>\n<\/div>\n<\/div>\n<\/div>\n<\/div>\n","protected":false},"featured_media":43745,"template":"","meta":[],"product_brand":[],"product_cat":[2059],"product_tag":[2065,1818],"class_list":{"0":"post-55798","1":"product","2":"type-product","3":"status-publish","4":"has-post-thumbnail","6":"product_cat-posamezne-tipke-na-tipkovnici","7":"product_tag-asus","8":"product_tag-rezervni-deli","10":"first","11":"instock","12":"taxable","13":"shipping-taxable","14":"purchasable","15":"product-type-simple"},"_links":{"self":[{"href":"https:\/\/pracek.si\/racunalniskatrgovina\/wp-json\/wp\/v2\/product\/55798","targetHints":{"allow":["GET"]}}],"collection":[{"href":"https:\/\/pracek.si\/racunalniskatrgovina\/wp-json\/wp\/v2\/product"}],"about":[{"href":"https:\/\/pracek.si\/racunalniskatrgovina\/wp-json\/wp\/v2\/types\/product"}],"version-history":[{"count":0,"href":"https:\/\/pracek.si\/racunalniskatrgovina\/wp-json\/wp\/v2\/product\/55798\/revisions"}],"wp:featuredmedia":[{"embeddable":true,"href":"https:\/\/pracek.si\/racunalniskatrgovina\/wp-json\/wp\/v2\/media\/43745"}],"wp:attachment":[{"href":"https:\/\/pracek.si\/racunalniskatrgovina\/wp-json\/wp\/v2\/media?parent=55798"}],"wp:term":[{"taxonomy":"product_brand","embeddable":true,"href":"https:\/\/pracek.si\/racunalniskatrgovina\/wp-json\/wp\/v2\/product_brand?post=55798"},{"taxonomy":"product_cat","embeddable":true,"href":"https:\/\/pracek.si\/racunalniskatrgovina\/wp-json\/wp\/v2\/product_cat?post=55798"},{"taxonomy":"product_tag","embeddable":true,"href":"https:\/\/pracek.si\/racunalniskatrgovina\/wp-json\/wp\/v2\/product_tag?post=55798"}],"curies":[{"name":"wp","href":"https:\/\/api.w.org\/{rel}","templated":true}]}}