{"id":55819,"date":"2025-07-31T08:58:54","date_gmt":"2025-07-31T07:58:54","guid":{"rendered":"https:\/\/pracek.si\/racunalniskatrgovina\/?post_type=product&#038;p=55819"},"modified":"2025-07-31T09:01:57","modified_gmt":"2025-07-31T08:01:57","slug":"dell-latitude-e5500-e3540-e3541-lcd-okvir-0pyh4j-pyh4j-originalni-deli-za-prenosnike","status":"publish","type":"product","link":"https:\/\/pracek.si\/racunalniskatrgovina\/izdelek\/dell-latitude-e5500-e3540-e3541-lcd-okvir-0pyh4j-pyh4j-originalni-deli-za-prenosnike\/","title":{"rendered":"Dell Latitude E5500 E3540 E3541 LCD okvir 0PYH4J PYH4J Originalni deli za prenosnike"},"content":{"rendered":"<p>Izbolj\u0161ajte videz svojega Dell Latitude E5500, E3540 ali E3541 s tem pristnim okvirjem LCD. \u0160tevilka dela 0PYH4J (PYH4J). Kakovostni deli prenosnika za brezhibno zamenjavo. Brez truda nadgradite estetiko svojega prenosnika.<\/p>\n","protected":false},"excerpt":{"rendered":"<p>Izbolj\u0161ajte vizualno privla\u010dnost va\u0161ega Dell Latitude E5500, E3540 ali E3541 s pristnim okvirjem LCD, \u0161tevilka dela 0PYH4J (PYH4J). Ta okvir, izdelan do natan\u010dnosti, se odli\u010dno prilega in se neopazno zlije z dizajnom va\u0161ega prenosnika.<\/p>\n<p><strong>Klju\u010dne lastnosti:<\/strong><\/p>\n<ul>\n<li><strong>Zdru\u017eljivost:<\/strong> Zasnovan posebej za modele Dell Latitude E5500, E3540, E3541.<\/li>\n<li><strong>\u0160tevilka dela:<\/strong> Originalni del Dell s \u0161tevilko dela 0PYH4J (PYH4J).<\/li>\n<li><strong>Estetska nadgradnja:<\/strong> Zamenjajte obrabljen ali po\u0161kodovan okvir za sve\u017e, poliran videz.<\/li>\n<\/ul>\n<p><strong>Opomba:<\/strong> Ne ponujamo navodil za namestitev, vendar nam lahko po\u0161ljete sporo\u010dilo za kakr\u0161no koli pomo\u010d, ki jo morda potrebujete. Prave fotografije izdelka prikazujejo to\u010dno to, kar boste prejeli. Va\u0161e zadovoljstvo je na\u0161a prioriteta.<\/p>\n<p>Samozavestno nadgradite svoj prenosnik, saj veste, da dobite kakovostne dele prenosnika. Naro\u010dite svoj LCD okvir Dell Latitude E5500 E3540 E3541 \u0161e danes!<\/p>\n","protected":false},"featured_media":43772,"template":"","meta":[],"product_brand":[],"product_cat":[2051],"product_tag":[2052,1818],"class_list":{"0":"post-55819","1":"product","2":"type-product","3":"status-publish","4":"has-post-thumbnail","6":"product_cat-ohisje-prenosnika","7":"product_tag-dell","8":"product_tag-rezervni-deli","10":"first","11":"instock","12":"taxable","13":"shipping-taxable","14":"purchasable","15":"product-type-simple"},"_links":{"self":[{"href":"https:\/\/pracek.si\/racunalniskatrgovina\/wp-json\/wp\/v2\/product\/55819","targetHints":{"allow":["GET"]}}],"collection":[{"href":"https:\/\/pracek.si\/racunalniskatrgovina\/wp-json\/wp\/v2\/product"}],"about":[{"href":"https:\/\/pracek.si\/racunalniskatrgovina\/wp-json\/wp\/v2\/types\/product"}],"version-history":[{"count":0,"href":"https:\/\/pracek.si\/racunalniskatrgovina\/wp-json\/wp\/v2\/product\/55819\/revisions"}],"wp:featuredmedia":[{"embeddable":true,"href":"https:\/\/pracek.si\/racunalniskatrgovina\/wp-json\/wp\/v2\/media\/43772"}],"wp:attachment":[{"href":"https:\/\/pracek.si\/racunalniskatrgovina\/wp-json\/wp\/v2\/media?parent=55819"}],"wp:term":[{"taxonomy":"product_brand","embeddable":true,"href":"https:\/\/pracek.si\/racunalniskatrgovina\/wp-json\/wp\/v2\/product_brand?post=55819"},{"taxonomy":"product_cat","embeddable":true,"href":"https:\/\/pracek.si\/racunalniskatrgovina\/wp-json\/wp\/v2\/product_cat?post=55819"},{"taxonomy":"product_tag","embeddable":true,"href":"https:\/\/pracek.si\/racunalniskatrgovina\/wp-json\/wp\/v2\/product_tag?post=55819"}],"curies":[{"name":"wp","href":"https:\/\/api.w.org\/{rel}","templated":true}]}}