{"id":55823,"date":"2025-07-31T08:58:55","date_gmt":"2025-07-31T07:58:55","guid":{"rendered":"https:\/\/pracek.si\/racunalniskatrgovina\/?post_type=product&#038;p=55823"},"modified":"2025-07-31T09:02:43","modified_gmt":"2025-07-31T08:02:43","slug":"originalni-hp-chromebook-x360-11-g3-ee-type-c-usb-gumb-za-preklop-plosce-da0gamtb6c0","status":"publish","type":"product","link":"https:\/\/pracek.si\/racunalniskatrgovina\/izdelek\/originalni-hp-chromebook-x360-11-g3-ee-type-c-usb-gumb-za-preklop-plosce-da0gamtb6c0\/","title":{"rendered":"Originalni HP Chromebook X360 11 G3 EE Type-C USB gumb za preklop plo\u0161\u010de DA0GAMTB6C0"},"content":{"rendered":"<p>Izbolj\u0161ajte svoj prenosnik HP Chromebook X360 11 G3 EE s tem pristnim gumbom za preklop plo\u0161\u010de USB Type-C (\u0161tevilka dela DA0GAMTB6C0). Izbolj\u0161ajte povezljivost in funkcionalnost s tem originalnim delom prenosnika HP. Na voljo je dostava po vsem svetu.<\/p>\n","protected":false},"excerpt":{"rendered":"<p>Nadgradite svoj HP Chromebook X360 11 G3 EE z originalnim gumbom za preklop plo\u0161\u010de USB Type-C, \u0161tevilka dela DA0GAMTB6C0.<\/p>\n<p>Ta pristni del HP-jevega prenosnika zagotavlja zanesljivo delovanje in brezhibno povezljivost za va\u0161 Chromebook. Ta stikalni gumb, zasnovan za preprosto integracijo, omogo\u010da nemoteno delovanje USB Type-C.<\/p>\n<p><strong>Podrobnosti o izdelku:<\/strong><\/p>\n<ul>\n<li><strong>Zdru\u017eljivost:<\/strong> HP Chromebook X360 11 G3 EE<\/li>\n<li><strong>\u0160tevilka dela:<\/strong> DA0GAMTB6C0<\/li>\n<li><strong>Zagotavljanje kakovosti:<\/strong> Originalni HP-jev izdelek za optimalno delovanje<\/li>\n<li><strong>Po\u0161iljanje po vsem svetu:<\/strong> Nudimo mednarodno po\u0161iljanje in dostavo pristnih delov prenosnika prav do va\u0161ega praga.<\/li>\n<\/ul>\n<p>Samozavestno nadgradite funkcionalnost svojega prenosnika. Vse slike izdelkov so prave fotografije, ki prikazujejo natan\u010den del, ki ga boste prejeli. Za vsa dodatna vpra\u0161anja ali pomo\u010d nam pi\u0161ite. Izbolj\u0161ajte svojo izku\u0161njo HP-jevega Chromebooka \u0161e danes s tem visokokakovostnim originalnim delom prenosnika.<\/p>\n","protected":false},"featured_media":43791,"template":"","meta":[],"product_brand":[],"product_cat":[2062],"product_tag":[2060,1818],"class_list":{"0":"post-55823","1":"product","2":"type-product","3":"status-publish","4":"has-post-thumbnail","6":"product_cat-maticne-plosce-in-deli-plosc","7":"product_tag-hp","8":"product_tag-rezervni-deli","10":"first","11":"instock","12":"taxable","13":"shipping-taxable","14":"purchasable","15":"product-type-simple"},"_links":{"self":[{"href":"https:\/\/pracek.si\/racunalniskatrgovina\/wp-json\/wp\/v2\/product\/55823","targetHints":{"allow":["GET"]}}],"collection":[{"href":"https:\/\/pracek.si\/racunalniskatrgovina\/wp-json\/wp\/v2\/product"}],"about":[{"href":"https:\/\/pracek.si\/racunalniskatrgovina\/wp-json\/wp\/v2\/types\/product"}],"version-history":[{"count":0,"href":"https:\/\/pracek.si\/racunalniskatrgovina\/wp-json\/wp\/v2\/product\/55823\/revisions"}],"wp:featuredmedia":[{"embeddable":true,"href":"https:\/\/pracek.si\/racunalniskatrgovina\/wp-json\/wp\/v2\/media\/43791"}],"wp:attachment":[{"href":"https:\/\/pracek.si\/racunalniskatrgovina\/wp-json\/wp\/v2\/media?parent=55823"}],"wp:term":[{"taxonomy":"product_brand","embeddable":true,"href":"https:\/\/pracek.si\/racunalniskatrgovina\/wp-json\/wp\/v2\/product_brand?post=55823"},{"taxonomy":"product_cat","embeddable":true,"href":"https:\/\/pracek.si\/racunalniskatrgovina\/wp-json\/wp\/v2\/product_cat?post=55823"},{"taxonomy":"product_tag","embeddable":true,"href":"https:\/\/pracek.si\/racunalniskatrgovina\/wp-json\/wp\/v2\/product_tag?post=55823"}],"curies":[{"name":"wp","href":"https:\/\/api.w.org\/{rel}","templated":true}]}}