{"id":56066,"date":"2025-07-31T09:17:27","date_gmt":"2025-07-31T08:17:27","guid":{"rendered":"https:\/\/pracek.si\/racunalniskatrgovina\/?post_type=product&#038;p=56066"},"modified":"2025-07-31T09:19:26","modified_gmt":"2025-07-31T08:19:26","slug":"originalni-pokrov-spodnjega-ohisja-lenovo-x230-30-4ra02-xxx-nadomestni-deli-prenosnika","status":"publish","type":"product","link":"https:\/\/pracek.si\/racunalniskatrgovina\/izdelek\/originalni-pokrov-spodnjega-ohisja-lenovo-x230-30-4ra02-xxx-nadomestni-deli-prenosnika\/","title":{"rendered":"Originalni pokrov spodnjega ohi\u0161ja Lenovo X230 30.4RA02.XXX &#8211; nadomestni deli prenosnika"},"content":{"rendered":"<p>Pove\u010dajte vzdr\u017eljivost va\u0161ega Lenovo X230 z na\u0161im originalnim pokrovom spodnjega ohi\u0161ja, \u0161tevilka dela 30.4RA02.XXX. Ta nadomestek, izdelan do popolnosti, zagotavlja tesno prileganje in za\u0161\u010dito vitalnih komponent. Zaupajte Siggmo za pristne dele prenosnika.<\/p>\n","protected":false},"excerpt":{"rendered":"<p>Nadgradite in za\u0161\u010ditite svoj Lenovo X230 z na\u0161im originalnim pokrovom spodnjega ohi\u0161ja s \u0161tevilko dela 30.4RA02.XXX. Ta visokokakovosten nadomestek, posebej zasnovan za brezhibno prileganje, dodaja vzdr\u017eljivost in \u0161\u010diti notranje komponente va\u0161ega prenosnika.<\/p>\n<p><strong>Funkcije izdelka:<\/strong><\/p>\n<ul>\n<li>Pristni pokrov spodnjega ohi\u0161ja Lenovo X230<\/li>\n<li>\u0160tevilka dela: 30.4RA02.XXX<\/li>\n<li>Zanesljiva in \u010dvrsta konstrukcija<\/li>\n<li>Popoln za prenosnike Lenovo X230<\/li>\n<li>Podalj\u0161ajte \u017eivljenjsko dobo svoje naprave<\/li>\n<\/ul>\n<p><strong>Zakaj izbrati Siggmo?<\/strong> Pri Siggmu se zavedamo pomena originalnih delov za prenosnike. Na\u0161 pokrov spodnjega ohi\u0161ja je nabavljen neposredno od zaupanja vrednih proizvajalcev, da zagotovimo pristnost in kakovost. Izdelek, ki ga vidite, je izdelek, ki ga dobite, saj so vse fotografije resni\u010dne slike delov, ki jih prejmete.<\/p>\n<p><strong>Enostavna namestitev:<\/strong> \u010ceprav ne nudimo posebnih navodil za zamenjavo, je postopek zamenjave pokrova spodnjega ohi\u0161ja preprost. \u010ce potrebujete pomo\u010d, nam pi\u0161ite.<\/p>\n<p>Dajte svojemu Lenovo X230 novo \u017eivljenje. Nadgradite z zaupanjem \u2013 izberite Siggmo za potrebe po delih va\u0161ega prenosnika.<\/p>\n","protected":false},"featured_media":44203,"template":"","meta":[],"product_brand":[],"product_cat":[2051],"product_tag":[2061,1818],"class_list":{"0":"post-56066","1":"product","2":"type-product","3":"status-publish","4":"has-post-thumbnail","6":"product_cat-ohisje-prenosnika","7":"product_tag-lenovo","8":"product_tag-rezervni-deli","10":"first","11":"instock","12":"taxable","13":"shipping-taxable","14":"purchasable","15":"product-type-simple"},"_links":{"self":[{"href":"https:\/\/pracek.si\/racunalniskatrgovina\/wp-json\/wp\/v2\/product\/56066","targetHints":{"allow":["GET"]}}],"collection":[{"href":"https:\/\/pracek.si\/racunalniskatrgovina\/wp-json\/wp\/v2\/product"}],"about":[{"href":"https:\/\/pracek.si\/racunalniskatrgovina\/wp-json\/wp\/v2\/types\/product"}],"version-history":[{"count":0,"href":"https:\/\/pracek.si\/racunalniskatrgovina\/wp-json\/wp\/v2\/product\/56066\/revisions"}],"wp:featuredmedia":[{"embeddable":true,"href":"https:\/\/pracek.si\/racunalniskatrgovina\/wp-json\/wp\/v2\/media\/44203"}],"wp:attachment":[{"href":"https:\/\/pracek.si\/racunalniskatrgovina\/wp-json\/wp\/v2\/media?parent=56066"}],"wp:term":[{"taxonomy":"product_brand","embeddable":true,"href":"https:\/\/pracek.si\/racunalniskatrgovina\/wp-json\/wp\/v2\/product_brand?post=56066"},{"taxonomy":"product_cat","embeddable":true,"href":"https:\/\/pracek.si\/racunalniskatrgovina\/wp-json\/wp\/v2\/product_cat?post=56066"},{"taxonomy":"product_tag","embeddable":true,"href":"https:\/\/pracek.si\/racunalniskatrgovina\/wp-json\/wp\/v2\/product_tag?post=56066"}],"curies":[{"name":"wp","href":"https:\/\/api.w.org\/{rel}","templated":true}]}}