{"id":56080,"date":"2025-07-31T09:18:19","date_gmt":"2025-07-31T08:18:19","guid":{"rendered":"https:\/\/pracek.si\/racunalniskatrgovina\/?post_type=product&#038;p=56080"},"modified":"2026-01-19T10:18:53","modified_gmt":"2026-01-19T09:18:53","slug":"originalna-drzala-za-lcd-zaslon-hp-elitebook-8560-originalni-nadomestni-deli","status":"publish","type":"product","link":"https:\/\/pracek.si\/racunalniskatrgovina\/izdelek\/originalna-drzala-za-lcd-zaslon-hp-elitebook-8560-originalni-nadomestni-deli\/","title":{"rendered":"Originalna dr\u017eala za LCD zaslon HP EliteBook 8560 &#8211; originalni nadomestni deli"},"content":{"rendered":"<p>Nadgradite svoj prenosnik HP EliteBook 8560 s temi originalnimi dr\u017eali za zaslone LCD. Poskrbite za popolno prileganje in ohranite eleganten dizajn va\u0161ega prenosnika. Originalni nadomestni deli za varno in trajno popravilo.<\/p>\n","protected":false},"excerpt":{"rendered":"<p>Izbolj\u0161ajte vizualno privla\u010dnost in funkcionalnost va\u0161ega HP EliteBook 8560 z na\u0161imi originalnimi dr\u017eali za LCD zaslon. Natan\u010dno izdelani originalni nadomestni deli zagotavljajo brezhibno prileganje ter ohranjajo estetiko in strukturno celovitost va\u0161ega prenosnika.<\/p>\n<p><strong>Zdru\u017eljivost:<\/strong> Ta dr\u017eala za zaslon LCD, zasnovana posebej za HP EliteBook 8560, zagotavljajo varen oprijem in zagotavljajo, da va\u0161 zaslon ostane na mestu. Naj bo va\u0161 prenosnik videti eleganten in profesionalen.<\/p>\n<p><strong>Zagotavljanje kakovosti:<\/strong> Na\u0161a dr\u017eala za LCD-zaslon so originalni HP-jevi deli, ki vam zagotavljajo najvi\u0161jo kakovost. Vsak kos je skrbno izdelan tako, da ustreza HP-jevim strogim standardom ter nudi vzdr\u017eljivost in zanesljivost.<\/p>\n<p><strong>Enostavna namestitev:<\/strong> Zamenjajte dr\u017eala brez napora, ne da bi potrebovali posebna orodja. \u010ceprav ne nudimo navodil, se obrnite na nas, \u010de potrebujete pomo\u010d. Postopek je preprost, zaradi \u010desar je dostopen tistim z osnovnimi tehni\u010dnimi znanji.<\/p>\n<p><strong>Dostava po vsem svetu:<\/strong> Zavedamo se pomembnosti hitre storitve. U\u017eivajte v po\u0161iljanju po vsem svetu, ki zagotavlja, da boste nadomestne dele dosegli, kjer koli \u017ee ste.<\/p>\n<p><strong>Sporo\u010dilo za kupce:<\/strong> \u010ce imate kakr\u0161na koli vpra\u0161anja ali potrebujete dodatno pomo\u010d, se obrnite na nas. Cenimo va\u0161e zadovoljstvo in smo tukaj, da vam pomagamo.<\/p>\n<p>Samozavestno nadgradite svoj HP EliteBook 8560 z uporabo teh originalnih dr\u017eal za zaslon LCD. Naro\u010dite zdaj in izkusite brezhiben postopek zamenjave ter u\u017eivajte v prenosniku, ki je videti in deluje kot nov.<\/p>\n","protected":false},"featured_media":44225,"template":"","meta":[],"product_brand":[],"product_cat":[2051],"product_tag":[2060,1818],"class_list":{"0":"post-56080","1":"product","2":"type-product","3":"status-publish","4":"has-post-thumbnail","6":"product_cat-ohisje-prenosnika","7":"product_tag-hp","8":"product_tag-rezervni-deli","10":"first","11":"instock","12":"taxable","13":"shipping-taxable","14":"purchasable","15":"product-type-simple"},"_links":{"self":[{"href":"https:\/\/pracek.si\/racunalniskatrgovina\/wp-json\/wp\/v2\/product\/56080","targetHints":{"allow":["GET"]}}],"collection":[{"href":"https:\/\/pracek.si\/racunalniskatrgovina\/wp-json\/wp\/v2\/product"}],"about":[{"href":"https:\/\/pracek.si\/racunalniskatrgovina\/wp-json\/wp\/v2\/types\/product"}],"version-history":[{"count":0,"href":"https:\/\/pracek.si\/racunalniskatrgovina\/wp-json\/wp\/v2\/product\/56080\/revisions"}],"wp:featuredmedia":[{"embeddable":true,"href":"https:\/\/pracek.si\/racunalniskatrgovina\/wp-json\/wp\/v2\/media\/44225"}],"wp:attachment":[{"href":"https:\/\/pracek.si\/racunalniskatrgovina\/wp-json\/wp\/v2\/media?parent=56080"}],"wp:term":[{"taxonomy":"product_brand","embeddable":true,"href":"https:\/\/pracek.si\/racunalniskatrgovina\/wp-json\/wp\/v2\/product_brand?post=56080"},{"taxonomy":"product_cat","embeddable":true,"href":"https:\/\/pracek.si\/racunalniskatrgovina\/wp-json\/wp\/v2\/product_cat?post=56080"},{"taxonomy":"product_tag","embeddable":true,"href":"https:\/\/pracek.si\/racunalniskatrgovina\/wp-json\/wp\/v2\/product_tag?post=56080"}],"curies":[{"name":"wp","href":"https:\/\/api.w.org\/{rel}","templated":true}]}}