{"id":56120,"date":"2025-07-31T09:20:42","date_gmt":"2025-07-31T08:20:42","guid":{"rendered":"https:\/\/pracek.si\/racunalniskatrgovina\/?post_type=product&#038;p=56120"},"modified":"2025-07-31T09:23:25","modified_gmt":"2025-07-31T08:23:25","slug":"originalni-deli-prenosnika-dell-latitude-e7470-7470-spodnja-plosca-osnovnega-pokrova-1gv6n-01gv6n","status":"publish","type":"product","link":"https:\/\/pracek.si\/racunalniskatrgovina\/izdelek\/originalni-deli-prenosnika-dell-latitude-e7470-7470-spodnja-plosca-osnovnega-pokrova-1gv6n-01gv6n\/","title":{"rendered":"Originalni deli prenosnika Dell Latitude E7470 7470 spodnja plo\u0161\u010da osnovnega pokrova 1GV6N 01GV6N"},"content":{"rendered":"<p>Zamenjajte svoj obrabljen spodnji pokrov prenosnika s to originalno plo\u0161\u010do spodnjega pokrova serije Dell Latitude E7470 7470 (1GV6N 01GV6N). Zasnovan tako, da se brezhibno prilega, povrne prvotni videz in \u0161\u010diti notranje komponente. Visokokakovosten in trpe\u017een zagotavlja dolgo \u017eivljenjsko dobo va\u0161ega prenosnika. Kupujte z zaupanjem pri Siggmo \u2013 va\u0161em zaupanja vrednem viru originalnih delov za prenosnike.<\/p>\n","protected":false},"excerpt":{"rendered":"<p>Nadgradite svoj prenosni ra\u010dunalnik Dell Latitude E7470 7470 z originalno plo\u0161\u010do spodnjega pokrova Dell (1GV6N 01GV6N). Ta del, izdelan za natan\u010dnost in zdru\u017eljivost, zagotavlja popolno prileganje, obnavlja estetiko in strukturno celovitost va\u0161e naprave.<\/p>\n<p><strong>Zdru\u017eljivost:<\/strong> Ta spodnja pokrovna plo\u0161\u010da je zasnovana posebej za serijo Dell Latitude E7470 7470 in zagotavlja brezhibno zamenjavo. Pred nakupom zagotovite zdru\u017eljivost in u\u017eivajte v nadgradnji brez te\u017eav.<\/p>\n<p><strong>Zagotavljanje kakovosti:<\/strong> V podjetju Siggmo dajemo prednost kakovosti. Ta originalni del Dell izpolnjuje stroge standarde, kar vam zagotavlja njegovo pristnost in vzdr\u017eljivost. Z zaupanjem zamenjajte obrabljen ali po\u0161kodovan spodnji pokrov, saj veste, da dobite pristen izdelek, ki bo prestal preizkus \u010dasa.<\/p>\n<p><strong>Enostavna namestitev:<\/strong> \u010ceprav ne nudimo navodil po korakih, je zamenjava spodnjega osnovnega pokrova na splo\u0161no enostavna. \u010ce naletite na te\u017eave ali imate vpra\u0161anja, nam pi\u0161ite za pomo\u010d. Tukaj smo, da vam pomagamo kar najbolje izkoristiti nakup.<\/p>\n<p><strong>Po\u0161iljanje in zagotovilo:<\/strong> Slike v tem seznamu prikazujejo dejanski izdelek, ki ga boste prejeli. Ponosni smo na to, da ponujamo resni\u010dne fotografije, ki vam dajo jasno predstavo o tem, kaj lahko pri\u010dakujete. Po\u0161iljanje ni na voljo le v Evropi, ampak po vsem svetu, kar zagotavlja dostop do originalnih delov Dell, kjer koli ste.<\/p>\n<p>Samozavestno nadgradite svoj prenosnik \u2013 izberite originalno plo\u0161\u010do spodnjega pokrova serije Dell Latitude E7470 7470 (1GV6N 01GV6N) pri Siggmu, va\u0161em zanesljivem viru pristnih delov za prenosnike.<\/p>\n","protected":false},"featured_media":44306,"template":"","meta":[],"product_brand":[],"product_cat":[2051],"product_tag":[2052,1818],"class_list":{"0":"post-56120","1":"product","2":"type-product","3":"status-publish","4":"has-post-thumbnail","6":"product_cat-ohisje-prenosnika","7":"product_tag-dell","8":"product_tag-rezervni-deli","10":"first","11":"instock","12":"taxable","13":"shipping-taxable","14":"purchasable","15":"product-type-simple"},"_links":{"self":[{"href":"https:\/\/pracek.si\/racunalniskatrgovina\/wp-json\/wp\/v2\/product\/56120","targetHints":{"allow":["GET"]}}],"collection":[{"href":"https:\/\/pracek.si\/racunalniskatrgovina\/wp-json\/wp\/v2\/product"}],"about":[{"href":"https:\/\/pracek.si\/racunalniskatrgovina\/wp-json\/wp\/v2\/types\/product"}],"version-history":[{"count":0,"href":"https:\/\/pracek.si\/racunalniskatrgovina\/wp-json\/wp\/v2\/product\/56120\/revisions"}],"wp:featuredmedia":[{"embeddable":true,"href":"https:\/\/pracek.si\/racunalniskatrgovina\/wp-json\/wp\/v2\/media\/44306"}],"wp:attachment":[{"href":"https:\/\/pracek.si\/racunalniskatrgovina\/wp-json\/wp\/v2\/media?parent=56120"}],"wp:term":[{"taxonomy":"product_brand","embeddable":true,"href":"https:\/\/pracek.si\/racunalniskatrgovina\/wp-json\/wp\/v2\/product_brand?post=56120"},{"taxonomy":"product_cat","embeddable":true,"href":"https:\/\/pracek.si\/racunalniskatrgovina\/wp-json\/wp\/v2\/product_cat?post=56120"},{"taxonomy":"product_tag","embeddable":true,"href":"https:\/\/pracek.si\/racunalniskatrgovina\/wp-json\/wp\/v2\/product_tag?post=56120"}],"curies":[{"name":"wp","href":"https:\/\/api.w.org\/{rel}","templated":true}]}}