{"id":56131,"date":"2025-07-31T09:21:36","date_gmt":"2025-07-31T08:21:36","guid":{"rendered":"https:\/\/pracek.si\/racunalniskatrgovina\/?post_type=product&#038;p=56131"},"modified":"2026-02-01T16:38:17","modified_gmt":"2026-02-01T15:38:17","slug":"2-x-3-hdd-diski-320-gb-gb-wd-seagate-originalni-trdi-disk-za-prenosnike-hitra-dostava","status":"publish","type":"product","link":"https:\/\/pracek.si\/racunalniskatrgovina\/izdelek\/2-x-3-hdd-diski-320-gb-gb-wd-seagate-originalni-trdi-disk-za-prenosnike-hitra-dostava\/","title":{"rendered":"2 x 3&#8243; HDD diski 320 GB GB (WD + Seagate) &#8211; Originalni trdi disk za prenosnike &#8211; Hitra dostava!"},"content":{"rendered":"<p>Pristen in zanesljiv ta trdi disk osebnega ra\u010dunalnika ponuja dovolj prostora za va\u0161e podatkovne potrebe.<\/p>\n","protected":false},"excerpt":{"rendered":"<p>Zdravje trdega diska WD Sentinel: 98 % zdravje<\/p>\n<p>Stanje trdega diska Seagate Sentinel: 100 % zdravje.<\/p>\n<p>&nbsp;<\/p>\n<p>Nadgradite shrambo svojega ra\u010dunalnika \u0161e danes s tema trdima diskoma 320 GB 3,5&#8243; HDD proizvajalcev Western Digital in Seagate. Naro\u010dite zdaj in izkusite zanesljivost in zmogljivost pristnega izdelka WD. \u010ce imate kakr\u0161na koli vpra\u0161anja ali potrebujete pomo\u010d, nam po\u0161ljite sporo\u010dilo. Upo\u0161tevajte, da so fotografije na seznamu resni\u010dne, kar zagotavlja, da boste prejeli natan\u010den izdelek, kot ga vidite.<\/p>\n","protected":false},"featured_media":44316,"template":"","meta":[],"product_brand":[],"product_cat":[2088,2066],"product_tag":[1818],"class_list":{"0":"post-56131","1":"product","2":"type-product","3":"status-publish","4":"has-post-thumbnail","6":"product_cat-3-5-hdd","7":"product_cat-ssd-in-hdd-diski","8":"product_tag-rezervni-deli","10":"first","11":"outofstock","12":"taxable","13":"shipping-taxable","14":"purchasable","15":"product-type-simple"},"_links":{"self":[{"href":"https:\/\/pracek.si\/racunalniskatrgovina\/wp-json\/wp\/v2\/product\/56131","targetHints":{"allow":["GET"]}}],"collection":[{"href":"https:\/\/pracek.si\/racunalniskatrgovina\/wp-json\/wp\/v2\/product"}],"about":[{"href":"https:\/\/pracek.si\/racunalniskatrgovina\/wp-json\/wp\/v2\/types\/product"}],"version-history":[{"count":0,"href":"https:\/\/pracek.si\/racunalniskatrgovina\/wp-json\/wp\/v2\/product\/56131\/revisions"}],"wp:featuredmedia":[{"embeddable":true,"href":"https:\/\/pracek.si\/racunalniskatrgovina\/wp-json\/wp\/v2\/media\/44316"}],"wp:attachment":[{"href":"https:\/\/pracek.si\/racunalniskatrgovina\/wp-json\/wp\/v2\/media?parent=56131"}],"wp:term":[{"taxonomy":"product_brand","embeddable":true,"href":"https:\/\/pracek.si\/racunalniskatrgovina\/wp-json\/wp\/v2\/product_brand?post=56131"},{"taxonomy":"product_cat","embeddable":true,"href":"https:\/\/pracek.si\/racunalniskatrgovina\/wp-json\/wp\/v2\/product_cat?post=56131"},{"taxonomy":"product_tag","embeddable":true,"href":"https:\/\/pracek.si\/racunalniskatrgovina\/wp-json\/wp\/v2\/product_tag?post=56131"}],"curies":[{"name":"wp","href":"https:\/\/api.w.org\/{rel}","templated":true}]}}