{"id":56144,"date":"2025-07-31T09:22:29","date_gmt":"2025-07-31T08:22:29","guid":{"rendered":"https:\/\/pracek.si\/racunalniskatrgovina\/?post_type=product&#038;p=56144"},"modified":"2025-07-31T09:24:19","modified_gmt":"2025-07-31T08:24:19","slug":"komplet-zvocnikov-lenovo-15iil05-lr-pk23000sy0-originalni-rabljeni-deli-za-prenosnike","status":"publish","type":"product","link":"https:\/\/pracek.si\/racunalniskatrgovina\/izdelek\/komplet-zvocnikov-lenovo-15iil05-lr-pk23000sy0-originalni-rabljeni-deli-za-prenosnike\/","title":{"rendered":"Komplet zvo\u010dnikov Lenovo 15IIL05 L+R PK23000SY0 &#8211; originalni rabljeni deli za prenosnike"},"content":{"rendered":"<p>Izbolj\u0161ajte zvok svojega prenosnika Lenovo 15IIL05 s tem pristnim kompletom zvo\u010dnikov. Prilo\u017eeni levi in desni zvo\u010dnik (PK23000SY0). Ti originalni deli Lenovo, preizku\u0161eni in uporabljeni, zagotavljajo pristno zvo\u010dno izku\u0161njo. Nadgradite svoj prenosnik \u0161e danes s temi zanesljivimi zvo\u010dniki!<\/p>\n","protected":false},"excerpt":{"rendered":"<p>Nadgradite zvo\u010dno zmogljivost va\u0161ega prenosnika Lenovo 15IIL05 s tem pristnim kompletom zvo\u010dnikov, ki vklju\u010duje tako levi kot desni zvo\u010dnik (PK23000SY0). Ti rabljeni zvo\u010dniki, ki jih je izdelal Lenovo, so skrbno testirani glede kakovosti in zdru\u017eljivosti, kar zagotavlja, da izpolnjujejo visoke standarde, ki jih pri\u010dakujete od originalnih delov prenosnika.<\/p>\n<p><strong>Klju\u010dne lastnosti:<\/strong><\/p>\n<ul>\n<li><strong>Zdru\u017eljivost:<\/strong> Zasnovan posebej za prenosne ra\u010dunalnike Lenovo 15IIL05.<\/li>\n<li><strong>Zagotavljanje kakovosti:<\/strong> Vsak zvo\u010dnik je podvr\u017een strogemu testiranju, da se zagotovi zanesljivo in pristno zvo\u010dno delovanje.<\/li>\n<li><strong>Originalni deli:<\/strong> Verodostojni zvo\u010dniki Lenovo za izvirno in brezhibno prileganje.<\/li>\n<li><strong>Rabljeno stanje:<\/strong> Ti zvo\u010dniki so bili \u017ee uporabljeni, kar vam zagotavlja cenovno ugodno in okolju prijazno mo\u017enost brez kompromisov glede kakovosti.<\/li>\n<li><strong>Plug and Play:<\/strong> Enostavna namestitev \u2013 preprosto priklju\u010dite in igrajte. Zapletenih navodil ni, vendar se obrnite na nas, \u010de potrebujete pomo\u010d.<\/li>\n<li><strong>Po\u0161iljanje po vsem svetu:<\/strong> Na voljo za dostavo v Evropi in po vsem svetu.<\/li>\n<\/ul>\n<p>Nadgradite zvo\u010dne zmogljivosti svojega prenosnika s tem kompletom zvo\u010dnikov Lenovo 15IIL05. Potopite se v bogatej\u0161o zvo\u010dno izku\u0161njo, medtem ko veste, da ste investirali v pristne dele prenosnika s preizku\u0161eno kakovostjo. Za kakr\u0161na koli vpra\u0161anja ali pomo\u010d nam pi\u0161ite.<\/p>\n","protected":false},"featured_media":44335,"template":"","meta":[],"product_brand":[],"product_cat":[2062],"product_tag":[2061,1818],"class_list":{"0":"post-56144","1":"product","2":"type-product","3":"status-publish","4":"has-post-thumbnail","6":"product_cat-maticne-plosce-in-deli-plosc","7":"product_tag-lenovo","8":"product_tag-rezervni-deli","10":"first","11":"instock","12":"taxable","13":"shipping-taxable","14":"purchasable","15":"product-type-simple"},"_links":{"self":[{"href":"https:\/\/pracek.si\/racunalniskatrgovina\/wp-json\/wp\/v2\/product\/56144","targetHints":{"allow":["GET"]}}],"collection":[{"href":"https:\/\/pracek.si\/racunalniskatrgovina\/wp-json\/wp\/v2\/product"}],"about":[{"href":"https:\/\/pracek.si\/racunalniskatrgovina\/wp-json\/wp\/v2\/types\/product"}],"version-history":[{"count":0,"href":"https:\/\/pracek.si\/racunalniskatrgovina\/wp-json\/wp\/v2\/product\/56144\/revisions"}],"wp:featuredmedia":[{"embeddable":true,"href":"https:\/\/pracek.si\/racunalniskatrgovina\/wp-json\/wp\/v2\/media\/44335"}],"wp:attachment":[{"href":"https:\/\/pracek.si\/racunalniskatrgovina\/wp-json\/wp\/v2\/media?parent=56144"}],"wp:term":[{"taxonomy":"product_brand","embeddable":true,"href":"https:\/\/pracek.si\/racunalniskatrgovina\/wp-json\/wp\/v2\/product_brand?post=56144"},{"taxonomy":"product_cat","embeddable":true,"href":"https:\/\/pracek.si\/racunalniskatrgovina\/wp-json\/wp\/v2\/product_cat?post=56144"},{"taxonomy":"product_tag","embeddable":true,"href":"https:\/\/pracek.si\/racunalniskatrgovina\/wp-json\/wp\/v2\/product_tag?post=56144"}],"curies":[{"name":"wp","href":"https:\/\/api.w.org\/{rel}","templated":true}]}}