{"id":56157,"date":"2025-07-31T09:23:20","date_gmt":"2025-07-31T08:23:20","guid":{"rendered":"https:\/\/pracek.si\/racunalniskatrgovina\/?post_type=product&#038;p=56157"},"modified":"2025-07-31T09:25:19","modified_gmt":"2025-07-31T08:25:19","slug":"originalni-lenovo-thinkpad-x240-x250-x260-x270-kabel-01av932-dc02c008v00-sc10k88292-deli-prenosnika","status":"publish","type":"product","link":"https:\/\/pracek.si\/racunalniskatrgovina\/izdelek\/originalni-lenovo-thinkpad-x240-x250-x260-x270-kabel-01av932-dc02c008v00-sc10k88292-deli-prenosnika\/","title":{"rendered":"Originalni Lenovo Thinkpad X240 X250 X260 X270 kabel 01AV932 DC02C008V00 SC10K88292 deli prenosnika"},"content":{"rendered":"<p>Nadgradite ali zamenjajte prenosni kabel s tem pristnim kablom Lenovo Thinkpad X240 X250 X260 X270. Ta kabel (01AV932 DC02C008V00 SC10K88292), zasnovan za optimalno zdru\u017eljivost in zmogljivost, zagotavlja brezhibno povezavo v va\u0161em prenosniku. Zaupajte v zanesljivost originalnih delov Lenovo za gladko in u\u010dinkovito izku\u0161njo prenosnika.<\/p>\n","protected":false},"excerpt":{"rendered":"<p>Izbolj\u0161ajte zmogljivost va\u0161ega prenosnika Lenovo Thinkpad X240, X250, X260 ali X270 z originalnim kablom Lenovo 01AV932 DC02C008V00 SC10K88292. Ta kabel, izdelan tako, da ustreza strogim standardom kakovosti Lenovo, je odli\u010dna zamenjava ali nadgradnja za va\u0161 obstoje\u010di kabel.<\/p>\n<p>Ta kabel, ki je zasnovan za zdru\u017eljivost z dolo\u010denimi modeli prenosnikov, zagotavlja varno in u\u010dinkovito povezavo ter omogo\u010da nemoteno delovanje va\u0161ega prenosnika. Ne glede na to, ali zamenjate obrabljen kabel ali i\u0161\u010dete nadgradnjo za bolj\u0161e delovanje, zaupajte v pristnost in kakovost originalnih delov prenosnika Lenovo.<\/p>\n<p>V podjetju Siggmo dajemo prednost pristnosti in na\u0161e resni\u010dne fotografije prikazujejo to\u010dno to, kar boste prejeli. Brez presene\u010denj, le pristna kakovost Lenovo. Upo\u0161tevajte, da \u010deprav ne nudimo posebnih navodil za zamenjavo, je na\u0161a ekipa pripravljena pomagati pri kakr\u0161nih koli vpra\u0161anjih ali pomislekih, ki jih morda imate.<\/p>\n<p>Vlagajte v zanesljivost pristnih delov prenosnika za brezhibno ra\u010dunalni\u0161ko izku\u0161njo. Naro\u010dite svoj originalni kabel Lenovo Thinkpad X240 X250 X260 X270 (01AV932 DC02C008V00 SC10K88292) zdaj in u\u017eivajte v zaupanju, ki ga prina\u0161a uporaba originalnih delov. Nadgradite svoj prenosnik s Siggmo \u0161e danes!<\/p>\n","protected":false},"featured_media":44364,"template":"","meta":[],"product_brand":[],"product_cat":[2055],"product_tag":[2061,1818],"class_list":{"0":"post-56157","1":"product","2":"type-product","3":"status-publish","4":"has-post-thumbnail","6":"product_cat-kabli","7":"product_tag-lenovo","8":"product_tag-rezervni-deli","10":"first","11":"instock","12":"taxable","13":"shipping-taxable","14":"purchasable","15":"product-type-simple"},"_links":{"self":[{"href":"https:\/\/pracek.si\/racunalniskatrgovina\/wp-json\/wp\/v2\/product\/56157","targetHints":{"allow":["GET"]}}],"collection":[{"href":"https:\/\/pracek.si\/racunalniskatrgovina\/wp-json\/wp\/v2\/product"}],"about":[{"href":"https:\/\/pracek.si\/racunalniskatrgovina\/wp-json\/wp\/v2\/types\/product"}],"version-history":[{"count":0,"href":"https:\/\/pracek.si\/racunalniskatrgovina\/wp-json\/wp\/v2\/product\/56157\/revisions"}],"wp:featuredmedia":[{"embeddable":true,"href":"https:\/\/pracek.si\/racunalniskatrgovina\/wp-json\/wp\/v2\/media\/44364"}],"wp:attachment":[{"href":"https:\/\/pracek.si\/racunalniskatrgovina\/wp-json\/wp\/v2\/media?parent=56157"}],"wp:term":[{"taxonomy":"product_brand","embeddable":true,"href":"https:\/\/pracek.si\/racunalniskatrgovina\/wp-json\/wp\/v2\/product_brand?post=56157"},{"taxonomy":"product_cat","embeddable":true,"href":"https:\/\/pracek.si\/racunalniskatrgovina\/wp-json\/wp\/v2\/product_cat?post=56157"},{"taxonomy":"product_tag","embeddable":true,"href":"https:\/\/pracek.si\/racunalniskatrgovina\/wp-json\/wp\/v2\/product_tag?post=56157"}],"curies":[{"name":"wp","href":"https:\/\/api.w.org\/{rel}","templated":true}]}}