{"id":56215,"date":"2025-07-31T09:26:41","date_gmt":"2025-07-31T08:26:41","guid":{"rendered":"https:\/\/pracek.si\/racunalniskatrgovina\/?post_type=product&#038;p=56215"},"modified":"2025-07-31T09:28:43","modified_gmt":"2025-07-31T08:28:43","slug":"original-lenovo-thinkpad-t480s-naslon-za-dlani-am16q000a00-originalni-deli-za-prenosnike","status":"publish","type":"product","link":"https:\/\/pracek.si\/racunalniskatrgovina\/izdelek\/original-lenovo-thinkpad-t480s-naslon-za-dlani-am16q000a00-originalni-deli-za-prenosnike\/","title":{"rendered":"Original Lenovo Thinkpad T480s naslon za dlani AM16Q000A00 | Originalni deli za prenosnike"},"content":{"rendered":"<p>Povzdignite svoj Lenovo Thinkpad T480s s tem originalnim naslonom za dlani, \u0161tevilka dela AM16Q000A00. Na\u0161 avtenti\u010dni del prenosnega ra\u010dunalnika Lenovo, izdelan za natan\u010dnost in vzdr\u017eljivost, je zasnovan tako, da brez te\u017eav nadomesti va\u0161 obstoje\u010di naslon za dlani. Izbolj\u0161ajte estetiko in funkcionalnost svojega prenosnika s to komponento vrhunske kakovosti. Kupujte z zaupanjem pri siggmo.com \u2013 va\u0161em zaupanja vrednem viru za dele prenosnikov v Evropi in po svetu.<\/p>\n","protected":false},"excerpt":{"rendered":"<p>\u0160tevilke delov: 20SM10R44327 &#8211; 2001YN986<\/p>\n<p>Nadgradite svoj Lenovo Thinkpad T480s z na\u0161im originalnim naslonom za dlani Lenovo (\u0161tevilka dela: AM16Q000A00). Ta pristen del prenosnega ra\u010dunalnika je natan\u010dno izdelan tako, da izpolnjuje visoke standarde dru\u017ebe Lenovo glede kakovosti in vzdr\u017eljivosti.<\/p>\n<p><strong>Zdru\u017eljivost:<\/strong> Ta naslon za dlani je zasnovan posebej za model Lenovo Thinkpad T480s, kar zagotavlja popolno prileganje in namestitev brez te\u017eav.<\/p>\n<p><strong>Zagotavljanje kakovosti:<\/strong> Bodite prepri\u010dani, da vlagate v pristen del prenosnika Lenovo. Na\u0161i nasloni za dlani so podvr\u017eeni strogemu testiranju, da izpolnjujejo specifikacije proizvajalca, kar vam zagotavlja zanesljivo in vzdr\u017eljivo komponento.<\/p>\n<p><strong>Izbolj\u0161ajte svoj prenosnik:<\/strong> Dajte svojemu Thinkpadu T480s sve\u017e videz in izbolj\u0161ano funkcionalnost s tem pristnim naslonom za dlani. Ne glede na to, ali zamenjate po\u0161kodovan del ali nadgradite estetiko prenosnika, je ta komponenta popolna izbira.<\/p>\n<p><strong>Enostavna namestitev:<\/strong> \u010ceprav ne nudimo navodil po korakih, je zamenjava naslona za dlani enostaven postopek. \u010ce naletite na te\u017eave ali imate vpra\u0161anja, nam pi\u0161ite za pomo\u010d. Tukaj smo, da vam pomagamo!<\/p>\n<p><strong>Globalna dostava:<\/strong> Na siggmo.com ponujamo dostavo po vsem svetu, da zagotovimo kakovostne dele prenosnikov strankam po vsem svetu. Naro\u010dite z zaupanjem, saj veste, da resni\u010dne fotografije na seznamu prikazujejo to\u010dno tisti del, ki ga boste prejeli.<\/p>\n<p>Nadgradite svoj Lenovo Thinkpad T480s z najbolj\u0161im \u2013 naro\u010dite originalni naslon za dlani Lenovo pri siggmo.com \u0161e danes!<\/p>\n","protected":false},"featured_media":44463,"template":"","meta":[],"product_brand":[],"product_cat":[2051],"product_tag":[1818],"class_list":{"0":"post-56215","1":"product","2":"type-product","3":"status-publish","4":"has-post-thumbnail","6":"product_cat-ohisje-prenosnika","7":"product_tag-rezervni-deli","9":"first","10":"instock","11":"taxable","12":"shipping-taxable","13":"purchasable","14":"product-type-simple"},"_links":{"self":[{"href":"https:\/\/pracek.si\/racunalniskatrgovina\/wp-json\/wp\/v2\/product\/56215","targetHints":{"allow":["GET"]}}],"collection":[{"href":"https:\/\/pracek.si\/racunalniskatrgovina\/wp-json\/wp\/v2\/product"}],"about":[{"href":"https:\/\/pracek.si\/racunalniskatrgovina\/wp-json\/wp\/v2\/types\/product"}],"version-history":[{"count":0,"href":"https:\/\/pracek.si\/racunalniskatrgovina\/wp-json\/wp\/v2\/product\/56215\/revisions"}],"wp:featuredmedia":[{"embeddable":true,"href":"https:\/\/pracek.si\/racunalniskatrgovina\/wp-json\/wp\/v2\/media\/44463"}],"wp:attachment":[{"href":"https:\/\/pracek.si\/racunalniskatrgovina\/wp-json\/wp\/v2\/media?parent=56215"}],"wp:term":[{"taxonomy":"product_brand","embeddable":true,"href":"https:\/\/pracek.si\/racunalniskatrgovina\/wp-json\/wp\/v2\/product_brand?post=56215"},{"taxonomy":"product_cat","embeddable":true,"href":"https:\/\/pracek.si\/racunalniskatrgovina\/wp-json\/wp\/v2\/product_cat?post=56215"},{"taxonomy":"product_tag","embeddable":true,"href":"https:\/\/pracek.si\/racunalniskatrgovina\/wp-json\/wp\/v2\/product_tag?post=56215"}],"curies":[{"name":"wp","href":"https:\/\/api.w.org\/{rel}","templated":true}]}}