{"id":56330,"date":"2025-07-31T09:33:47","date_gmt":"2025-07-31T08:33:47","guid":{"rendered":"https:\/\/pracek.si\/racunalniskatrgovina\/?post_type=product&#038;p=56330"},"modified":"2025-07-31T09:35:41","modified_gmt":"2025-07-31T08:35:41","slug":"hp-atheros-ar5bxb63h-459339-001-459339-003-wifi-kartica-za-prenosnik-hp-g60","status":"publish","type":"product","link":"https:\/\/pracek.si\/racunalniskatrgovina\/izdelek\/hp-atheros-ar5bxb63h-459339-001-459339-003-wifi-kartica-za-prenosnik-hp-g60\/","title":{"rendered":"HP Atheros AR5BXB63H 459339-001 459339-003 WiFi kartica za prenosnik HP G60"},"content":{"rendered":"<p>Izbolj\u0161ajte povezljivost svojega prenosnika HP G60 s kartico WiFi HP\/Atheros AR5BXB63H 459339-001 459339-003. Ta originalni brez\u017ei\u010dni omre\u017eni adapter zagotavlja hitro in zanesljivo delovanje. Enostaven za namestitev, zdru\u017eljiv je z razli\u010dnimi modeli HP G60. Nadgradite \u0161e danes za izbolj\u0161ane brez\u017ei\u010dne zmogljivosti.<\/p>\n","protected":false},"excerpt":{"rendered":"<p>Nadgradite brez\u017ei\u010dno povezljivost va\u0161ega prenosnika HP G60 s kartico WiFi prenosnika HP\/Atheros AR5BXB63H 459339-001 459339-003. Ta pristen HP-jev izdelek je zasnovan za brezhibno integracijo, ki zagotavlja optimalno delovanje brez\u017ei\u010dnega omre\u017eja va\u0161ega prenosnika.<\/p>\n<p><strong>Zdru\u017eljivost:<\/strong> Ta kartica WiFi je zdru\u017eljiva z razli\u010dnimi modeli HP G60 in je zanesljiva izbira za tiste, ki \u017eelijo izbolj\u0161ati brez\u017ei\u010dne zmogljivosti svojega prenosnika. Model AR5BXB63H in \u0161tevilki delov 459339-001 in 459339-003 zagotavljajo zdru\u017eljivost z va\u0161o napravo HP G60.<\/p>\n<p><strong>Enostavna namestitev:<\/strong> Namestitev kartice HP\/Atheros WiFi je postopek brez te\u017eav, ki vam omogo\u010da, da v trenutku u\u017eivate v izbolj\u0161ani brez\u017ei\u010dni zmogljivosti. \u010ceprav ne zagotavljamo posebnih navodil za zamenjavo, se obrnite na nas, \u010de med namestitvijo naletite na kakr\u0161ne koli te\u017eave ali imate vpra\u0161anja.<\/p>\n<p><strong>Dostava po vsem svetu:<\/strong> Zavedamo se, da va\u0161a potreba po zanesljivih delih prenosnika presega meje. Zato ponujamo dostavo po vsem svetu, s \u010dimer zagotavljamo, da lahko nadgradite kartico WiFi HP G60 ne glede na to, kje ste.<\/p>\n<p><strong>Pravi izdelek, resni\u010dne fotografije:<\/strong> Slike izdelkov na tem seznamu so pristne fotografije kartice HP\/Atheros AR5BXB63H 459339-001 459339-003 WiFi, ki jo boste prejeli. Verjamemo v preglednost in \u017eelimo, da natan\u010dno vidite, kaj dobite.<\/p>\n<p>Izbolj\u0161ajte zmogljivost svojega prenosnika HP G60 s to pristno kartico WiFi HP\/Atheros. Brez truda nadgradite svojo brez\u017ei\u010dno povezljivost in izkusite prednosti hitrej\u0161e in zanesljivej\u0161e omre\u017ene povezave. \u010ce imate kakr\u0161na koli vpra\u0161anja ali potrebujete dodatno pomo\u010d, nam pi\u0161ite. Kupujte z zaupanjem pri siggmo &#8211; va\u0161em zaupanja vrednem viru kakovostnih delov za prenosnike.<\/p>\n","protected":false},"featured_media":44640,"template":"","meta":[],"product_brand":[],"product_cat":[2062],"product_tag":[2060,1818],"class_list":{"0":"post-56330","1":"product","2":"type-product","3":"status-publish","4":"has-post-thumbnail","6":"product_cat-maticne-plosce-in-deli-plosc","7":"product_tag-hp","8":"product_tag-rezervni-deli","10":"first","11":"instock","12":"taxable","13":"shipping-taxable","14":"purchasable","15":"product-type-simple"},"_links":{"self":[{"href":"https:\/\/pracek.si\/racunalniskatrgovina\/wp-json\/wp\/v2\/product\/56330","targetHints":{"allow":["GET"]}}],"collection":[{"href":"https:\/\/pracek.si\/racunalniskatrgovina\/wp-json\/wp\/v2\/product"}],"about":[{"href":"https:\/\/pracek.si\/racunalniskatrgovina\/wp-json\/wp\/v2\/types\/product"}],"version-history":[{"count":0,"href":"https:\/\/pracek.si\/racunalniskatrgovina\/wp-json\/wp\/v2\/product\/56330\/revisions"}],"wp:featuredmedia":[{"embeddable":true,"href":"https:\/\/pracek.si\/racunalniskatrgovina\/wp-json\/wp\/v2\/media\/44640"}],"wp:attachment":[{"href":"https:\/\/pracek.si\/racunalniskatrgovina\/wp-json\/wp\/v2\/media?parent=56330"}],"wp:term":[{"taxonomy":"product_brand","embeddable":true,"href":"https:\/\/pracek.si\/racunalniskatrgovina\/wp-json\/wp\/v2\/product_brand?post=56330"},{"taxonomy":"product_cat","embeddable":true,"href":"https:\/\/pracek.si\/racunalniskatrgovina\/wp-json\/wp\/v2\/product_cat?post=56330"},{"taxonomy":"product_tag","embeddable":true,"href":"https:\/\/pracek.si\/racunalniskatrgovina\/wp-json\/wp\/v2\/product_tag?post=56330"}],"curies":[{"name":"wp","href":"https:\/\/api.w.org\/{rel}","templated":true}]}}