{"id":56376,"date":"2025-07-31T09:36:32","date_gmt":"2025-07-31T08:36:32","guid":{"rendered":"https:\/\/pracek.si\/racunalniskatrgovina\/?post_type=product&#038;p=56376"},"modified":"2025-07-31T09:38:24","modified_gmt":"2025-07-31T08:38:24","slug":"original-acer-e5-571-dc301000q-j00-power-dc-jack-konektor-deli-za-prenosnike","status":"publish","type":"product","link":"https:\/\/pracek.si\/racunalniskatrgovina\/izdelek\/original-acer-e5-571-dc301000q-j00-power-dc-jack-konektor-deli-za-prenosnike\/","title":{"rendered":"Original Acer E5 571 DC301000Q J00 Power DC JACK konektor &#8211; Deli za prenosnike"},"content":{"rendered":"<p>Zagotovite brezhibno napajalno povezljivost z originalnim priklju\u010dkom za napajanje DC JACK za Acer E5 571 DC301000Q J00. Zdru\u017eljiv z modeli Acer E5 571, ta originalni del zagotavlja zanesljivo napajanje. Zaupajte kakovosti svojega prenosnika \u2013 kupite pristne dele prenosnika Acer na Siggmo.com.<\/p>\n","protected":false},"excerpt":{"rendered":"<p>Investirajte v dolgo \u017eivljenjsko dobo va\u0161ega prenosnika Acer E5 571 z originalnim priklju\u010dkom za napajanje DC JACK za Acer E5 571 DC301000Q J00, ki je na voljo izklju\u010dno pri Siggmo. Ta izvirni napajalni priklju\u010dek je zasnovan tako, da zagotavlja varno in u\u010dinkovito napajanje va\u0161ega prenosnika ter prepre\u010duje motnje v delovanju.<\/p>\n<p><strong>Klju\u010dne lastnosti:<\/strong><\/p>\n<ul>\n<li><strong>Zdru\u017eljivost:<\/strong> Posebej zasnovano za modele Acer E5 571, kar zagotavlja popolno prileganje.<\/li>\n<li><strong>Pristen del Acer:<\/strong> Bodite mirni, saj veste, da kupujete pristen del prenosnika Acer.<\/li>\n<li><strong>Zanesljiva napajalna povezava:<\/strong> Zmanj\u0161ajte tveganje prekinitev napajanja s tem visokokakovostnim priklju\u010dkom DC JACK.<\/li>\n<\/ul>\n<p>Ne glede na to, ali ste navdu\u0161enec nad tehnologijo, ljubitelj popravila prenosnikov DIY ali profesionalec, je ta priklju\u010dek Acer E5 571 DC JACK bistvena komponenta za ohranjanje funkcionalnosti va\u0161ega prenosnika.<\/p>\n<p><strong>Opomba:<\/strong><\/p>\n<ul>\n<li>Pomo\u010d pri namestitvi ni vklju\u010dena, vendar smo tukaj, da vam pomagamo. Za dodatne informacije ali podporo, ki jo morda potrebujete, nam pi\u0161ite.<\/li>\n<li>Prikazane slike izdelkov so resni\u010dne fotografije dela, ki ga boste prejeli, kar prikazuje na\u0161o zavezanost preglednosti in kakovosti.<\/li>\n<\/ul>\n<p>Nadgradite svoj Acer E5 571 s tem originalnim priklju\u010dkom Acer E5 571 DC301000Q J00 Power DC JACK in izkusite neprekinjeno napajanje va\u0161ega prenosnika. Zaupajte Siggmu za pristne dele prenosnika, ki se po\u0161iljajo po vsem svetu.<\/p>\n","protected":false},"featured_media":44728,"template":"","meta":[],"product_brand":[],"product_cat":[2055],"product_tag":[2064,1818],"class_list":{"0":"post-56376","1":"product","2":"type-product","3":"status-publish","4":"has-post-thumbnail","6":"product_cat-kabli","7":"product_tag-acer","8":"product_tag-rezervni-deli","10":"first","11":"instock","12":"taxable","13":"shipping-taxable","14":"purchasable","15":"product-type-simple"},"_links":{"self":[{"href":"https:\/\/pracek.si\/racunalniskatrgovina\/wp-json\/wp\/v2\/product\/56376","targetHints":{"allow":["GET"]}}],"collection":[{"href":"https:\/\/pracek.si\/racunalniskatrgovina\/wp-json\/wp\/v2\/product"}],"about":[{"href":"https:\/\/pracek.si\/racunalniskatrgovina\/wp-json\/wp\/v2\/types\/product"}],"version-history":[{"count":0,"href":"https:\/\/pracek.si\/racunalniskatrgovina\/wp-json\/wp\/v2\/product\/56376\/revisions"}],"wp:featuredmedia":[{"embeddable":true,"href":"https:\/\/pracek.si\/racunalniskatrgovina\/wp-json\/wp\/v2\/media\/44728"}],"wp:attachment":[{"href":"https:\/\/pracek.si\/racunalniskatrgovina\/wp-json\/wp\/v2\/media?parent=56376"}],"wp:term":[{"taxonomy":"product_brand","embeddable":true,"href":"https:\/\/pracek.si\/racunalniskatrgovina\/wp-json\/wp\/v2\/product_brand?post=56376"},{"taxonomy":"product_cat","embeddable":true,"href":"https:\/\/pracek.si\/racunalniskatrgovina\/wp-json\/wp\/v2\/product_cat?post=56376"},{"taxonomy":"product_tag","embeddable":true,"href":"https:\/\/pracek.si\/racunalniskatrgovina\/wp-json\/wp\/v2\/product_tag?post=56376"}],"curies":[{"name":"wp","href":"https:\/\/api.w.org\/{rel}","templated":true}]}}