{"id":56381,"date":"2025-07-31T09:36:33","date_gmt":"2025-07-31T08:36:33","guid":{"rendered":"https:\/\/pracek.si\/racunalniskatrgovina\/?post_type=product&#038;p=56381"},"modified":"2025-07-31T09:38:35","modified_gmt":"2025-07-31T08:38:35","slug":"dell-dw1702-atheros-ar5b195-brezzicna-wifi-n-bluetooth-wlan-kartica-za-14r-n4110-n4120","status":"publish","type":"product","link":"https:\/\/pracek.si\/racunalniskatrgovina\/izdelek\/dell-dw1702-atheros-ar5b195-brezzicna-wifi-n-bluetooth-wlan-kartica-za-14r-n4110-n4120\/","title":{"rendered":"Dell DW1702 Atheros AR5B195 brez\u017ei\u010dna WiFi N Bluetooth WLAN kartica za 14R N4110 N4120"},"content":{"rendered":"<p>Nadgradite svoj Dell 14R N4110 N4120 z brez\u017ei\u010dno kartico Dell DW1702 Atheros AR5B195 WiFi N Bluetooth WLAN. Originalni del Dell za brezhibno zdru\u017eljivost. Izbolj\u0161ajte povezljivost svojega prenosnika in u\u017eivajte v hitrih zmogljivostih WiFi in Bluetooth. Enostavna namestitev z resni\u010dnimi fotografijami dejanskega izdelka, ki ga boste prejeli. Na voljo je dostava po vsem svetu.<\/p>\n","protected":false},"excerpt":{"rendered":"<p>Izbolj\u0161ajte zmogljivost svojega prenosnika Dell 14R N4110 N4120 z brez\u017ei\u010dno kartico Dell DW1702 Atheros AR5B195 Wireless WiFi N Bluetooth WLAN. Ta originalni del Dell zagotavlja brezhibno zdru\u017eljivost in zagotavlja optimalno funkcionalnost.<\/p>\n<p><strong>Klju\u010dne lastnosti:<\/strong><\/p>\n<ul>\n<li><strong>Brez\u017ei\u010dna povezljivost:<\/strong> Izkusite bliskovito hitre hitrosti WiFi N za nemoteno brskanje po spletu, pretakanje in prenose.<\/li>\n<li><strong>Zmogljivost Bluetooth:<\/strong> Brez\u017ei\u010dno pove\u017eite svoje najljub\u0161e zunanje naprave z integrirano funkcijo Bluetooth.<\/li>\n<li><strong>Zdru\u017eljivost:<\/strong> Zasnovan posebej za model Dell 14R N4110 N4120, ki zagotavlja popolno prileganje in enostavno namestitev.<\/li>\n<li><strong>Prave fotografije izdelkov:<\/strong> Kar vidite, to dobite. Resni\u010dne fotografije dejanskega izdelka, da natan\u010dno veste, kaj lahko pri\u010dakujete.<\/li>\n<\/ul>\n<p><strong>Navodila za namestitev:<\/strong> Ta kartica je zasnovana za enostavno namestitev. \u010ce pa potrebujete pomo\u010d, nam pi\u0161ite. \u010ceprav ne nudimo navodil po korakih, smo tu, da vam pomagamo pri morebitnih vpra\u0161anjih.<\/p>\n<p><strong>Podatki o po\u0161iljanju:<\/strong> Ponujamo po\u0161iljanje po vsem svetu, slike izdelkov pa prikazujejo dejanski izdelek, ki ga boste prejeli. Bodite prepri\u010dani, va\u0161e naro\u010dilo bo skrbno zapakirano in dostavljeno na va\u0161 prag.<\/p>\n<p>Nadgradite brez\u017ei\u010dne zmogljivosti svojega prenosnika \u0161e danes s kartico Dell DW1702 Atheros AR5B195. Izkusite udobje hitre povezave WiFi in Bluetooth, podprto z zanesljivostjo pristnih komponent Dell. Naro\u010dite zdaj in izbolj\u0161ajte svojo ra\u010dunalni\u0161ko izku\u0161njo!<\/p>\n","protected":false},"featured_media":44738,"template":"","meta":[],"product_brand":[],"product_cat":[2062],"product_tag":[2052,1818],"class_list":{"0":"post-56381","1":"product","2":"type-product","3":"status-publish","4":"has-post-thumbnail","6":"product_cat-maticne-plosce-in-deli-plosc","7":"product_tag-dell","8":"product_tag-rezervni-deli","10":"first","11":"instock","12":"taxable","13":"shipping-taxable","14":"purchasable","15":"product-type-simple"},"_links":{"self":[{"href":"https:\/\/pracek.si\/racunalniskatrgovina\/wp-json\/wp\/v2\/product\/56381","targetHints":{"allow":["GET"]}}],"collection":[{"href":"https:\/\/pracek.si\/racunalniskatrgovina\/wp-json\/wp\/v2\/product"}],"about":[{"href":"https:\/\/pracek.si\/racunalniskatrgovina\/wp-json\/wp\/v2\/types\/product"}],"version-history":[{"count":0,"href":"https:\/\/pracek.si\/racunalniskatrgovina\/wp-json\/wp\/v2\/product\/56381\/revisions"}],"wp:featuredmedia":[{"embeddable":true,"href":"https:\/\/pracek.si\/racunalniskatrgovina\/wp-json\/wp\/v2\/media\/44738"}],"wp:attachment":[{"href":"https:\/\/pracek.si\/racunalniskatrgovina\/wp-json\/wp\/v2\/media?parent=56381"}],"wp:term":[{"taxonomy":"product_brand","embeddable":true,"href":"https:\/\/pracek.si\/racunalniskatrgovina\/wp-json\/wp\/v2\/product_brand?post=56381"},{"taxonomy":"product_cat","embeddable":true,"href":"https:\/\/pracek.si\/racunalniskatrgovina\/wp-json\/wp\/v2\/product_cat?post=56381"},{"taxonomy":"product_tag","embeddable":true,"href":"https:\/\/pracek.si\/racunalniskatrgovina\/wp-json\/wp\/v2\/product_tag?post=56381"}],"curies":[{"name":"wp","href":"https:\/\/api.w.org\/{rel}","templated":true}]}}