{"id":56392,"date":"2025-07-31T09:37:22","date_gmt":"2025-07-31T08:37:22","guid":{"rendered":"https:\/\/pracek.si\/racunalniskatrgovina\/?post_type=product&#038;p=56392"},"modified":"2025-07-31T09:39:26","modified_gmt":"2025-07-31T08:39:26","slug":"originalni-prenosni-zvocnik-samsung-r60-ba96-03296a-originalen-nadomestni-del","status":"publish","type":"product","link":"https:\/\/pracek.si\/racunalniskatrgovina\/izdelek\/originalni-prenosni-zvocnik-samsung-r60-ba96-03296a-originalen-nadomestni-del\/","title":{"rendered":"Originalni prenosni zvo\u010dnik Samsung R60 BA96-03296A &#8211; originalen nadomestni del"},"content":{"rendered":"<p>Zamenjajte ali nadgradite prenosni zvo\u010dnik na prenosnem ra\u010dunalniku Samsung R60 s to originalno zvo\u010dni\u0161ko enoto BA96-03296A. U\u017eivajte v jasnem in jasnem zvo\u010dnem izhodu za glasbo, videoposnetke in ve\u010dpredstavnostne vsebine. Ta originalni nadomestni del, ki ga je enostavno namestiti in ne zahteva tehni\u010dnega znanja, povrne kakovost zvoka va\u0161ega prenosnika v prvotno stanje.<\/p>\n","protected":false},"excerpt":{"rendered":"<p>Nadgradite ali zamenjajte prenosni zvo\u010dnik na prenosnem ra\u010dunalniku Samsung R60 s to originalno zvo\u010dni\u0161ko enoto BA96-03296A. Ta originalni zvo\u010dnik, ki ga je oblikoval in izdelal Samsung, zagotavlja zdru\u017eljivost in optimalno delovanje z va\u0161o napravo. U\u017eivajte v jasnem in jasnem zvo\u010dnem izhodu za glasbo, videoposnetke in ve\u010dpredstavnostne vsebine. Ta originalni nadomestni del, ki ga je enostavno namestiti in ne zahteva tehni\u010dnega znanja, povrne kakovost zvoka va\u0161ega prenosnika v prvotno stanje. Investirajte v pristnost in zanesljivost delov Samsung za va\u0161 prenosnik R60 \u0161e danes!<\/p>\n","protected":false},"featured_media":44760,"template":"","meta":[],"product_brand":[],"product_cat":[2053],"product_tag":[1818,2083],"class_list":{"0":"post-56392","1":"product","2":"type-product","3":"status-publish","4":"has-post-thumbnail","6":"product_cat-zvocniki-za-prenosnike","7":"product_tag-rezervni-deli","8":"product_tag-samsung","10":"first","11":"instock","12":"taxable","13":"shipping-taxable","14":"purchasable","15":"product-type-simple"},"_links":{"self":[{"href":"https:\/\/pracek.si\/racunalniskatrgovina\/wp-json\/wp\/v2\/product\/56392","targetHints":{"allow":["GET"]}}],"collection":[{"href":"https:\/\/pracek.si\/racunalniskatrgovina\/wp-json\/wp\/v2\/product"}],"about":[{"href":"https:\/\/pracek.si\/racunalniskatrgovina\/wp-json\/wp\/v2\/types\/product"}],"version-history":[{"count":0,"href":"https:\/\/pracek.si\/racunalniskatrgovina\/wp-json\/wp\/v2\/product\/56392\/revisions"}],"wp:featuredmedia":[{"embeddable":true,"href":"https:\/\/pracek.si\/racunalniskatrgovina\/wp-json\/wp\/v2\/media\/44760"}],"wp:attachment":[{"href":"https:\/\/pracek.si\/racunalniskatrgovina\/wp-json\/wp\/v2\/media?parent=56392"}],"wp:term":[{"taxonomy":"product_brand","embeddable":true,"href":"https:\/\/pracek.si\/racunalniskatrgovina\/wp-json\/wp\/v2\/product_brand?post=56392"},{"taxonomy":"product_cat","embeddable":true,"href":"https:\/\/pracek.si\/racunalniskatrgovina\/wp-json\/wp\/v2\/product_cat?post=56392"},{"taxonomy":"product_tag","embeddable":true,"href":"https:\/\/pracek.si\/racunalniskatrgovina\/wp-json\/wp\/v2\/product_tag?post=56392"}],"curies":[{"name":"wp","href":"https:\/\/api.w.org\/{rel}","templated":true}]}}