{"id":56417,"date":"2025-07-31T09:39:09","date_gmt":"2025-07-31T08:39:09","guid":{"rendered":"https:\/\/pracek.si\/racunalniskatrgovina\/?post_type=product&#038;p=56417"},"modified":"2025-07-31T09:41:02","modified_gmt":"2025-07-31T08:41:02","slug":"fujitsu-lifebook-e754-lcd-zadnji-pokrov-pokrova-nadomestni-del","status":"publish","type":"product","link":"https:\/\/pracek.si\/racunalniskatrgovina\/izdelek\/fujitsu-lifebook-e754-lcd-zadnji-pokrov-pokrova-nadomestni-del\/","title":{"rendered":"Fujitsu Lifebook E754 LCD ZADNJI POKROV POKROVA Nadomestni del"},"content":{"rendered":"<p>Izbolj\u0161ajte videz in za\u0161\u010ditite zaslon va\u0161ega Fujitsu Lifebook E754 s tem trpe\u017enim nadomestkom pokrova zadnjega pokrova LCD-ja. Izdelan za popolno prileganje nudi zanesljivo za\u0161\u010dito pred praskami in po\u0161kodbami. Ta nadomestni pokrov, ki ga je enostavno namestiti, zagotavlja, da va\u0161 prenosnik ohrani svojo elegantno estetiko.<\/p>\n","protected":false},"excerpt":{"rendered":"<p>Nadgradite videz in za\u0161\u010ditite zaslon va\u0161ega Fujitsu Lifebook E754 s tem visokokakovostnim nadomestnim pokrovom zadnjega pokrova LCD. Ta pokrov, izdelan po natan\u010dnih specifikacijah, zagotavlja brezhibno prileganje in zanesljivo za\u0161\u010dito zaslona va\u0161ega prenosnika. Narejen je iz trpe\u017enih materialov, nudi robustno za\u0161\u010dito pred praskami, udrtinami in drugimi po\u0161kodbami ter podalj\u0161uje \u017eivljenjsko dobo va\u0161e naprave. Ta nadomestni pokrov, ki ga je enostavno namestiti, vam omogo\u010da ohranjanje elegantne estetike va\u0161ega prenosnika z minimalnim naporom. Povrnite prvinski videz svojega Fujitsu Lifebook E754 in za\u0161\u010ditite njegov zaslon s tem nadomestnim pokrovom zadnjega pokrova LCD.<\/p>\n","protected":false},"featured_media":44791,"template":"","meta":[],"product_brand":[],"product_cat":[2051],"product_tag":[2063,1818],"class_list":{"0":"post-56417","1":"product","2":"type-product","3":"status-publish","4":"has-post-thumbnail","6":"product_cat-ohisje-prenosnika","7":"product_tag-fujitsu","8":"product_tag-rezervni-deli","10":"first","11":"instock","12":"taxable","13":"shipping-taxable","14":"purchasable","15":"product-type-simple"},"_links":{"self":[{"href":"https:\/\/pracek.si\/racunalniskatrgovina\/wp-json\/wp\/v2\/product\/56417","targetHints":{"allow":["GET"]}}],"collection":[{"href":"https:\/\/pracek.si\/racunalniskatrgovina\/wp-json\/wp\/v2\/product"}],"about":[{"href":"https:\/\/pracek.si\/racunalniskatrgovina\/wp-json\/wp\/v2\/types\/product"}],"version-history":[{"count":0,"href":"https:\/\/pracek.si\/racunalniskatrgovina\/wp-json\/wp\/v2\/product\/56417\/revisions"}],"wp:featuredmedia":[{"embeddable":true,"href":"https:\/\/pracek.si\/racunalniskatrgovina\/wp-json\/wp\/v2\/media\/44791"}],"wp:attachment":[{"href":"https:\/\/pracek.si\/racunalniskatrgovina\/wp-json\/wp\/v2\/media?parent=56417"}],"wp:term":[{"taxonomy":"product_brand","embeddable":true,"href":"https:\/\/pracek.si\/racunalniskatrgovina\/wp-json\/wp\/v2\/product_brand?post=56417"},{"taxonomy":"product_cat","embeddable":true,"href":"https:\/\/pracek.si\/racunalniskatrgovina\/wp-json\/wp\/v2\/product_cat?post=56417"},{"taxonomy":"product_tag","embeddable":true,"href":"https:\/\/pracek.si\/racunalniskatrgovina\/wp-json\/wp\/v2\/product_tag?post=56417"}],"curies":[{"name":"wp","href":"https:\/\/api.w.org\/{rel}","templated":true}]}}