{"id":56422,"date":"2025-07-31T09:39:10","date_gmt":"2025-07-31T08:39:10","guid":{"rendered":"https:\/\/pracek.si\/racunalniskatrgovina\/?post_type=product&#038;p=56422"},"modified":"2026-01-19T10:53:37","modified_gmt":"2026-01-19T09:53:37","slug":"dc-jack-wired-za-hp-15-pn-cbl00378-0150-8-pin-zamenjava-napajalnega-prikljucka-za-prenosnik","status":"publish","type":"product","link":"https:\/\/pracek.si\/racunalniskatrgovina\/izdelek\/dc-jack-wired-za-hp-15-pn-cbl00378-0150-8-pin-zamenjava-napajalnega-prikljucka-za-prenosnik\/","title":{"rendered":"DC Jack Wired za HP 15 PN CBL00378-0150 8-pin &#8211; Zamenjava napajalnega priklju\u010dka za prenosnik"},"content":{"rendered":"<p>Zamenjajte napajalni priklju\u010dek va\u0161ega prenosnika HP s tem \u017ei\u010dnim priklju\u010dkom za enosmerni tok, ki je zdru\u017eljiv s \u0161tevilko SuyIn CBL00378-0150 in ima 8-pinsko konfiguracijo. Zagotovite varno in zanesljivo napajalno povezavo za svojo napravo s tem visokokakovostnim nadomestnim delom. Enostaven za namestitev je popolna re\u0161itev za obnovitev delovanja napajanja va\u0161ega prenosnika HP.<\/p>\n","protected":false},"excerpt":{"rendered":"<p>Nadgradite napajalni konektor va\u0161ega HP-jevega prenosnika s tem \u017ei\u010dnim DC priklju\u010dkom, zasnovanim za 15 P\/N CBL00378-0150, ki ima 8-polno konfiguracijo. Ta nadomestni priklju\u010dek, izdelan z mislijo na vzdr\u017eljivost in zdru\u017eljivost, zagotavlja varno napajalno povezavo za va\u0161o napravo. Ta vti\u010dnica DC, zasnovana tako, da izpolnjuje ali presega standarde OEM, zagotavlja zanesljivo delovanje in optimalen prenos mo\u010di. Namestitev je enostavna, zaradi \u010desar je idealna re\u0161itev za ljubitelje DIY ali tehnike, ki \u017eelijo obnoviti delovanje napajanja svojih prenosnikov HP. Investirajte v to visokokakovostno zamenjavo za DC jack \u0161e danes in u\u017eivajte v neprekinjenem napajanju va\u0161ega prenosnika HP<\/p>\n","protected":false},"featured_media":44803,"template":"","meta":[],"product_brand":[],"product_cat":[2055],"product_tag":[2060,1818],"class_list":{"0":"post-56422","1":"product","2":"type-product","3":"status-publish","4":"has-post-thumbnail","6":"product_cat-kabli","7":"product_tag-hp","8":"product_tag-rezervni-deli","10":"first","11":"instock","12":"taxable","13":"shipping-taxable","14":"purchasable","15":"product-type-simple"},"_links":{"self":[{"href":"https:\/\/pracek.si\/racunalniskatrgovina\/wp-json\/wp\/v2\/product\/56422","targetHints":{"allow":["GET"]}}],"collection":[{"href":"https:\/\/pracek.si\/racunalniskatrgovina\/wp-json\/wp\/v2\/product"}],"about":[{"href":"https:\/\/pracek.si\/racunalniskatrgovina\/wp-json\/wp\/v2\/types\/product"}],"version-history":[{"count":0,"href":"https:\/\/pracek.si\/racunalniskatrgovina\/wp-json\/wp\/v2\/product\/56422\/revisions"}],"wp:featuredmedia":[{"embeddable":true,"href":"https:\/\/pracek.si\/racunalniskatrgovina\/wp-json\/wp\/v2\/media\/44803"}],"wp:attachment":[{"href":"https:\/\/pracek.si\/racunalniskatrgovina\/wp-json\/wp\/v2\/media?parent=56422"}],"wp:term":[{"taxonomy":"product_brand","embeddable":true,"href":"https:\/\/pracek.si\/racunalniskatrgovina\/wp-json\/wp\/v2\/product_brand?post=56422"},{"taxonomy":"product_cat","embeddable":true,"href":"https:\/\/pracek.si\/racunalniskatrgovina\/wp-json\/wp\/v2\/product_cat?post=56422"},{"taxonomy":"product_tag","embeddable":true,"href":"https:\/\/pracek.si\/racunalniskatrgovina\/wp-json\/wp\/v2\/product_tag?post=56422"}],"curies":[{"name":"wp","href":"https:\/\/api.w.org\/{rel}","templated":true}]}}