{"id":56424,"date":"2025-07-31T09:39:10","date_gmt":"2025-07-31T08:39:10","guid":{"rendered":"https:\/\/pracek.si\/racunalniskatrgovina\/?post_type=product&#038;p=56424"},"modified":"2025-07-31T09:41:49","modified_gmt":"2025-07-31T08:41:49","slug":"fujitsu-lifebook-e544-e734-e744-set-zvocnikov-levi-desni-zvocniki","status":"publish","type":"product","link":"https:\/\/pracek.si\/racunalniskatrgovina\/izdelek\/fujitsu-lifebook-e544-e734-e744-set-zvocnikov-levi-desni-zvocniki\/","title":{"rendered":"Fujitsu Lifebook E544 E734 E744 Set zvo\u010dnikov levi + desni &#8211; Zvo\u010dniki"},"content":{"rendered":"<p>Nadgradite zvo\u010dno zmogljivost va\u0161ega prenosnika Fujitsu Lifebook E544, E734 ali E744 s tem kompletom zvo\u010dnikov. Vklju\u010duje levi in desni zvo\u010dnik za izjemen zvok. Enostavna namestitev za takoj\u0161njo izbolj\u0161avo zvoka.<\/p>\n","protected":false},"excerpt":{"rendered":"<p>Izbolj\u0161ajte zvo\u010dno izku\u0161njo va\u0161ega prenosnika Fujitsu Lifebook E544, E734 ali E744 s tem kompletom zvo\u010dnikov, ki ga sestavljata levi in desni zvo\u010dnik. Ti zvo\u010dniki, izdelani za optimalno kakovost zvoka in zdru\u017eljivost, zagotavljajo oster in \u010dist zvok za va\u0161e multimedijske potrebe. Ne glede na to, ali gledate filme, poslu\u0161ate glasbo ali sodelujete v videokonferencah, ti zvo\u010dniki zagotavljajo impresiven zvok, ki izbolj\u0161a va\u0161o uporabni\u0161ko izku\u0161njo. Zasnovan za brezhibno integracijo v va\u0161 prenosnik, namestitev je hitra in enostavna, kar vam omogo\u010da, da v trenutku u\u017eivate v izbolj\u0161ani zvo\u010dni zmogljivosti. Nadgradite svoj Fujitsu Lifebook \u0161e danes s tem kompletom zvo\u010dnikov in u\u017eivajte v vrhunski kakovosti zvoka za vse svoje dejavnosti.<\/p>\n","protected":false},"featured_media":44807,"template":"","meta":[],"product_brand":[],"product_cat":[2053],"product_tag":[2063,1818],"class_list":{"0":"post-56424","1":"product","2":"type-product","3":"status-publish","4":"has-post-thumbnail","6":"product_cat-zvocniki-za-prenosnike","7":"product_tag-fujitsu","8":"product_tag-rezervni-deli","10":"first","11":"instock","12":"taxable","13":"shipping-taxable","14":"purchasable","15":"product-type-simple"},"_links":{"self":[{"href":"https:\/\/pracek.si\/racunalniskatrgovina\/wp-json\/wp\/v2\/product\/56424","targetHints":{"allow":["GET"]}}],"collection":[{"href":"https:\/\/pracek.si\/racunalniskatrgovina\/wp-json\/wp\/v2\/product"}],"about":[{"href":"https:\/\/pracek.si\/racunalniskatrgovina\/wp-json\/wp\/v2\/types\/product"}],"version-history":[{"count":0,"href":"https:\/\/pracek.si\/racunalniskatrgovina\/wp-json\/wp\/v2\/product\/56424\/revisions"}],"wp:featuredmedia":[{"embeddable":true,"href":"https:\/\/pracek.si\/racunalniskatrgovina\/wp-json\/wp\/v2\/media\/44807"}],"wp:attachment":[{"href":"https:\/\/pracek.si\/racunalniskatrgovina\/wp-json\/wp\/v2\/media?parent=56424"}],"wp:term":[{"taxonomy":"product_brand","embeddable":true,"href":"https:\/\/pracek.si\/racunalniskatrgovina\/wp-json\/wp\/v2\/product_brand?post=56424"},{"taxonomy":"product_cat","embeddable":true,"href":"https:\/\/pracek.si\/racunalniskatrgovina\/wp-json\/wp\/v2\/product_cat?post=56424"},{"taxonomy":"product_tag","embeddable":true,"href":"https:\/\/pracek.si\/racunalniskatrgovina\/wp-json\/wp\/v2\/product_tag?post=56424"}],"curies":[{"name":"wp","href":"https:\/\/api.w.org\/{rel}","templated":true}]}}