{"id":56437,"date":"2025-07-31T09:40:04","date_gmt":"2025-07-31T08:40:04","guid":{"rendered":"https:\/\/pracek.si\/racunalniskatrgovina\/?post_type=product&#038;p=56437"},"modified":"2026-01-19T10:54:19","modified_gmt":"2026-01-19T09:54:19","slug":"pokrov-pomnilnika-fujitsu-lifebook-e754-vrata-pokrova-pomnilnika-z-okvirjem-pomnilnika","status":"publish","type":"product","link":"https:\/\/pracek.si\/racunalniskatrgovina\/izdelek\/pokrov-pomnilnika-fujitsu-lifebook-e754-vrata-pokrova-pomnilnika-z-okvirjem-pomnilnika\/","title":{"rendered":"Pokrov pomnilnika Fujitsu LifeBook E754 Vrata pokrova pomnilnika z okvirjem pomnilnika"},"content":{"rendered":"<p>Izbolj\u0161ajte svoj Fujitsu LifeBook E754 s tem pristnim pokrovom pomnilnika, zavihkom okvirja pomnilnika. Omogo\u010da enostaven dostop do pomnilni\u0161kih re\u017e za nadgradnje. Vzdr\u017eljiva konstrukcija zagotavlja varno prileganje in za\u0161\u010dito pomnilni\u0161kih komponent va\u0161ega prenosnika. Bistvenega pomena za vzdr\u017eevanje in izbolj\u0161anje zmogljivosti prenosnika.<\/p>\n","protected":false},"excerpt":{"rendered":"<p>Nadgradite svoj Fujitsu LifeBook E754 s tem pristnim pokrovom pomnilnika z okvirjem za pomnilnik. Ta pokrovna vratca, izdelana posebej za model E754, omogo\u010dajo enostaven dostop do pomnilni\u0161kih re\u017e va\u0161ega prenosnika za priro\u010dne nadgradnje. Ta pokrov, izdelan iz trpe\u017enih materialov, zagotavlja varno prileganje in za\u0161\u010dito pomnilni\u0161kih komponent va\u0161ega prenosnika. Ne glede na to, ali ste \u0161tudent, poklicni ali tehnolo\u0161ki navdu\u0161enec, so ta vrata za pokrov pomnilnika bistvenega pomena za vzdr\u017eevanje in izbolj\u0161anje zmogljivosti va\u0161ega prenosnika. Zamenjajte svoj stari ali po\u0161kodovan ovitek s tem visokokakovostnim nadomestkom in poskrbite, da bo va\u0161 Fujitsu LifeBook E754 deloval brezhibno.<\/p>\n","protected":false},"featured_media":44830,"template":"","meta":[],"product_brand":[],"product_cat":[2051],"product_tag":[2063,1818],"class_list":{"0":"post-56437","1":"product","2":"type-product","3":"status-publish","4":"has-post-thumbnail","6":"product_cat-ohisje-prenosnika","7":"product_tag-fujitsu","8":"product_tag-rezervni-deli","10":"first","11":"instock","12":"taxable","13":"shipping-taxable","14":"purchasable","15":"product-type-simple"},"_links":{"self":[{"href":"https:\/\/pracek.si\/racunalniskatrgovina\/wp-json\/wp\/v2\/product\/56437","targetHints":{"allow":["GET"]}}],"collection":[{"href":"https:\/\/pracek.si\/racunalniskatrgovina\/wp-json\/wp\/v2\/product"}],"about":[{"href":"https:\/\/pracek.si\/racunalniskatrgovina\/wp-json\/wp\/v2\/types\/product"}],"version-history":[{"count":0,"href":"https:\/\/pracek.si\/racunalniskatrgovina\/wp-json\/wp\/v2\/product\/56437\/revisions"}],"wp:featuredmedia":[{"embeddable":true,"href":"https:\/\/pracek.si\/racunalniskatrgovina\/wp-json\/wp\/v2\/media\/44830"}],"wp:attachment":[{"href":"https:\/\/pracek.si\/racunalniskatrgovina\/wp-json\/wp\/v2\/media?parent=56437"}],"wp:term":[{"taxonomy":"product_brand","embeddable":true,"href":"https:\/\/pracek.si\/racunalniskatrgovina\/wp-json\/wp\/v2\/product_brand?post=56437"},{"taxonomy":"product_cat","embeddable":true,"href":"https:\/\/pracek.si\/racunalniskatrgovina\/wp-json\/wp\/v2\/product_cat?post=56437"},{"taxonomy":"product_tag","embeddable":true,"href":"https:\/\/pracek.si\/racunalniskatrgovina\/wp-json\/wp\/v2\/product_tag?post=56437"}],"curies":[{"name":"wp","href":"https:\/\/api.w.org\/{rel}","templated":true}]}}