{"id":56444,"date":"2025-07-31T09:40:48","date_gmt":"2025-07-31T08:40:48","guid":{"rendered":"https:\/\/pracek.si\/racunalniskatrgovina\/?post_type=product&#038;p=56444"},"modified":"2025-07-31T09:42:45","modified_gmt":"2025-07-31T08:42:45","slug":"video-kabel-ploski-lcd-zaslon-zaslon-za-monitor-hp-6820s-compaq-456582-001","status":"publish","type":"product","link":"https:\/\/pracek.si\/racunalniskatrgovina\/izdelek\/video-kabel-ploski-lcd-zaslon-zaslon-za-monitor-hp-6820s-compaq-456582-001\/","title":{"rendered":"Video kabel Ploski LCD zaslon Zaslon za monitor HP 6820s Compaq 456582-001"},"content":{"rendered":"<p>Zamenjajte svoj obrabljen ali po\u0161kodovan video kabel z ravnim zaslonom LCD s tem visokokakovostnim nadomestnim delom za prenosnike HP 6820s Compaq. Zagotovite brezhibno povezljivost in jasne slike za izbolj\u0161ano izku\u0161njo gledanja. Ta kabel, ki je enostaven za namestitev in je zdru\u017eljiv s \u0161tevilko dela 456582-001, je bistvena nadgradnja za va\u0161 prenosnik.<\/p>\n","protected":false},"excerpt":{"rendered":"<p>Nadgradite svoj monitor prenosnega ra\u010dunalnika HP 6820s Compaq s tem visokokakovostnim ravnim LCD zaslonom z video kablom. Ta kabel, zasnovan za zagotavljanje ostrih in jasnih vizualnih podob, zagotavlja brezhibno povezljivost med zaslonsko plo\u0161\u010do in mati\u010dno plo\u0161\u010do. Izdelan z natan\u010dnostjo in vzdr\u017eljivostjo zagotavlja zanesljivo delovanje, zaradi \u010desar je nepogre\u0161ljiv nadomestni del za va\u0161 prenosnik. Zdru\u017eljiv z modeli HP 6820s Compaq in \u0161tevilko dela 456582-001, ta video kabel nudi popolno prileganje in namestitev brez te\u017eav. Obnovite funkcionalnost zaslona svojega prenosnika s tem zanesljivim nadomestnim kablom \u0161e danes!<\/p>\n","protected":false},"featured_media":44836,"template":"","meta":[],"product_brand":[],"product_cat":[2055],"product_tag":[2060,1818],"class_list":{"0":"post-56444","1":"product","2":"type-product","3":"status-publish","4":"has-post-thumbnail","6":"product_cat-kabli","7":"product_tag-hp","8":"product_tag-rezervni-deli","10":"first","11":"instock","12":"taxable","13":"shipping-taxable","14":"purchasable","15":"product-type-simple"},"_links":{"self":[{"href":"https:\/\/pracek.si\/racunalniskatrgovina\/wp-json\/wp\/v2\/product\/56444","targetHints":{"allow":["GET"]}}],"collection":[{"href":"https:\/\/pracek.si\/racunalniskatrgovina\/wp-json\/wp\/v2\/product"}],"about":[{"href":"https:\/\/pracek.si\/racunalniskatrgovina\/wp-json\/wp\/v2\/types\/product"}],"version-history":[{"count":0,"href":"https:\/\/pracek.si\/racunalniskatrgovina\/wp-json\/wp\/v2\/product\/56444\/revisions"}],"wp:featuredmedia":[{"embeddable":true,"href":"https:\/\/pracek.si\/racunalniskatrgovina\/wp-json\/wp\/v2\/media\/44836"}],"wp:attachment":[{"href":"https:\/\/pracek.si\/racunalniskatrgovina\/wp-json\/wp\/v2\/media?parent=56444"}],"wp:term":[{"taxonomy":"product_brand","embeddable":true,"href":"https:\/\/pracek.si\/racunalniskatrgovina\/wp-json\/wp\/v2\/product_brand?post=56444"},{"taxonomy":"product_cat","embeddable":true,"href":"https:\/\/pracek.si\/racunalniskatrgovina\/wp-json\/wp\/v2\/product_cat?post=56444"},{"taxonomy":"product_tag","embeddable":true,"href":"https:\/\/pracek.si\/racunalniskatrgovina\/wp-json\/wp\/v2\/product_tag?post=56444"}],"curies":[{"name":"wp","href":"https:\/\/api.w.org\/{rel}","templated":true}]}}