{"id":56448,"date":"2025-07-31T09:40:49","date_gmt":"2025-07-31T08:40:49","guid":{"rendered":"https:\/\/pracek.si\/racunalniskatrgovina\/?post_type=product&#038;p=56448"},"modified":"2025-07-31T09:43:36","modified_gmt":"2025-07-31T08:43:36","slug":"naslon-za-dlani-emachines-e642g-z-zgornjim-pokrovom-sledilne-ploscice","status":"publish","type":"product","link":"https:\/\/pracek.si\/racunalniskatrgovina\/izdelek\/naslon-za-dlani-emachines-e642g-z-zgornjim-pokrovom-sledilne-ploscice\/","title":{"rendered":"Naslon za dlani eMachines E642G z zgornjim pokrovom sledilne plo\u0161\u010dice"},"content":{"rendered":"<p>Izbolj\u0161ajte svoj prenosni ra\u010dunalnik eMachines E642G s tem naslonom za dlani blagovne znamke z integriranim zgornjim pokrovom sledilne plo\u0161\u010dice. Zamenjajte svoj stari ali po\u0161kodovani naslon za dlani, da povrnete prenosni ra\u010dunalnik v optimalno stanje. Ta naslon za dlani, ki ga je enostavno namestiti, je odli\u010dna re\u0161itev za potrebe po delih va\u0161ega prenosnika.<\/p>\n","protected":false},"excerpt":{"rendered":"<p>Nadgradite videz in funkcionalnost svojega prenosnika eMachines E642G s tem naslonom za dlani blagovne znamke z integriranim zgornjim pokrovom sledilne plo\u0161\u010dice. Ta naslon za dlani, izdelan tako, da se brezhibno prilega va\u0161i napravi, ne samo izbolj\u0161a estetiko, ampak tudi nudi udobno povr\u0161ino za va\u0161e dlani med tipkanjem. Vgrajena sledilna plo\u0161\u010dica omogo\u010da natan\u010den nadzor kazalca, zaradi \u010desar je navigacija preprosta. Zamenjajte svoj stari ali po\u0161kodovan naslon za dlani s tem visokokakovostnim nadomestkom, da povrnete svoj prenosnik v optimalno stanje. Ta naslon za dlani, ki ga je enostavno namestiti, je odli\u010dna re\u0161itev za potrebe po delih va\u0161ega prenosnika.<\/p>\n","protected":false},"featured_media":44856,"template":"","meta":[],"product_brand":[],"product_cat":[2051],"product_tag":[2092,1818],"class_list":{"0":"post-56448","1":"product","2":"type-product","3":"status-publish","4":"has-post-thumbnail","6":"product_cat-ohisje-prenosnika","7":"product_tag-emachines","8":"product_tag-rezervni-deli","10":"first","11":"instock","12":"taxable","13":"shipping-taxable","14":"purchasable","15":"product-type-simple"},"_links":{"self":[{"href":"https:\/\/pracek.si\/racunalniskatrgovina\/wp-json\/wp\/v2\/product\/56448","targetHints":{"allow":["GET"]}}],"collection":[{"href":"https:\/\/pracek.si\/racunalniskatrgovina\/wp-json\/wp\/v2\/product"}],"about":[{"href":"https:\/\/pracek.si\/racunalniskatrgovina\/wp-json\/wp\/v2\/types\/product"}],"version-history":[{"count":0,"href":"https:\/\/pracek.si\/racunalniskatrgovina\/wp-json\/wp\/v2\/product\/56448\/revisions"}],"wp:featuredmedia":[{"embeddable":true,"href":"https:\/\/pracek.si\/racunalniskatrgovina\/wp-json\/wp\/v2\/media\/44856"}],"wp:attachment":[{"href":"https:\/\/pracek.si\/racunalniskatrgovina\/wp-json\/wp\/v2\/media?parent=56448"}],"wp:term":[{"taxonomy":"product_brand","embeddable":true,"href":"https:\/\/pracek.si\/racunalniskatrgovina\/wp-json\/wp\/v2\/product_brand?post=56448"},{"taxonomy":"product_cat","embeddable":true,"href":"https:\/\/pracek.si\/racunalniskatrgovina\/wp-json\/wp\/v2\/product_cat?post=56448"},{"taxonomy":"product_tag","embeddable":true,"href":"https:\/\/pracek.si\/racunalniskatrgovina\/wp-json\/wp\/v2\/product_tag?post=56448"}],"curies":[{"name":"wp","href":"https:\/\/api.w.org\/{rel}","templated":true}]}}