{"id":56468,"date":"2025-07-31T09:42:32","date_gmt":"2025-07-31T08:42:32","guid":{"rendered":"https:\/\/pracek.si\/racunalniskatrgovina\/?post_type=product&#038;p=56468"},"modified":"2026-01-19T11:07:26","modified_gmt":"2026-01-19T10:07:26","slug":"gumb-za-vklop-emachines-e642-stikalna-kartica-e642g-kartica-napajalne-plosce","status":"publish","type":"product","link":"https:\/\/pracek.si\/racunalniskatrgovina\/izdelek\/gumb-za-vklop-emachines-e642-stikalna-kartica-e642g-kartica-napajalne-plosce\/","title":{"rendered":"Gumb za vklop eMachines E642 &#8211; stikalna kartica E642G Kartica napajalne plo\u0161\u010de"},"content":{"rendered":"<p>Zamenjajte stikalno kartico gumba za vklop na prenosniku eMachines E642 ali E642G s tem visokokakovostnim nadomestnim delom. Zagotovite zanesljivo upravljanje porabe energije in enostavno upravljanje s to pristno stikalno kartico. Ta nadomestni del, ki je enostaven za namestitev in izdelan za dolgotrajno uporabo, obnovi funkcionalnost va\u0161e naprave, kar vam omogo\u010da preprost vklop in izklop.<\/p>\n","protected":false},"excerpt":{"rendered":"<p>Nadgradite ali zamenjajte stikalno kartico gumba za vklop za va\u0161 prenosnik eMachines E642 ali E642G s tem visokokakovostnim nadomestnim delom. Ta napajalna kartica, zasnovana za obnovitev funkcionalnosti va\u0161e naprave, zagotavlja zanesljivo upravljanje porabe energije, kar vam omogo\u010da enostavno vklapljanje in izklapljanje prenosnika. Ta stikalna kartica, izdelana z mislijo na natan\u010dnost in vzdr\u017eljivost, je zgrajena tako, da traja in zagotavlja dolgotrajno delovanje za va\u0161e udobje. S tem pristnim nadomestnim delom obnovite funkcionalnost prenosnika in zmo\u017enosti nadzora napajanja. Ta stikalna kartica, ki je enostavna za namestitev in je zdru\u017eljiva z modeloma eMachines E642 in E642G, je popolna re\u0161itev za potrebe po popravilu va\u0161ega prenosnika.<\/p>\n","protected":false},"featured_media":44872,"template":"","meta":[],"product_brand":[],"product_cat":[2062],"product_tag":[2092,1818],"class_list":{"0":"post-56468","1":"product","2":"type-product","3":"status-publish","4":"has-post-thumbnail","6":"product_cat-maticne-plosce-in-deli-plosc","7":"product_tag-emachines","8":"product_tag-rezervni-deli","10":"first","11":"instock","12":"taxable","13":"shipping-taxable","14":"purchasable","15":"product-type-simple"},"_links":{"self":[{"href":"https:\/\/pracek.si\/racunalniskatrgovina\/wp-json\/wp\/v2\/product\/56468","targetHints":{"allow":["GET"]}}],"collection":[{"href":"https:\/\/pracek.si\/racunalniskatrgovina\/wp-json\/wp\/v2\/product"}],"about":[{"href":"https:\/\/pracek.si\/racunalniskatrgovina\/wp-json\/wp\/v2\/types\/product"}],"version-history":[{"count":0,"href":"https:\/\/pracek.si\/racunalniskatrgovina\/wp-json\/wp\/v2\/product\/56468\/revisions"}],"wp:featuredmedia":[{"embeddable":true,"href":"https:\/\/pracek.si\/racunalniskatrgovina\/wp-json\/wp\/v2\/media\/44872"}],"wp:attachment":[{"href":"https:\/\/pracek.si\/racunalniskatrgovina\/wp-json\/wp\/v2\/media?parent=56468"}],"wp:term":[{"taxonomy":"product_brand","embeddable":true,"href":"https:\/\/pracek.si\/racunalniskatrgovina\/wp-json\/wp\/v2\/product_brand?post=56468"},{"taxonomy":"product_cat","embeddable":true,"href":"https:\/\/pracek.si\/racunalniskatrgovina\/wp-json\/wp\/v2\/product_cat?post=56468"},{"taxonomy":"product_tag","embeddable":true,"href":"https:\/\/pracek.si\/racunalniskatrgovina\/wp-json\/wp\/v2\/product_tag?post=56468"}],"curies":[{"name":"wp","href":"https:\/\/api.w.org\/{rel}","templated":true}]}}