{"id":56472,"date":"2025-07-31T09:42:33","date_gmt":"2025-07-31T08:42:33","guid":{"rendered":"https:\/\/pracek.si\/racunalniskatrgovina\/?post_type=product&#038;p=56472"},"modified":"2025-07-31T09:44:39","modified_gmt":"2025-07-31T08:44:39","slug":"dc-power-jack-za-emachines-e529-e640-e640g-e443-p5we6-bell-tm87-tm85-tm86-tm98","status":"publish","type":"product","link":"https:\/\/pracek.si\/racunalniskatrgovina\/izdelek\/dc-power-jack-za-emachines-e529-e640-e640g-e443-p5we6-bell-tm87-tm85-tm86-tm98\/","title":{"rendered":"DC Power Jack za eMachines E529 E640 E640G E443 P5WE6 Bell TM87 TM85 TM86 TM98"},"content":{"rendered":"<p>S tem nadomestnim napajalnim priklju\u010dkom za enosmerni tok obnovite napajalno povezavo va\u0161ega prenosnika eMachines ali Bell. Izdelan iz trpe\u017enih materialov za dolgotrajno delovanje. Enostavna namestitev zagotavlja hitro povrnitev funkcionalnosti.<\/p>\n","protected":false},"excerpt":{"rendered":"<p>Zamenjajte po\u0161kodovano ali nedelujo\u010do vti\u010dnico za enosmerni tok s tem visokokakovostnim nadomestnim delom, zdru\u017eljivim z razli\u010dnimi modeli prenosnikov eMachines in Bell. Ta napajalni priklju\u010dek za enosmerni tok je zasnovan za obnovitev zanesljive napajalne povezave z va\u0161o napravo, kar zagotavlja, da se va\u0161 prenosnik pravilno polni in deluje optimalno. Ta nadomestna vti\u010dnica, izdelana iz trpe\u017enih materialov, nudi dolgotrajno delovanje in varno povezavo. Namestitev je enostavna, kar vam omogo\u010da, da prenosni ra\u010dunalnik hitro znova vzpostavite in za\u010dnete delovati. Ne glede na to, ali ste navdu\u0161enec nad DIY ali profesionalni tehnik, je ta vti\u010dnica za enosmerno napajanje bistvena komponenta za ohranjanje funkcionalnosti va\u0161ega prenosnika.<\/p>\n","protected":false},"featured_media":44881,"template":"","meta":[],"product_brand":[],"product_cat":[2055],"product_tag":[2092,1818],"class_list":{"0":"post-56472","1":"product","2":"type-product","3":"status-publish","4":"has-post-thumbnail","6":"product_cat-kabli","7":"product_tag-emachines","8":"product_tag-rezervni-deli","10":"first","11":"instock","12":"taxable","13":"shipping-taxable","14":"purchasable","15":"product-type-simple"},"_links":{"self":[{"href":"https:\/\/pracek.si\/racunalniskatrgovina\/wp-json\/wp\/v2\/product\/56472","targetHints":{"allow":["GET"]}}],"collection":[{"href":"https:\/\/pracek.si\/racunalniskatrgovina\/wp-json\/wp\/v2\/product"}],"about":[{"href":"https:\/\/pracek.si\/racunalniskatrgovina\/wp-json\/wp\/v2\/types\/product"}],"version-history":[{"count":0,"href":"https:\/\/pracek.si\/racunalniskatrgovina\/wp-json\/wp\/v2\/product\/56472\/revisions"}],"wp:featuredmedia":[{"embeddable":true,"href":"https:\/\/pracek.si\/racunalniskatrgovina\/wp-json\/wp\/v2\/media\/44881"}],"wp:attachment":[{"href":"https:\/\/pracek.si\/racunalniskatrgovina\/wp-json\/wp\/v2\/media?parent=56472"}],"wp:term":[{"taxonomy":"product_brand","embeddable":true,"href":"https:\/\/pracek.si\/racunalniskatrgovina\/wp-json\/wp\/v2\/product_brand?post=56472"},{"taxonomy":"product_cat","embeddable":true,"href":"https:\/\/pracek.si\/racunalniskatrgovina\/wp-json\/wp\/v2\/product_cat?post=56472"},{"taxonomy":"product_tag","embeddable":true,"href":"https:\/\/pracek.si\/racunalniskatrgovina\/wp-json\/wp\/v2\/product_tag?post=56472"}],"curies":[{"name":"wp","href":"https:\/\/api.w.org\/{rel}","templated":true}]}}