{"id":56475,"date":"2025-07-31T09:42:34","date_gmt":"2025-07-31T08:42:34","guid":{"rendered":"https:\/\/pracek.si\/racunalniskatrgovina\/?post_type=product&#038;p=56475"},"modified":"2025-07-31T09:45:22","modified_gmt":"2025-07-31T08:45:22","slug":"broadcom-bcm92070md-bluetooth-card-board-kabel-za-dell-e6420-e6430-0g9m5x","status":"publish","type":"product","link":"https:\/\/pracek.si\/racunalniskatrgovina\/izdelek\/broadcom-bcm92070md-bluetooth-card-board-kabel-za-dell-e6420-e6430-0g9m5x\/","title":{"rendered":"Broadcom BCM92070MD Bluetooth Card Board + kabel za Dell E6420 E6430 0G9M5X"},"content":{"rendered":"<p>Nadgradite svoj prenosni ra\u010dunalnik Dell E6420 ali E6430 z Broadcom BCM92070MD kartico Bluetooth + kabel za brezhibno brez\u017ei\u010dno povezljivost. Originalni nadomestni del Dell zagotavlja zdru\u017eljivost in zanesljivo delovanje. Enostavna namestitev s prilo\u017eenim kablom. Izbolj\u0161ajte produktivnost in udobje tako, da prenosniku Dell dodate funkcijo Bluetooth.<\/p>\n","protected":false},"excerpt":{"rendered":"<p>Nadgradite svoj prenosni ra\u010dunalnik Dell E6420 ali E6430 z Broadcom BCM92070MD kartico Bluetooth + kabel za brezhibno brez\u017ei\u010dno povezljivost. Ta originalni nadomestni del Dell zagotavlja zdru\u017eljivost in zanesljivo delovanje ter vam omogo\u010da enostavno povezavo va\u0161ega prenosnika z napravami, ki podpirajo Bluetooth, kot so zvo\u010dniki, slu\u0161alke in pametni telefoni. Prilo\u017eeni kabel poenostavi namestitev, tako da je brez te\u017eav za uporabnike vseh ravni tehni\u010dnega znanja. Pove\u010dajte svojo produktivnost in udobje tako, da prenosniku Dell dodate funkcijo Bluetooth. Investirajte v kartico Broadcom BCM92070MD Bluetooth Card Board + kabel \u0161e danes!<\/p>\n","protected":false},"featured_media":44902,"template":"","meta":[],"product_brand":[],"product_cat":[2062],"product_tag":[2052,1818],"class_list":{"0":"post-56475","1":"product","2":"type-product","3":"status-publish","4":"has-post-thumbnail","6":"product_cat-maticne-plosce-in-deli-plosc","7":"product_tag-dell","8":"product_tag-rezervni-deli","10":"first","11":"instock","12":"taxable","13":"shipping-taxable","14":"purchasable","15":"product-type-simple"},"_links":{"self":[{"href":"https:\/\/pracek.si\/racunalniskatrgovina\/wp-json\/wp\/v2\/product\/56475","targetHints":{"allow":["GET"]}}],"collection":[{"href":"https:\/\/pracek.si\/racunalniskatrgovina\/wp-json\/wp\/v2\/product"}],"about":[{"href":"https:\/\/pracek.si\/racunalniskatrgovina\/wp-json\/wp\/v2\/types\/product"}],"version-history":[{"count":0,"href":"https:\/\/pracek.si\/racunalniskatrgovina\/wp-json\/wp\/v2\/product\/56475\/revisions"}],"wp:featuredmedia":[{"embeddable":true,"href":"https:\/\/pracek.si\/racunalniskatrgovina\/wp-json\/wp\/v2\/media\/44902"}],"wp:attachment":[{"href":"https:\/\/pracek.si\/racunalniskatrgovina\/wp-json\/wp\/v2\/media?parent=56475"}],"wp:term":[{"taxonomy":"product_brand","embeddable":true,"href":"https:\/\/pracek.si\/racunalniskatrgovina\/wp-json\/wp\/v2\/product_brand?post=56475"},{"taxonomy":"product_cat","embeddable":true,"href":"https:\/\/pracek.si\/racunalniskatrgovina\/wp-json\/wp\/v2\/product_cat?post=56475"},{"taxonomy":"product_tag","embeddable":true,"href":"https:\/\/pracek.si\/racunalniskatrgovina\/wp-json\/wp\/v2\/product_tag?post=56475"}],"curies":[{"name":"wp","href":"https:\/\/api.w.org\/{rel}","templated":true}]}}