{"id":56484,"date":"2025-07-31T09:43:30","date_gmt":"2025-07-31T08:43:30","guid":{"rendered":"https:\/\/pracek.si\/racunalniskatrgovina\/?post_type=product&#038;p=56484"},"modified":"2026-01-19T11:08:37","modified_gmt":"2026-01-19T10:08:37","slug":"prenosni-modul-wifi-wi-fi-kartice-za-emachines-e528-2325","status":"publish","type":"product","link":"https:\/\/pracek.si\/racunalniskatrgovina\/izdelek\/prenosni-modul-wifi-wi-fi-kartice-za-emachines-e528-2325\/","title":{"rendered":"Prenosni modul WiFi Wi-Fi kartice za eMachines E528-2325"},"content":{"rendered":"<p>Izbolj\u0161ajte brez\u017ei\u010dno povezljivost svojega prenosnika eMachines E528-2325 s tem modulom kartice WiFi. Izkusite hitrej\u0161e internetne hitrosti in izbolj\u0161ano zanesljivost va\u0161ih spletnih dejavnosti. Ta nadgradnja, ki je zdru\u017eljiva in enostavna za namestitev, zagotavlja brezhibno brez\u017ei\u010dno delovanje. Ostanite nemoteno povezani s to zanesljivo nadgradnjo modula kartice WiFi!<\/p>\n","protected":false},"excerpt":{"rendered":"<p>Nadgradite brez\u017ei\u010dno povezljivost svojega prenosnika eMachines E528-2325 s tem modulom kartice WiFi. U\u017eivajte v hitrej\u0161i internetni hitrosti in izbolj\u0161ani zanesljivosti va\u0161ih spletnih dejavnosti, ne glede na to, ali brskate, pretakate ali igrate igre. Ta modul kartice WiFi, zasnovan posebej za model eMachines E528-2325, zagotavlja brezhibno zdru\u017eljivost in enostavno namestitev. Poslovite se od te\u017eav s povezljivostjo in izkusite bolj gladko brez\u017ei\u010dno delovanje s to zanesljivo nadgradnjo. Investirajte v povezljivost svojega prenosnika \u0161e danes in ostanite povezani, kamor koli greste!<\/p>\n","protected":false},"featured_media":44904,"template":"","meta":[],"product_brand":[],"product_cat":[2062],"product_tag":[2092,1818],"class_list":{"0":"post-56484","1":"product","2":"type-product","3":"status-publish","4":"has-post-thumbnail","6":"product_cat-maticne-plosce-in-deli-plosc","7":"product_tag-emachines","8":"product_tag-rezervni-deli","10":"first","11":"instock","12":"taxable","13":"shipping-taxable","14":"purchasable","15":"product-type-simple"},"_links":{"self":[{"href":"https:\/\/pracek.si\/racunalniskatrgovina\/wp-json\/wp\/v2\/product\/56484","targetHints":{"allow":["GET"]}}],"collection":[{"href":"https:\/\/pracek.si\/racunalniskatrgovina\/wp-json\/wp\/v2\/product"}],"about":[{"href":"https:\/\/pracek.si\/racunalniskatrgovina\/wp-json\/wp\/v2\/types\/product"}],"version-history":[{"count":0,"href":"https:\/\/pracek.si\/racunalniskatrgovina\/wp-json\/wp\/v2\/product\/56484\/revisions"}],"wp:featuredmedia":[{"embeddable":true,"href":"https:\/\/pracek.si\/racunalniskatrgovina\/wp-json\/wp\/v2\/media\/44904"}],"wp:attachment":[{"href":"https:\/\/pracek.si\/racunalniskatrgovina\/wp-json\/wp\/v2\/media?parent=56484"}],"wp:term":[{"taxonomy":"product_brand","embeddable":true,"href":"https:\/\/pracek.si\/racunalniskatrgovina\/wp-json\/wp\/v2\/product_brand?post=56484"},{"taxonomy":"product_cat","embeddable":true,"href":"https:\/\/pracek.si\/racunalniskatrgovina\/wp-json\/wp\/v2\/product_cat?post=56484"},{"taxonomy":"product_tag","embeddable":true,"href":"https:\/\/pracek.si\/racunalniskatrgovina\/wp-json\/wp\/v2\/product_tag?post=56484"}],"curies":[{"name":"wp","href":"https:\/\/api.w.org\/{rel}","templated":true}]}}